{"id":7074,"date":"2019-02-04T13:17:29","date_gmt":"2019-02-04T12:17:29","guid":{"rendered":"http:\/\/klubmamgdynia.pl\/index.php\/produkt\/bright-junior-media-ukladam-roboty-czuczu\/"},"modified":"2026-05-17T23:00:31","modified_gmt":"2026-05-17T21:00:31","slug":"bright-junior-media-ukladam-roboty-czuczu","status":"publish","type":"product","link":"http:\/\/klubmamgdynia.pl\/index.php\/produkt\/bright-junior-media-ukladam-roboty-czuczu\/","title":{"rendered":"Bright Junior Media Uk\u0142adam Roboty Czuczu"},"content":{"rendered":"<p>Puzzle dla dzieci UK\u0141ADAM ROBOTY 3+Puzzle dla dzieci UK\u0141ADAM ROBOTY to kreatywny zestaw, z kt\u00f3rego mo\u017cna zbudowa\u0107 8 zaprojektowanych robot\u00f3w lub stworzy\u0107 zupe\u0142nie nowe, w\u0142asne i niespotykane. Wszystkie elementy puzzli mo\u017cna dowolnie zamienia\u0107 i \u0142\u0105czy\u0107. Puzzle UK\u0141ADAM ROBOTY to \u015bwietny spos\u00f3b na zainteresowanie dziecka konstruowaniem i robotyk\u0105.Puzzle dla dzieci UK\u0141ADAM ROBOTY to zestaw a\u017c 65 kolorowych puzzli, stanowi\u0105cych rozmaite elementy robot\u00f3w. Dzi\u0119ki pe\u0142nym humoru, zaskakuj\u0105cym ilustracjom, puzzle rozwijaj\u0105 kreatywno\u015b\u0107, wyobra\u017ani\u0119 oraz ucz\u0105 logicznego i kreatywnego my\u015blenia. Konstruuj\u0105c roboty dziecko uczy si\u0119 planowa\u0107, wykorzystuj\u0105c przy tym w\u0142asn\u0105 pomys\u0142owo\u015b\u0107 i inteligencj\u0119.Puzzle otrzyma\u0142y w 2019 roku wyr\u00f3\u017cnienie w konkursie Zabawka Roku.Cechy puzzli dla dzieci UK\u0141ADAM ROBOTY:puzzle sk\u0142adaj\u0105 si\u0119 z 65 element\u00f3w, z kt\u00f3rych mo\u017cna zbudowa\u0107 8 robot\u00f3w, lub tworzy\u0107 w\u0142asne projekty,elementy robot\u00f3w mo\u017cna dowolnie zamienia\u0107,kolorowe i weso\u0142e rysunki zach\u0119caj\u0105 do kreatywnej zabawy,puzzle rozwijaj\u0105 wyobra\u017ani\u0119 i umiej\u0119tno\u015b\u0107 logicznego my\u015blenia.<\/p>\n<h2>Bright Junior Media Uk\u0142adam Roboty Czuczu Bright Junior Media<\/h2>\n<p>litera y do druku, sentencje o przyja\u017ani, cytat na dzie\u0144 mamy, samoch\u00f3d kolorowanka do druku<\/p>\n<p>yyyyy<\/p>\n<p>&nbsp;<\/p>\n","protected":false},"excerpt":{"rendered":"<p>Puzzle dla dzieci UK\u0141ADAM ROBOTY 3+Puzzle dla dzieci UK\u0141ADAM ROBOTY to kreatywny zestaw, z kt\u00f3rego mo\u017cna zbudowa\u0107 8 zaprojektowanych robot\u00f3w lub stworzy\u0107 zupe\u0142nie nowe, w\u0142asne i niespotykane. Wszystkie elementy puzzli mo\u017cna dowolnie zamienia\u0107 i \u0142\u0105czy\u0107. Puzzle UK\u0141ADAM ROBOTY to \u015bwietny spos\u00f3b na zainteresowanie dziecka konstruowaniem i robotyk\u0105.Puzzle dla dzieci UK\u0141ADAM ROBOTY to zestaw a\u017c 65 [&hellip;]<\/p>\n","protected":false},"featured_media":7075,"comment_status":"closed","ping_status":"open","template":"","meta":[],"product_cat":[1530,90],"product_tag":[691,673,734,717],"class_list":["post-7074","product","type-product","status-publish","has-post-thumbnail","hentry","product_cat-bright-junior-media","product_cat-puzzle","product_tag-gabriel","product_tag-juz-blisko-koleda-tekst","product_tag-milan-imie","product_tag-prezent-roczek"],"_links":{"self":[{"href":"http:\/\/klubmamgdynia.pl\/index.php\/wp-json\/wp\/v2\/product\/7074","targetHints":{"allow":["GET"]}}],"collection":[{"href":"http:\/\/klubmamgdynia.pl\/index.php\/wp-json\/wp\/v2\/product"}],"about":[{"href":"http:\/\/klubmamgdynia.pl\/index.php\/wp-json\/wp\/v2\/types\/product"}],"replies":[{"embeddable":true,"href":"http:\/\/klubmamgdynia.pl\/index.php\/wp-json\/wp\/v2\/comments?post=7074"}],"wp:featuredmedia":[{"embeddable":true,"href":"http:\/\/klubmamgdynia.pl\/index.php\/wp-json\/wp\/v2\/media\/7075"}],"wp:attachment":[{"href":"http:\/\/klubmamgdynia.pl\/index.php\/wp-json\/wp\/v2\/media?parent=7074"}],"wp:term":[{"taxonomy":"product_cat","embeddable":true,"href":"http:\/\/klubmamgdynia.pl\/index.php\/wp-json\/wp\/v2\/product_cat?post=7074"},{"taxonomy":"product_tag","embeddable":true,"href":"http:\/\/klubmamgdynia.pl\/index.php\/wp-json\/wp\/v2\/product_tag?post=7074"}],"curies":[{"name":"wp","href":"https:\/\/api.w.org\/{rel}","templated":true}]}}