{"id":7076,"date":"2012-10-28T15:29:13","date_gmt":"2012-10-28T14:29:13","guid":{"rendered":"http:\/\/klubmamgdynia.pl\/index.php\/produkt\/rebel-miernik-uniwersalny-rb33b\/"},"modified":"2026-04-06T02:32:05","modified_gmt":"2026-04-06T00:32:05","slug":"rebel-miernik-uniwersalny-rb33b","status":"publish","type":"product","link":"http:\/\/klubmamgdynia.pl\/index.php\/produkt\/rebel-miernik-uniwersalny-rb33b\/","title":{"rendered":"Rebel Miernik Uniwersalny Rb33B"},"content":{"rendered":"<p>ZAKRESY POMIAROWENapi\u0119cie DC: 200 mV, 2000 mV, 20 V, 200 V, 500 VNapi\u0119cie AC: 200 V, 500 VNat\u0119\u017cenie pr\u0105du DC: 200 \u00b5A, 200 mA, 10 ARezystancja: 200 Ohm, 2000 Ohm, 20 kOhm, 200 kOhm, 20 MOhmTest baterii: 1,5 V, 9 VTest diodSprawdzanie ci\u0105g\u0142o\u015bci obwoduCECHY OG\u00d3LNE Pod\u015bwietlany wy\u015bwietlaczR\u0119czna zmiana zakres\u00f3w pomiarowychRozk\u0142adana podstawkaZamro\u017cenie ostatniego wskazaniaWska\u017anik niskiego poziomu bateriiPolaryzacja: automatycznaCz\u0119stotliwo\u015b\u0107 pr\u00f3bkowania: 2 razy na sekund\u0119Maksymalny odczyt: 1999Rozmiar wy\u015bwietlacza: 45 x 21 mmTemperatura pracy: 0\u00b0C ~ 40\u00b0 przy wilgotno\u015bci &#8230;<\/p>\n<h2>Rebel Miernik Uniwersalny Rb33B Rebel<\/h2>\n<p>uk\u0142ad s\u0142oneczny dla dzieci, test miko\u0142ajek 25 pyta\u0144, kolorowanki dla dziewczynek do druku, walentynka kolorowanka, kolorowanka prezent, \u017cyczenia na lany poniedzia\u0142ek wielkanocny, flagi europy quiz, psi patrol kolorowanka do druku, jakie s\u0105 dary jesieni, kolorowanka ze zdj\u0119cia, pisanki woskiem wzory<\/p>\n<p>yyyyy<\/p>\n<p>&nbsp;<\/p>\n","protected":false},"excerpt":{"rendered":"<p>ZAKRESY POMIAROWENapi\u0119cie DC: 200 mV, 2000 mV, 20 V, 200 V, 500 VNapi\u0119cie AC: 200 V, 500 VNat\u0119\u017cenie pr\u0105du DC: 200 \u00b5A, 200 mA, 10 ARezystancja: 200 Ohm, 2000 Ohm, 20 kOhm, 200 kOhm, 20 MOhmTest baterii: 1,5 V, 9 VTest diodSprawdzanie ci\u0105g\u0142o\u015bci obwoduCECHY OG\u00d3LNE Pod\u015bwietlany wy\u015bwietlaczR\u0119czna zmiana zakres\u00f3w pomiarowychRozk\u0142adana podstawkaZamro\u017cenie ostatniego wskazaniaWska\u017anik niskiego poziomu [&hellip;]<\/p>\n","protected":false},"featured_media":7077,"comment_status":"closed","ping_status":"open","template":"","meta":[],"product_cat":[1531,219],"product_tag":[821,646,587,628,608,733],"class_list":["post-7076","product","type-product","status-publish","has-post-thumbnail","hentry","product_cat-mierniki-uniwersalne","product_cat-rebel","product_tag-marianna","product_tag-prezent-na-pierwsze-urodziny","product_tag-skalne-miasto","product_tag-zagadka","product_tag-zagadki-i-odpowiedzi","product_tag-zarty-na-prima-aprilis"],"_links":{"self":[{"href":"http:\/\/klubmamgdynia.pl\/index.php\/wp-json\/wp\/v2\/product\/7076","targetHints":{"allow":["GET"]}}],"collection":[{"href":"http:\/\/klubmamgdynia.pl\/index.php\/wp-json\/wp\/v2\/product"}],"about":[{"href":"http:\/\/klubmamgdynia.pl\/index.php\/wp-json\/wp\/v2\/types\/product"}],"replies":[{"embeddable":true,"href":"http:\/\/klubmamgdynia.pl\/index.php\/wp-json\/wp\/v2\/comments?post=7076"}],"wp:featuredmedia":[{"embeddable":true,"href":"http:\/\/klubmamgdynia.pl\/index.php\/wp-json\/wp\/v2\/media\/7077"}],"wp:attachment":[{"href":"http:\/\/klubmamgdynia.pl\/index.php\/wp-json\/wp\/v2\/media?parent=7076"}],"wp:term":[{"taxonomy":"product_cat","embeddable":true,"href":"http:\/\/klubmamgdynia.pl\/index.php\/wp-json\/wp\/v2\/product_cat?post=7076"},{"taxonomy":"product_tag","embeddable":true,"href":"http:\/\/klubmamgdynia.pl\/index.php\/wp-json\/wp\/v2\/product_tag?post=7076"}],"curies":[{"name":"wp","href":"https:\/\/api.w.org\/{rel}","templated":true}]}}