{"id":7078,"date":"2024-03-27T18:52:58","date_gmt":"2024-03-27T17:52:58","guid":{"rendered":"http:\/\/klubmamgdynia.pl\/?post_type=product&#038;p=7078"},"modified":"2026-04-29T07:02:39","modified_gmt":"2026-04-29T05:02:39","slug":"big-niebieski-jezdzik-bobby-car-neo-blue","status":"publish","type":"product","link":"http:\/\/klubmamgdynia.pl\/index.php\/produkt\/big-niebieski-jezdzik-bobby-car-neo-blue\/","title":{"rendered":"Big Niebieski Je\u017cdzik Bobby Car Neo Blue"},"content":{"rendered":"<p>Je\u017adzik Big Bobby Car w kolorze niebieskim zosta\u0142 wyposa\u017cony w kierownic\u0119 z klaksonem.Nisko po\u0142o\u017cony \u015brodek ci\u0119\u017cko\u015bci pozwala na bezpieczn\u0105 i pewniejsz\u0105 nauk\u0119 pierwszych \u201ekrok\u00f3w\u201d na je\u017adziku.Je\u017adzik zosta\u0142 wyposa\u017cony w ciche ko\u0142a, kt\u00f3re sprawdz\u0105 si\u0119 doskonale na r\u00f3\u017cnych powierzchniach.Przednie k\u00f3\u0142ka s\u0105 skr\u0119tne dla wygodniejszego prowadzenia i skr\u0119cania.Maksymalne obci\u0105\u017cenie wynosi 50 kg.Wyprodukowano w Niemczech.Je\u017adzik do cz\u0119\u015bciowego monta\u017cu.<\/p>\n<h2>Big Niebieski Je\u017cdzik Bobby Car Neo Blue Big<\/h2>\n<p>miko\u0142ajek quiz, quiz o bo\u017cym narodzeniu, gdy strumyk p\u0142ynie z wolna, lego ninjago kolorowanki, m\u0105dre \u017cyczenia \u015bwi\u0105teczne, ma\u0142y ksi\u0105\u017ce cytaty o przyja\u017ani, trudne zagadki i odpowiedzi, weso\u0142e pisanki tekst, prezent dla 15 latki, uk\u0142ad s\u0142oneczny kolorowanka, cytaty dla mamy od c\u00f3rki, zaproszenia na urodziny do druku, rysunki dla pocz\u0105tkuj\u0105cych, sa\u0142atki dla dzieci, m.i.a., miastodzieci<\/p>\n<p>yyyyy<\/p>\n<p>&nbsp;<\/p>\n","protected":false},"excerpt":{"rendered":"<p>Je\u017adzik Big Bobby Car w kolorze niebieskim zosta\u0142 wyposa\u017cony w kierownic\u0119 z klaksonem.Nisko po\u0142o\u017cony \u015brodek ci\u0119\u017cko\u015bci pozwala na bezpieczn\u0105 i pewniejsz\u0105 nauk\u0119 pierwszych \u201ekrok\u00f3w\u201d na je\u017adziku.Je\u017adzik zosta\u0142 wyposa\u017cony w ciche ko\u0142a, kt\u00f3re sprawdz\u0105 si\u0119 doskonale na r\u00f3\u017cnych powierzchniach.Przednie k\u00f3\u0142ka s\u0105 skr\u0119tne dla wygodniejszego prowadzenia i skr\u0119cania.Maksymalne obci\u0105\u017cenie wynosi 50 kg.Wyprodukowano w Niemczech.Je\u017adzik do cz\u0119\u015bciowego monta\u017cu. [&hellip;]<\/p>\n","protected":false},"featured_media":7079,"comment_status":"closed","ping_status":"open","template":"","meta":[],"product_cat":[400,74],"product_tag":[827,734,614,718,809],"class_list":["post-7078","product","type-product","status-publish","has-post-thumbnail","hentry","product_cat-big","product_cat-jezdziki","product_tag-bajki-dla-niemowlat","product_tag-milan-imie","product_tag-pia","product_tag-prezent-na-roczek-dla-chrzesniaka","product_tag-zagadki"],"_links":{"self":[{"href":"http:\/\/klubmamgdynia.pl\/index.php\/wp-json\/wp\/v2\/product\/7078","targetHints":{"allow":["GET"]}}],"collection":[{"href":"http:\/\/klubmamgdynia.pl\/index.php\/wp-json\/wp\/v2\/product"}],"about":[{"href":"http:\/\/klubmamgdynia.pl\/index.php\/wp-json\/wp\/v2\/types\/product"}],"replies":[{"embeddable":true,"href":"http:\/\/klubmamgdynia.pl\/index.php\/wp-json\/wp\/v2\/comments?post=7078"}],"wp:featuredmedia":[{"embeddable":true,"href":"http:\/\/klubmamgdynia.pl\/index.php\/wp-json\/wp\/v2\/media\/7079"}],"wp:attachment":[{"href":"http:\/\/klubmamgdynia.pl\/index.php\/wp-json\/wp\/v2\/media?parent=7078"}],"wp:term":[{"taxonomy":"product_cat","embeddable":true,"href":"http:\/\/klubmamgdynia.pl\/index.php\/wp-json\/wp\/v2\/product_cat?post=7078"},{"taxonomy":"product_tag","embeddable":true,"href":"http:\/\/klubmamgdynia.pl\/index.php\/wp-json\/wp\/v2\/product_tag?post=7078"}],"curies":[{"name":"wp","href":"https:\/\/api.w.org\/{rel}","templated":true}]}}