{"id":7080,"date":"2013-01-25T09:09:33","date_gmt":"2013-01-25T08:09:33","guid":{"rendered":"http:\/\/klubmamgdynia.pl\/index.php\/produkt\/kolorowe-baloniki-naszyjnik-sophia-gwiazdka-810078035435\/"},"modified":"2026-05-17T22:02:19","modified_gmt":"2026-05-17T20:02:19","slug":"kolorowe-baloniki-naszyjnik-sophia-gwiazdka-810078035435","status":"publish","type":"product","link":"http:\/\/klubmamgdynia.pl\/index.php\/produkt\/kolorowe-baloniki-naszyjnik-sophia-gwiazdka-810078035435\/","title":{"rendered":"Kolorowe Baloniki Naszyjnik Sophia Gwiazdka (810078035435)"},"content":{"rendered":"<p>Przejrzyj si\u0119 w gwiezdnym blasku! Oto naszyjnik zdj\u0119ty prosto z nocnego nieba. Za\u0142u\u017c go i zobacz jak pi\u0119\u0107 brokatowych gwiazdek pi\u0119knie rozb\u0142y\u015bnie na twojej szyi! Na z\u0142otym \u0142a\u0144cuszku znajduje si\u0119 pi\u0119\u0107 zawieszek &#8211; gwiazdek. Ich kszta\u0142t nawi\u0105zuje do nocnego nieba, a zatopiony w nich delikatny brokat subtelnie migocze. Z\u0142oty, kulkowy \u0142a\u0144cuszek mo\u017cna regulowa\u0107. Wybie\u017c ten naszyjnik i poczuj si\u0119 jak wr\u00f3\u017cka nocy! Naszyjnik Sophia &#8211; Gwiazdka: 5 zielonych zawieszek w z \u017cywicy w kszta\u0142cie gwiazdek.Z\u0142oty \u0142a\u0144cuszek kulkowy.Regulowana d\u0142ugo\u015b\u0107: od 44 do 51 cm. NAZWA NASZYJNIK SOPHIA &#8211; GWIAZDKA PRODUCENT KOLOROWE BALONIKI EAN 0810078035435 Znajd\u017a podobne wed\u0142ug klucza: KOLOROWE_BALONIKI (491561)<\/p>\n<h2>Kolorowe Baloniki Naszyjnik Sophia Gwiazdka (810078035435) Kolorowe Baloniki<\/h2>\n<p>kolorowanka do druku lol, kolorowanki \u015bwinka peppa, kr\u00f3tkie bajki do czytania pdf, bo\u017ce narodzenie (film), praktyczny prezent dla rocznego dziecka, quizy znaki drogowe, nauka polskiego dla dzieci z ukrainy, \u017carty na prima aprilis na rodzic\u00f3w, quizy dla dzieci 7 lat, prezent dla 16 latki, jesienne zagadki, motylek<\/p>\n<p>yyyyy<\/p>\n<p>&nbsp;<\/p>\n","protected":false},"excerpt":{"rendered":"<p>Przejrzyj si\u0119 w gwiezdnym blasku! Oto naszyjnik zdj\u0119ty prosto z nocnego nieba. Za\u0142u\u017c go i zobacz jak pi\u0119\u0107 brokatowych gwiazdek pi\u0119knie rozb\u0142y\u015bnie na twojej szyi! Na z\u0142otym \u0142a\u0144cuszku znajduje si\u0119 pi\u0119\u0107 zawieszek &#8211; gwiazdek. Ich kszta\u0142t nawi\u0105zuje do nocnego nieba, a zatopiony w nich delikatny brokat subtelnie migocze. Z\u0142oty, kulkowy \u0142a\u0144cuszek mo\u017cna regulowa\u0107. Wybie\u017c ten [&hellip;]<\/p>\n","protected":false},"featured_media":7081,"comment_status":"closed","ping_status":"open","template":"","meta":[],"product_cat":[1184,295],"product_tag":[834,594,616],"class_list":["post-7080","product","type-product","status-publish","has-post-thumbnail","hentry","product_cat-kolorowe-baloniki","product_cat-pozostale-zabawki","product_tag-bajka-do-czytania-na-dobranoc","product_tag-podchwytliwe-zagadki-dla-dzieci","product_tag-test-mikolajek-25-pytan"],"_links":{"self":[{"href":"http:\/\/klubmamgdynia.pl\/index.php\/wp-json\/wp\/v2\/product\/7080","targetHints":{"allow":["GET"]}}],"collection":[{"href":"http:\/\/klubmamgdynia.pl\/index.php\/wp-json\/wp\/v2\/product"}],"about":[{"href":"http:\/\/klubmamgdynia.pl\/index.php\/wp-json\/wp\/v2\/types\/product"}],"replies":[{"embeddable":true,"href":"http:\/\/klubmamgdynia.pl\/index.php\/wp-json\/wp\/v2\/comments?post=7080"}],"wp:featuredmedia":[{"embeddable":true,"href":"http:\/\/klubmamgdynia.pl\/index.php\/wp-json\/wp\/v2\/media\/7081"}],"wp:attachment":[{"href":"http:\/\/klubmamgdynia.pl\/index.php\/wp-json\/wp\/v2\/media?parent=7080"}],"wp:term":[{"taxonomy":"product_cat","embeddable":true,"href":"http:\/\/klubmamgdynia.pl\/index.php\/wp-json\/wp\/v2\/product_cat?post=7080"},{"taxonomy":"product_tag","embeddable":true,"href":"http:\/\/klubmamgdynia.pl\/index.php\/wp-json\/wp\/v2\/product_tag?post=7080"}],"curies":[{"name":"wp","href":"https:\/\/api.w.org\/{rel}","templated":true}]}}