{"id":7082,"date":"2025-09-29T04:48:28","date_gmt":"2025-09-29T02:48:28","guid":{"rendered":"http:\/\/klubmamgdynia.pl\/?post_type=product&#038;p=7082"},"modified":"2026-04-23T08:10:30","modified_gmt":"2026-04-23T06:10:30","slug":"big-hustawka-dwuosobowa-waz-do-50-kg","status":"publish","type":"product","link":"http:\/\/klubmamgdynia.pl\/index.php\/produkt\/big-hustawka-dwuosobowa-waz-do-50-kg\/","title":{"rendered":"Big Hu\u015btawka Dwuosobowa W\u0105\u017c Do 50 Kg"},"content":{"rendered":"<p>Hu\u015btawka Dwuosobowa w kszta\u0142cie w\u0119\u017ca marki BIG zapewni \u015bwietn\u0105 zabaw\u0119 w ogrodzie dla jednego lub dwojga dzieci w tym samym czasie!Niezwykle wytrzyma\u0142y, dwu\u015bcienny materia\u0142 z odpornego na warunki atmosferyczne tworzywa sztucznego posiada antypo\u015blizgow\u0105 struktur\u0119 i zapewnia d\u0142ug\u0105 \u017cywotno\u015b\u0107 oraz beztrosk\u0105 przyjemno\u015b\u0107 z ko\u0142ysania.Atrakcj\u0105 zabawny jest czerwony j\u0119zyk w\u0119\u017ca wykonany z mi\u0119kkiego materia\u0142u, kt\u00f3ry rado\u015bnie ko\u0142ysze si\u0119 podczas bujania.Hu\u015btawka posiada miejsce dla dwojga dzieci, kt\u00f3re mog\u0105 siedzie\u0107 obok siebie, ale w dw\u00f3ch r\u00f3\u017cnych kierunkach. \u015awietnie sprawdza si\u0119 r\u00f3wnie\u017c przy samodzielnej zabawie.Dzi\u0119ki bezpiecznemu zawieszeniu hu\u015btawk\u0119 mo\u017cna przymocowa\u0107 do wszystkich zawiesze\u0144 ramowych na co najmniej dwie hu\u015btawki. Stabilna hu\u015btawka mo\u017ce obci\u0105\u017cy\u0107 do 50 kg z obu stron i ma p\u0142ynn\u0105 regulacj\u0119 wysoko\u015bci w zakresie 90 &#8211; 165 cm.Charakterystyka:- hu\u015btawka dwuosobowa o maksymalnym obci\u0105\u017ceniu 50 kg po obu stronach hu\u015btawki- z hu\u015btawki mo\u017cna na korzysta\u0107 pojedynczo- hu\u015btawka w kszta\u0142cie w\u0119\u017ca &#8211; czerwony j\u0119zyk ko\u0142ysz\u0119 si\u0119 w trakcie hu\u015btania- posiada antypo\u015blizgowe siedzisko- 2 rodzaje siedzisk &#8211; p\u0142askie oraz wkl\u0119s\u0142e- specjalne mocowania z regulacj\u0105 wysoko\u015bci w zakresie 90 &#8211; 165 cm i bezpiecznym zawieszeniem- odporna na warunki atmosferyczne &#8211; \u0142atwy monta\u017cNiemiecka jako\u015b\u0107 i solidno\u015b\u0107 &#8211; tymi dwoma okre\u015bleniami mo\u017cna bardzo trafnie opisa\u0107 producenta zabawek BIG. Firma, kt\u00f3ra siedzib\u0119 posiada za zachodni\u0105 granic\u0105 naszego kraju, specjalizuje si\u0119 w zabawkach bardzo r\u00f3\u017cnego rodzaju. Warto wyr\u00f3\u017cni\u0107 ich je\u017adziki, ale r\u00f3wnie\u017c piaskownice, czy rowerki. Posiadaj\u0105 r\u00f3wnie\u017c w ofercie klocki, przer\u00f3\u017cne bujaki, sanki, oraz pozosta\u0142e zabawki.<\/p>\n<h2>Big Hu\u015btawka Dwuosobowa W\u0105\u017c Do 50 Kg Big<\/h2>\n<p>\u017carty na prima aprilis dla mamy, smieszne zagadki, na wyspach bergamutach tekst, nauka zegara, bajki do czytania dla niemowl\u0105t, kolorowanka konie, atrakcje dla dzieci wroc\u0142aw 2021, cytaty o przyja\u017ani, kolorowanka anio\u0142ek, domowe syropy na zim\u0119<\/p>\n<p>yyyyy<\/p>\n<p>&nbsp;<\/p>\n","protected":false},"excerpt":{"rendered":"<p>Hu\u015btawka Dwuosobowa w kszta\u0142cie w\u0119\u017ca marki BIG zapewni \u015bwietn\u0105 zabaw\u0119 w ogrodzie dla jednego lub dwojga dzieci w tym samym czasie!Niezwykle wytrzyma\u0142y, dwu\u015bcienny materia\u0142 z odpornego na warunki atmosferyczne tworzywa sztucznego posiada antypo\u015blizgow\u0105 struktur\u0119 i zapewnia d\u0142ug\u0105 \u017cywotno\u015b\u0107 oraz beztrosk\u0105 przyjemno\u015b\u0107 z ko\u0142ysania.Atrakcj\u0105 zabawny jest czerwony j\u0119zyk w\u0119\u017ca wykonany z mi\u0119kkiego materia\u0142u, kt\u00f3ry rado\u015bnie ko\u0142ysze [&hellip;]<\/p>\n","protected":false},"featured_media":7083,"comment_status":"closed","ping_status":"open","template":"","meta":[],"product_cat":[400,285],"product_tag":[827,622,775,577],"class_list":["post-7082","product","type-product","status-publish","has-post-thumbnail","hentry","product_cat-big","product_cat-place-zabaw","product_tag-bajki-dla-niemowlat","product_tag-fajne-zagadki","product_tag-kolorowanki-do-druku-pokemon","product_tag-znaki-drogowe-test"],"_links":{"self":[{"href":"http:\/\/klubmamgdynia.pl\/index.php\/wp-json\/wp\/v2\/product\/7082","targetHints":{"allow":["GET"]}}],"collection":[{"href":"http:\/\/klubmamgdynia.pl\/index.php\/wp-json\/wp\/v2\/product"}],"about":[{"href":"http:\/\/klubmamgdynia.pl\/index.php\/wp-json\/wp\/v2\/types\/product"}],"replies":[{"embeddable":true,"href":"http:\/\/klubmamgdynia.pl\/index.php\/wp-json\/wp\/v2\/comments?post=7082"}],"wp:featuredmedia":[{"embeddable":true,"href":"http:\/\/klubmamgdynia.pl\/index.php\/wp-json\/wp\/v2\/media\/7083"}],"wp:attachment":[{"href":"http:\/\/klubmamgdynia.pl\/index.php\/wp-json\/wp\/v2\/media?parent=7082"}],"wp:term":[{"taxonomy":"product_cat","embeddable":true,"href":"http:\/\/klubmamgdynia.pl\/index.php\/wp-json\/wp\/v2\/product_cat?post=7082"},{"taxonomy":"product_tag","embeddable":true,"href":"http:\/\/klubmamgdynia.pl\/index.php\/wp-json\/wp\/v2\/product_tag?post=7082"}],"curies":[{"name":"wp","href":"https:\/\/api.w.org\/{rel}","templated":true}]}}