{"id":7084,"date":"2018-06-11T07:31:32","date_gmt":"2018-06-11T05:31:32","guid":{"rendered":"http:\/\/klubmamgdynia.pl\/index.php\/produkt\/epee-ultra-piasek-puszka-140g-zolty\/"},"modified":"2026-04-20T16:36:18","modified_gmt":"2026-04-20T14:36:18","slug":"epee-ultra-piasek-puszka-140g-zolty","status":"publish","type":"product","link":"http:\/\/klubmamgdynia.pl\/index.php\/produkt\/epee-ultra-piasek-puszka-140g-zolty\/","title":{"rendered":"Epee Ultra Piasek, Puszka 140G \u017b\u00f3\u0142ty"},"content":{"rendered":"<p>UltraPiasek &#8211; puszka 140 g Zabawa piaskiem jeszcze nigdy nie by\u0142a tak wci\u0105gaj\u0105ca! UltraPiasek zachowuje swoje w\u0142a\u015bciwo\u015bci i nadaje si\u0119 zar\u00f3wno do zabawy na sucho, jak i wodzie. Uformowany, zachowuje sw\u00f3j kszta\u0142t! To fantastyczna zabawa antystresowa, kt\u00f3ra zapewni dzieciom niezwyk\u0142e doznania sensoryczne. \u0141atwo si\u0119 sprz\u0105ta i nie pozostawia plam. Najlepsze w\u0142a\u015bciwo\u015bci uzyskuje w temperaturze ok. 26 stopni C&#8230;.<\/p>\n<h2>Epee Ultra Piasek, Puszka 140G \u017b\u00f3\u0142ty Epee<\/h2>\n<p>zagadki o zawodach, film o \u015bwi\u0119tach dla dzieci, test z ani z zielonego wzg\u00f3rza, dzien matki cytaty, koty kolorowanki, dyplomy do druku, Keyword, mini zoo mazowieckie, prezenty dla nastolatki<\/p>\n<p>yyyyy<\/p>\n<p>&nbsp;<\/p>\n","protected":false},"excerpt":{"rendered":"<p>UltraPiasek &#8211; puszka 140 g Zabawa piaskiem jeszcze nigdy nie by\u0142a tak wci\u0105gaj\u0105ca! UltraPiasek zachowuje swoje w\u0142a\u015bciwo\u015bci i nadaje si\u0119 zar\u00f3wno do zabawy na sucho, jak i wodzie. Uformowany, zachowuje sw\u00f3j kszta\u0142t! To fantastyczna zabawa antystresowa, kt\u00f3ra zapewni dzieciom niezwyk\u0142e doznania sensoryczne. \u0141atwo si\u0119 sprz\u0105ta i nie pozostawia plam. Najlepsze w\u0142a\u015bciwo\u015bci uzyskuje w temperaturze ok. [&hellip;]<\/p>\n","protected":false},"featured_media":7085,"comment_status":"closed","ping_status":"open","template":"","meta":[],"product_cat":[49,21],"product_tag":[680,678,586],"class_list":["post-7084","product","type-product","status-publish","has-post-thumbnail","hentry","product_cat-epee","product_cat-zabawki-plastyczne","product_tag-cytaty-z-malego-ksiecia","product_tag-prezent-na-roczek-dla-dziewczynki","product_tag-smieszne-zagadki"],"_links":{"self":[{"href":"http:\/\/klubmamgdynia.pl\/index.php\/wp-json\/wp\/v2\/product\/7084","targetHints":{"allow":["GET"]}}],"collection":[{"href":"http:\/\/klubmamgdynia.pl\/index.php\/wp-json\/wp\/v2\/product"}],"about":[{"href":"http:\/\/klubmamgdynia.pl\/index.php\/wp-json\/wp\/v2\/types\/product"}],"replies":[{"embeddable":true,"href":"http:\/\/klubmamgdynia.pl\/index.php\/wp-json\/wp\/v2\/comments?post=7084"}],"wp:featuredmedia":[{"embeddable":true,"href":"http:\/\/klubmamgdynia.pl\/index.php\/wp-json\/wp\/v2\/media\/7085"}],"wp:attachment":[{"href":"http:\/\/klubmamgdynia.pl\/index.php\/wp-json\/wp\/v2\/media?parent=7084"}],"wp:term":[{"taxonomy":"product_cat","embeddable":true,"href":"http:\/\/klubmamgdynia.pl\/index.php\/wp-json\/wp\/v2\/product_cat?post=7084"},{"taxonomy":"product_tag","embeddable":true,"href":"http:\/\/klubmamgdynia.pl\/index.php\/wp-json\/wp\/v2\/product_tag?post=7084"}],"curies":[{"name":"wp","href":"https:\/\/api.w.org\/{rel}","templated":true}]}}