{"id":7088,"date":"2019-05-16T22:45:14","date_gmt":"2019-05-16T20:45:14","guid":{"rendered":"http:\/\/klubmamgdynia.pl\/index.php\/produkt\/epee-ep-szczoteczka-z-minutnikiem-psi-patrol-p12-30014\/"},"modified":"2026-05-17T22:46:30","modified_gmt":"2026-05-17T20:46:30","slug":"epee-ep-szczoteczka-z-minutnikiem-psi-patrol-p12-30014","status":"publish","type":"product","link":"http:\/\/klubmamgdynia.pl\/index.php\/produkt\/epee-ep-szczoteczka-z-minutnikiem-psi-patrol-p12-30014\/","title":{"rendered":"Epee Ep Szczoteczka Z Minutnikiem Psi Patrol P12 30014"},"content":{"rendered":"<p>PROMOCJA &#8211; TANIA DOSTAWA ! &#8211; epee EP Szczoteczka z minutnikiem Psi Patrol p12 30014 &#8211; PACZKOMAT, POCZTA, KURIER LUB ODBI\u00d3R W GDYNI I GDA\u0143SKU<\/p>\n<h2>Epee Ep Szczoteczka Z Minutnikiem Psi Patrol P12 30014 Epee<\/h2>\n<p>dobranoc zimowo, trudne zagadki dla doros\u0142ych, darmowe quizy, bajki dla niemowlakow, krotkie zagadki, bajka terapeutyczna o dokuczaniu<\/p>\n<p>yyyyy<\/p>\n<p>&nbsp;<\/p>\n","protected":false},"excerpt":{"rendered":"<p>PROMOCJA &#8211; TANIA DOSTAWA ! &#8211; epee EP Szczoteczka z minutnikiem Psi Patrol p12 30014 &#8211; PACZKOMAT, POCZTA, KURIER LUB ODBI\u00d3R W GDYNI I GDA\u0143SKU Epee Ep Szczoteczka Z Minutnikiem Psi Patrol P12 30014 Epee dobranoc zimowo, trudne zagadki dla doros\u0142ych, darmowe quizy, bajki dla niemowlakow, krotkie zagadki, bajka terapeutyczna o dokuczaniu yyyyy &nbsp;<\/p>\n","protected":false},"featured_media":7089,"comment_status":"closed","ping_status":"open","template":"","meta":[],"product_cat":[49,901],"product_tag":[748,684,774,606],"class_list":["post-7088","product","type-product","status-publish","has-post-thumbnail","hentry","product_cat-epee","product_cat-pozostale-akcesoria-do-pielegnacji-dzieci","product_tag-okolice-wroclawia-atrakcje","product_tag-prezent-dla-dziewczynki-na-roczek","product_tag-prezent-na-roczek-nie-zabawka","product_tag-stala-pod-sniegiem"],"_links":{"self":[{"href":"http:\/\/klubmamgdynia.pl\/index.php\/wp-json\/wp\/v2\/product\/7088","targetHints":{"allow":["GET"]}}],"collection":[{"href":"http:\/\/klubmamgdynia.pl\/index.php\/wp-json\/wp\/v2\/product"}],"about":[{"href":"http:\/\/klubmamgdynia.pl\/index.php\/wp-json\/wp\/v2\/types\/product"}],"replies":[{"embeddable":true,"href":"http:\/\/klubmamgdynia.pl\/index.php\/wp-json\/wp\/v2\/comments?post=7088"}],"wp:featuredmedia":[{"embeddable":true,"href":"http:\/\/klubmamgdynia.pl\/index.php\/wp-json\/wp\/v2\/media\/7089"}],"wp:attachment":[{"href":"http:\/\/klubmamgdynia.pl\/index.php\/wp-json\/wp\/v2\/media?parent=7088"}],"wp:term":[{"taxonomy":"product_cat","embeddable":true,"href":"http:\/\/klubmamgdynia.pl\/index.php\/wp-json\/wp\/v2\/product_cat?post=7088"},{"taxonomy":"product_tag","embeddable":true,"href":"http:\/\/klubmamgdynia.pl\/index.php\/wp-json\/wp\/v2\/product_tag?post=7088"}],"curies":[{"name":"wp","href":"https:\/\/api.w.org\/{rel}","templated":true}]}}