{"id":7092,"date":"2024-04-15T23:23:29","date_gmt":"2024-04-15T21:23:29","guid":{"rendered":"http:\/\/klubmamgdynia.pl\/?post_type=product&#038;p=7092"},"modified":"2026-04-06T04:02:54","modified_gmt":"2026-04-06T02:02:54","slug":"fantasy-flight-games-x-wing-2nd-edition-phoenix-cell-squadron-pack","status":"publish","type":"product","link":"http:\/\/klubmamgdynia.pl\/index.php\/produkt\/fantasy-flight-games-x-wing-2nd-edition-phoenix-cell-squadron-pack\/","title":{"rendered":"Fantasy Flight Games X-Wing 2nd edition Phoenix Cell Squadron Pack"},"content":{"rendered":"<p>Stay on course, Ghost. Ill knock that cruiser out of your way. &#8211; Hera Syndulla, Star Wars: Rebels Band together to restore the Republic with the X-Wing 2nd ed.: Phoenix Cell Squadron Pack! As an alliance of rebel cells and resistance groups unite in the pledge to overthrow the Emperor, new heroes emerge to take up the fight. In addition to providing a A\/SF-01 B-Wing miniature and two RZ-1 A-Wing miniatures in bold new paint schemes, this Squadron Pack includes early heroes of the Rebellion such as Hera Syndulla and Ahsoka Tano, featuring new abilities and upgrades based on their appearances in Star Wars: Rebels. Stoke the fires of rebellion and add new options to your Rebel squadrons! All told, youll find 10 RZ-1 A-wing ship cards and 4 A\/SF-01 B-wing ship cards in this expansion, giving you even more pilots to choose from. Additionally, 36 upgrade cards invite you to further customize your Rebel squadrons, including upgrades designed for Epic play. Finally, seven Quick Build cards help you get these pilots and upgrades into the fight as fast as possible with convenient preset selections.<\/p>\n<h2>Fantasy Flight Games X-Wing 2nd edition Phoenix Cell Squadron Pack Rebel<\/h2>\n<p>wierszyki o marzannie, gad\u017cety dla nastolatk\u00f3w 2021, cytaty na dzie\u0144 edukacji narodowej, zygzak mcqueen kolorowanka, prezenty roczek, kolorowanki dla dzieci do druku, wierszyki na \u015bmigus dyngus, horror dla dzieci, ko\u0142ysanka dla dzieci tekst, zagadki dla dzieci 6-7 lat, pomys\u0142y na prezent dla nastolatk\u00f3w<\/p>\n<p>yyyyy<\/p>\n<p>&nbsp;<\/p>\n","protected":false},"excerpt":{"rendered":"<p>Stay on course, Ghost. Ill knock that cruiser out of your way. &#8211; Hera Syndulla, Star Wars: Rebels Band together to restore the Republic with the X-Wing 2nd ed.: Phoenix Cell Squadron Pack! As an alliance of rebel cells and resistance groups unite in the pledge to overthrow the Emperor, new heroes emerge to take [&hellip;]<\/p>\n","protected":false},"featured_media":7093,"comment_status":"closed","ping_status":"open","template":"","meta":[],"product_cat":[416,219],"product_tag":[618,616,824,799,649],"class_list":["post-7092","product","type-product","status-publish","has-post-thumbnail","hentry","product_cat-gry-figurkowe-i-bitewne","product_cat-rebel","product_tag-lato-lato-lato-czeka-tekst","product_tag-test-mikolajek-25-pytan","product_tag-warszawa-atrakcje-dla-dzieci","product_tag-zagadka-logiczna","product_tag-zagadki-dla-nastolatkow"],"_links":{"self":[{"href":"http:\/\/klubmamgdynia.pl\/index.php\/wp-json\/wp\/v2\/product\/7092","targetHints":{"allow":["GET"]}}],"collection":[{"href":"http:\/\/klubmamgdynia.pl\/index.php\/wp-json\/wp\/v2\/product"}],"about":[{"href":"http:\/\/klubmamgdynia.pl\/index.php\/wp-json\/wp\/v2\/types\/product"}],"replies":[{"embeddable":true,"href":"http:\/\/klubmamgdynia.pl\/index.php\/wp-json\/wp\/v2\/comments?post=7092"}],"wp:featuredmedia":[{"embeddable":true,"href":"http:\/\/klubmamgdynia.pl\/index.php\/wp-json\/wp\/v2\/media\/7093"}],"wp:attachment":[{"href":"http:\/\/klubmamgdynia.pl\/index.php\/wp-json\/wp\/v2\/media?parent=7092"}],"wp:term":[{"taxonomy":"product_cat","embeddable":true,"href":"http:\/\/klubmamgdynia.pl\/index.php\/wp-json\/wp\/v2\/product_cat?post=7092"},{"taxonomy":"product_tag","embeddable":true,"href":"http:\/\/klubmamgdynia.pl\/index.php\/wp-json\/wp\/v2\/product_tag?post=7092"}],"curies":[{"name":"wp","href":"https:\/\/api.w.org\/{rel}","templated":true}]}}