{"id":7094,"date":"2011-02-05T15:16:20","date_gmt":"2011-02-05T14:16:20","guid":{"rendered":"http:\/\/klubmamgdynia.pl\/index.php\/produkt\/epee-cupets-zwierzaczek-do-platformy-wirtualnej-3d-pl-12-rodzajow-gph18210\/"},"modified":"2026-04-23T13:42:58","modified_gmt":"2026-04-23T11:42:58","slug":"epee-cupets-zwierzaczek-do-platformy-wirtualnej-3d-pl-12-rodzajow-gph18210","status":"publish","type":"product","link":"http:\/\/klubmamgdynia.pl\/index.php\/produkt\/epee-cupets-zwierzaczek-do-platformy-wirtualnej-3d-pl-12-rodzajow-gph18210\/","title":{"rendered":"Epee Cupets &#8211; Zwierzaczek Do Platformy Wirtualnej 3D Pl, 12 Rodzaj\u00f3w Gph18210"},"content":{"rendered":"<p>REKLAMA TV: od 29 marca do 4 kwietnia, 2014.Najnowsza technologia! Zabawa jakiej jeszcze nie by\u0142o!Augamented Reality Rozszerzona Rzeczywisto\u015b\u0107 aplikacja \u0142\u0105cz\u0105ca \u015bwiat realny z rzeczywisto\u015bci\u0105 wirtualn\u0105, dzi\u0119ki kt\u00f3rej widzisz jak akcja dzieje si\u0119 na Twoim biurku! Nakieruj kamer\u0119 na QR kod i &#8230; zobacz jak Cupets o\u017cywa w realnym otoczeniu! Pog\u0142aszcz go i zobacz swoj\u0105 swoj\u0105 d\u0142o\u0144 w wirtualnym \u015bwiecie! Pobaw si\u0119 z nim i zobacz jak si\u0119 cieszy!Zeskanuj kod za pomoc\u0105 urz\u0105dzenia mobilnego i odkryj wirtualny \u015bwiat Cupets, a w nim wiele poziom\u00f3w wci\u0105gaj\u0105cych gier!Ca\u0142kowicie nowy zspos\u00f3b zabawy! Cupets o\u017cywa w Twoim Smartfonie lub tablecie!Kolekcja 12 zwierzaczk\u00f3w Cupets 3DINTERAKCJE Z CUPETS: 1. Opieka nad Cupets:Nakarm go! Wylecz go, gdy zaatakuj\u0105 go wirusy! Dobieraj mu dodatki! Ka\u017cdy zwierzaczek \u017cyje w swoim w\u0142asnym \u015brodowisku. Musisz o niego zadba\u0107 Wszystko to mo\u017cesz zrobi\u0107 dzi\u0119ki monetom, kt\u00f3re zbierzesz w \u015bwiecie gier Cupets.2. Umyj! Graj nim! Ubierz go!3. Gra:U\u017cyj swoich Cupets aby przechodzi\u0107 przez kolejne poziomy gry Zbieraj monety. Ka\u017cdy Cupet ma inne umiej\u0119tno\u015bci: skakanie\/latanie\/p\u0142ywanie\/niszczenie obiekt\u00f3w Interakcje mi\u0119dzy Cupets pozwol\u0105 przechodzi\u0107 trudniejsze poziomyZabawa z Cupets- Graj z nim w pi\u0142k\u0119!- Trenuj go!- Poczytaj z nim!- \u0141askocz go!- Zr\u00f3b mu zdj\u0119cie, podpisz i wy\u015blij znajomym!- Im wi\u0119cej Cupets zbierzesz, tym wi\u0119cej poziom\u00f3w uko\u0144czysz i zbierzesz wi\u0119cej monet!<\/p>\n<h2>Epee Cupets &#8211; Zwierzaczek Do Platformy Wirtualnej 3D Pl, 12 Rodzaj\u00f3w Gph18210 Epee<\/h2>\n<p>leon imi\u0119, testy z lektury tajemniczy ogr\u00f3d, zagadki dla rodziny, asiunia test z lektury, dzie\u0144 pluszowego misia<\/p>\n<p>yyyyy<\/p>\n<p>&nbsp;<\/p>\n","protected":false},"excerpt":{"rendered":"<p>REKLAMA TV: od 29 marca do 4 kwietnia, 2014.Najnowsza technologia! Zabawa jakiej jeszcze nie by\u0142o!Augamented Reality Rozszerzona Rzeczywisto\u015b\u0107 aplikacja \u0142\u0105cz\u0105ca \u015bwiat realny z rzeczywisto\u015bci\u0105 wirtualn\u0105, dzi\u0119ki kt\u00f3rej widzisz jak akcja dzieje si\u0119 na Twoim biurku! Nakieruj kamer\u0119 na QR kod i &#8230; zobacz jak Cupets o\u017cywa w realnym otoczeniu! Pog\u0142aszcz go i zobacz swoj\u0105 swoj\u0105 [&hellip;]<\/p>\n","protected":false},"featured_media":7095,"comment_status":"closed","ping_status":"open","template":"","meta":[],"product_cat":[49,39],"product_tag":[735,602,659,597],"class_list":["post-7094","product","type-product","status-publish","has-post-thumbnail","hentry","product_cat-epee","product_cat-zabawki-interaktywne","product_tag-prezent-na-roczek-dziewczynka","product_tag-quiz-o-zwierzetach-domowych","product_tag-tupu-tup-po-sniegu-tekst","product_tag-zagadki-o-zimie"],"_links":{"self":[{"href":"http:\/\/klubmamgdynia.pl\/index.php\/wp-json\/wp\/v2\/product\/7094","targetHints":{"allow":["GET"]}}],"collection":[{"href":"http:\/\/klubmamgdynia.pl\/index.php\/wp-json\/wp\/v2\/product"}],"about":[{"href":"http:\/\/klubmamgdynia.pl\/index.php\/wp-json\/wp\/v2\/types\/product"}],"replies":[{"embeddable":true,"href":"http:\/\/klubmamgdynia.pl\/index.php\/wp-json\/wp\/v2\/comments?post=7094"}],"wp:featuredmedia":[{"embeddable":true,"href":"http:\/\/klubmamgdynia.pl\/index.php\/wp-json\/wp\/v2\/media\/7095"}],"wp:attachment":[{"href":"http:\/\/klubmamgdynia.pl\/index.php\/wp-json\/wp\/v2\/media?parent=7094"}],"wp:term":[{"taxonomy":"product_cat","embeddable":true,"href":"http:\/\/klubmamgdynia.pl\/index.php\/wp-json\/wp\/v2\/product_cat?post=7094"},{"taxonomy":"product_tag","embeddable":true,"href":"http:\/\/klubmamgdynia.pl\/index.php\/wp-json\/wp\/v2\/product_tag?post=7094"}],"curies":[{"name":"wp","href":"https:\/\/api.w.org\/{rel}","templated":true}]}}