{"id":710,"date":"2023-10-15T01:39:56","date_gmt":"2023-10-14T23:39:56","guid":{"rendered":"http:\/\/klubmamgdynia.pl\/?post_type=product&#038;p=710"},"modified":"2026-05-17T20:45:04","modified_gmt":"2026-05-17T18:45:04","slug":"horizon-forbidden-west-gra-ps4","status":"publish","type":"product","link":"http:\/\/klubmamgdynia.pl\/index.php\/produkt\/horizon-forbidden-west-gra-ps4\/","title":{"rendered":"Horizon Forbidden West (Gra PS4)"},"content":{"rendered":"<p>\u00a0                            <\/p>\n<p>Powsta\u0144 z ruin &#8211;\u00a0Horizon Forbidden WestDo\u0142\u0105cz do Aloy, kt\u00f3ra wyrusza na zakazany zach\u00f3d \u2013 majestatyczne i niebezpieczne pogranicze, gdzie zmierzy si\u0119 z nowymi, tajemniczymi zagro\u017ceniami.Odkrywaj dalekie krainy, walcz z wi\u0119kszymi i bardziej niesamowitymi maszynami, a tak\u017ce poznaj nowe plemiona w postapokaliptycznym, osadzonym w dalekiej przysz\u0142o\u015bci \u015bwiecie Horizon.\u00a0\u00a0Ziemia umiera. Bezwzgl\u0119dne burze i niepowstrzymana plaga pustosz\u0105 rozproszone po \u015bwiecie skupiska ludzkie, podczas gdy nowe, przera\u017caj\u0105ce maszyny grasuj\u0105 u ich granic. \u017bycie na Ziemi chyli si\u0119 ku kolejnej zag\u0142adzie, ale nikt nie wie, dlaczego tak si\u0119 dzieje.Teraz Aloy musi odkry\u0107 tajemnice kryj\u0105ce si\u0119 za tymi zagro\u017ceniami i przywr\u00f3ci\u0107 porz\u0105dek i r\u00f3wnowag\u0119 na \u015bwiecie. W trakcie swojej wyprawy ponownie zjednoczy si\u0142y ze starymi przyjaci\u00f3\u0142mi, zawrze przymierza z nowymi, wojuj\u0105cymi frakcjami i odkryje spu\u015bcizn\u0119 staro\u017cytnej przesz\u0142o\u015bci, jednocze\u015bnie staraj\u0105c si\u0119 by\u0107 o krok przed pozornie niepokonanym nowym wrogiem.                            <\/p>\n<p>Epicki RPG akcji i przygody:Przemierz ogromny otwarty \u015bwiat \u2013 wyrusz do odleg\u0142ych krain i poznaj nowych wrog\u00f3w, bogate kultury oraz niesamowite postacie.Majestatyczne pogranicze \u2013 odkryj bujne lasy, zatopione miasta i imponuj\u0105ce g\u00f3ry w Ameryce dalekiej przysz\u0142o\u015bci.Zmierz si\u0119 z nowymi zagro\u017ceniami \u2013 we\u017a udzia\u0142 w strategicznych starciach przeciwko pot\u0119\u017cnym maszynom i ludzkim wrogom na wierzchowcach. Skorzystaj z broni, wyposa\u017cenia oraz pu\u0142apek wytworzonych z odzyskanych cz\u0119\u015bci.Ujawnij przera\u017caj\u0105ce tajemnice \u2013 odkryj tajemnic\u0119 nieuchronnej katastrofy na Ziemi i odblokuj ukryty rozdzia\u0142 w staro\u017cytnej przesz\u0142o\u015bci\u2026 kt\u00f3ry na zawsze zmieni Aloy.                            <\/p>\n<p>_<\/p>\n<h2>Horizon Forbidden West (Gra PS4) Guerrilla Games<\/h2>\n<p>prezent dla dziecka na roczek, quiz o samochodach, co kupi\u0107 na roczek dla dziewczynki, cytaty o nauczycielach, zagadki rymowane, prezent dla 17 latki, markowa, nietypowe imiona, kolorowanka peppa, aurelia imie, andrea, motto dla nauczyciela, marcel imi\u0119, gry dla m\u0142odzie\u017cy, szablon serce kolorowanka<\/p>\n<p>yyyyy<\/p>\n<p>&nbsp;<\/p>\n","protected":false},"excerpt":{"rendered":"<p>\u00a0 Powsta\u0144 z ruin &#8211;\u00a0Horizon Forbidden WestDo\u0142\u0105cz do Aloy, kt\u00f3ra wyrusza na zakazany zach\u00f3d \u2013 majestatyczne i niebezpieczne pogranicze, gdzie zmierzy si\u0119 z nowymi, tajemniczymi zagro\u017ceniami.Odkrywaj dalekie krainy, walcz z wi\u0119kszymi i bardziej niesamowitymi maszynami, a tak\u017ce poznaj nowe plemiona w postapokaliptycznym, osadzonym w dalekiej przysz\u0142o\u015bci \u015bwiecie Horizon.\u00a0\u00a0Ziemia umiera. Bezwzgl\u0119dne burze i niepowstrzymana plaga pustosz\u0105 [&hellip;]<\/p>\n","protected":false},"featured_media":711,"comment_status":"closed","ping_status":"open","template":"","meta":[],"product_cat":[203,266],"product_tag":[638,677,804,770,760],"class_list":["post-710","product","type-product","status-publish","has-post-thumbnail","hentry","product_cat-gry-playstation-4","product_cat-guerrilla-games","product_tag-miastodzieci","product_tag-milosz-imie","product_tag-ryz-z-owocami","product_tag-samolot-z-papieru","product_tag-zagadka-matematyczna"],"_links":{"self":[{"href":"http:\/\/klubmamgdynia.pl\/index.php\/wp-json\/wp\/v2\/product\/710","targetHints":{"allow":["GET"]}}],"collection":[{"href":"http:\/\/klubmamgdynia.pl\/index.php\/wp-json\/wp\/v2\/product"}],"about":[{"href":"http:\/\/klubmamgdynia.pl\/index.php\/wp-json\/wp\/v2\/types\/product"}],"replies":[{"embeddable":true,"href":"http:\/\/klubmamgdynia.pl\/index.php\/wp-json\/wp\/v2\/comments?post=710"}],"wp:featuredmedia":[{"embeddable":true,"href":"http:\/\/klubmamgdynia.pl\/index.php\/wp-json\/wp\/v2\/media\/711"}],"wp:attachment":[{"href":"http:\/\/klubmamgdynia.pl\/index.php\/wp-json\/wp\/v2\/media?parent=710"}],"wp:term":[{"taxonomy":"product_cat","embeddable":true,"href":"http:\/\/klubmamgdynia.pl\/index.php\/wp-json\/wp\/v2\/product_cat?post=710"},{"taxonomy":"product_tag","embeddable":true,"href":"http:\/\/klubmamgdynia.pl\/index.php\/wp-json\/wp\/v2\/product_tag?post=710"}],"curies":[{"name":"wp","href":"https:\/\/api.w.org\/{rel}","templated":true}]}}