{"id":7102,"date":"2024-07-30T07:44:07","date_gmt":"2024-07-30T05:44:07","guid":{"rendered":"http:\/\/klubmamgdynia.pl\/?post_type=product&#038;p=7102"},"modified":"2026-04-05T00:02:00","modified_gmt":"2026-04-04T22:02:00","slug":"kosmed-witamina-d3-dla-dzieci-spray-doustny-15ml","status":"publish","type":"product","link":"http:\/\/klubmamgdynia.pl\/index.php\/produkt\/kosmed-witamina-d3-dla-dzieci-spray-doustny-15ml\/","title":{"rendered":"Kosmed Witamina D3 Dla Dzieci Spray Doustny 15ml"},"content":{"rendered":"<p>Kosmed Witamina D3 Dla Dzieci Spray Doustny 15 mlKosmed Witamina D3 to wygodna w u\u017cyciu i szybko wch\u0142anialna forma witaminy D3. Witamina D3 zawarta w produkcie dzia\u0142a:-pomaga w prawid\u0142owym wch\u0142anianiu\/wykorzystywaniu wapnia i fosforu,-pomaga w utrzymaniu zdrowych ko\u015bci i z\u0119b\u00f3w,-pomaga w pr<\/p>\n<h2>Kosmed Witamina D3 Dla Dzieci Spray Doustny 15ml Kosmed<\/h2>\n<p>myszka miki kolorowanka, miko\u0142ajki 2021 warszawa, cytaty o nauczycielach, prezenty na urodziny dla nastolatk\u00f3w, zagadki dla dzieci 4-5 lat online, o b\u0142\u0119dne dyktando, parasol szablon do wydruku, szymon znaczenie imiona, miriam imi\u0119, test z lektury ten obcy, marcel znaczenie imienia, \u015bwinka peppa do czytania, uk\u0142ad s\u0142oneczny kolorowanka, wierszyki na \u015bmigusa dyngusa<\/p>\n<p>yyyyy<\/p>\n<p>&nbsp;<\/p>\n","protected":false},"excerpt":{"rendered":"<p>Kosmed Witamina D3 Dla Dzieci Spray Doustny 15 mlKosmed Witamina D3 to wygodna w u\u017cyciu i szybko wch\u0142anialna forma witaminy D3. Witamina D3 zawarta w produkcie dzia\u0142a:-pomaga w prawid\u0142owym wch\u0142anianiu\/wykorzystywaniu wapnia i fosforu,-pomaga w utrzymaniu zdrowych ko\u015bci i z\u0119b\u00f3w,-pomaga w pr Kosmed Witamina D3 Dla Dzieci Spray Doustny 15ml Kosmed myszka miki kolorowanka, miko\u0142ajki 2021 [&hellip;]<\/p>\n","protected":false},"featured_media":7103,"comment_status":"closed","ping_status":"open","template":"","meta":[],"product_cat":[1532,1533],"product_tag":[838,827,728,667,770,824],"class_list":["post-7102","product","type-product","status-publish","has-post-thumbnail","hentry","product_cat-kosmed","product_cat-suplementy-dla-dzieci","product_tag-bajki-dla-dzieci-na-dobranoc","product_tag-bajki-dla-niemowlat","product_tag-bezwarunkowa-milosc-do-dziecka-cytaty","product_tag-kolorowanka-lol","product_tag-samolot-z-papieru","product_tag-warszawa-atrakcje-dla-dzieci"],"_links":{"self":[{"href":"http:\/\/klubmamgdynia.pl\/index.php\/wp-json\/wp\/v2\/product\/7102","targetHints":{"allow":["GET"]}}],"collection":[{"href":"http:\/\/klubmamgdynia.pl\/index.php\/wp-json\/wp\/v2\/product"}],"about":[{"href":"http:\/\/klubmamgdynia.pl\/index.php\/wp-json\/wp\/v2\/types\/product"}],"replies":[{"embeddable":true,"href":"http:\/\/klubmamgdynia.pl\/index.php\/wp-json\/wp\/v2\/comments?post=7102"}],"wp:featuredmedia":[{"embeddable":true,"href":"http:\/\/klubmamgdynia.pl\/index.php\/wp-json\/wp\/v2\/media\/7103"}],"wp:attachment":[{"href":"http:\/\/klubmamgdynia.pl\/index.php\/wp-json\/wp\/v2\/media?parent=7102"}],"wp:term":[{"taxonomy":"product_cat","embeddable":true,"href":"http:\/\/klubmamgdynia.pl\/index.php\/wp-json\/wp\/v2\/product_cat?post=7102"},{"taxonomy":"product_tag","embeddable":true,"href":"http:\/\/klubmamgdynia.pl\/index.php\/wp-json\/wp\/v2\/product_tag?post=7102"}],"curies":[{"name":"wp","href":"https:\/\/api.w.org\/{rel}","templated":true}]}}