{"id":7104,"date":"2021-12-15T00:31:22","date_gmt":"2021-12-14T23:31:22","guid":{"rendered":"http:\/\/klubmamgdynia.pl\/index.php\/produkt\/little-tikes-duza-kosiarka-baczek-dla-dzieci-z-wirnikiem\/"},"modified":"2026-04-29T08:10:33","modified_gmt":"2026-04-29T06:10:33","slug":"little-tikes-duza-kosiarka-baczek-dla-dzieci-z-wirnikiem","status":"publish","type":"product","link":"http:\/\/klubmamgdynia.pl\/index.php\/produkt\/little-tikes-duza-kosiarka-baczek-dla-dzieci-z-wirnikiem\/","title":{"rendered":"Little Tikes Du\u017ca Kosiarka B\u0105czek Dla Dzieci Z Wirnikiem"},"content":{"rendered":"<p>DU\u017bA KOSIARKA B\u0104CZEK DLA DZIECI Z WIRNIKIEMKosiarka do zabawy dla dzieciNa\u015bladowanie doros\u0142ych to dla dzieci wspania\u0142a zabawa!Wybieraj\u0105c zabawki imituj\u0105ce prawdziwe urz\u0105dzenia, dostarczysz swojemu dziecku ogromn\u0105 porcj\u0119 rado\u015bci i pozwolisz mu wcieli\u0107 si\u0119 na chwil\u0119 w rol\u0119 doros\u0142ego!Zachwycaj\u0105ca \u017cywymi kolorami kosiarka do zabawy dla dzieci spodoba si\u0119 ka\u017cdemu maluchowi. Jest wyposa\u017cona w prosty mechanizm imituj\u0105cy rozruch silnika prawdziwej kosiarki. Produkt ten \u0142\u0105czy w sobie funkcj\u0119 atrakcyjnej zabawki z licznymi walorami edukacyjnymi.Rozwija w dziecku sprawno\u015b\u0107 fizyczn\u0105, zr\u0119czno\u015b\u0107 oraz cierpliwo\u015b\u0107. Ze wzgl\u0119du na doskona\u0142ej jako\u015bci, trwa\u0142e tworzywo kosiarka mo\u017ce s\u0142u\u017cy\u0107 do zabawy nie tylko w domu, ale r\u00f3wnie\u017c w ogrodzie.Kosiarka do zabawy w domu i w ogrodzie kolorowa i interaktywnaTa bajecznie kolorowa kosiarka z wbudowanym mechanizmem imituj\u0105cym d\u017awi\u0119ki kosiarki to znakomity prezent dla wszystkich dzieci. Przyj\u0119\u0142o si\u0119 zak\u0142ada\u0107, \u017ce kosiarka tego typu to zabawka przeznaczona do u\u017cytku wy\u0142\u0105cznie na zewn\u0105trz. Nic bardziej mylnego. Ten ma\u0142y pojazd pozwala tak\u017ce na zabaw\u0119 na urz\u0105dzonym na pod\u0142odze \u201etrawniku\u201d.Niewa\u017cne zatem, czy w mieszkaniu, czy te\u017c w domu z ogrodem w s\u0142oneczne dni \u2013 plastikowa, \u0142atwa do czyszczenia zabawka sprawdzi si\u0119 bardzo dobrze.Specyfikacja:Wymiary zabawki :Wysoko\u015b\u0107 z r\u0105czk\u0105: 56cmSzeroko\u015b\u0107 kosiarki: 24cmD\u0142ugo\u015b\u0107 kosiarki: 36cmSk\u0142adana r\u0105czkaMateria\u0142: tworzywo sztuczneWaga:0,65 kgWiek dziecka : 3+Kolor: kosiarka w 6 wariantach kolorystycznych do wyboru(czerwona, \u017c\u00f3\u0142ta, zielona, niebieska, pomara\u0144czowa, szara)Wybrany przez Pa\u0144stwa kolor prosimy wpisywa\u0107 w formularzu zam\u00f3wienia.W PRZYPADKU BRAKU PODANIA KOLORU, PRODUKT ZOSTANIE WYSY\u0141ANY LOSOWO.<\/p>\n<h2>Little Tikes Du\u017ca Kosiarka B\u0105czek Dla Dzieci Z Wirnikiem Little Tikes<\/h2>\n<p>najrzadsze imiona dla dziewczynek, domki z rolek po papierze toaletowym, kr\u00f3tkie bajki dla dzieci do czytania, co kupi\u0107 nastolatce na urodziny, tabliczka mno\u017cenia do druku, zagadki dla dzieci 7 lat o zwierz\u0119tach, maski zwierz\u0105t szablony do druku, do druku dla dzieci, kaczuszka<\/p>\n<p>yyyyy<\/p>\n<p>&nbsp;<\/p>\n","protected":false},"excerpt":{"rendered":"<p>DU\u017bA KOSIARKA B\u0104CZEK DLA DZIECI Z WIRNIKIEMKosiarka do zabawy dla dzieciNa\u015bladowanie doros\u0142ych to dla dzieci wspania\u0142a zabawa!Wybieraj\u0105c zabawki imituj\u0105ce prawdziwe urz\u0105dzenia, dostarczysz swojemu dziecku ogromn\u0105 porcj\u0119 rado\u015bci i pozwolisz mu wcieli\u0107 si\u0119 na chwil\u0119 w rol\u0119 doros\u0142ego!Zachwycaj\u0105ca \u017cywymi kolorami kosiarka do zabawy dla dzieci spodoba si\u0119 ka\u017cdemu maluchowi. Jest wyposa\u017cona w prosty mechanizm imituj\u0105cy rozruch [&hellip;]<\/p>\n","protected":false},"featured_media":7105,"comment_status":"closed","ping_status":"open","template":"","meta":[],"product_cat":[317,80],"product_tag":[845,755,851,631,717],"class_list":["post-7104","product","type-product","status-publish","has-post-thumbnail","hentry","product_cat-little-tikes","product_cat-pozostale-zabawki-ogrodowe","product_tag-ach-spij-kochanie-tekst","product_tag-henryk","product_tag-jak-narysowac-kota","product_tag-prezent-na-roczek","product_tag-prezent-roczek"],"_links":{"self":[{"href":"http:\/\/klubmamgdynia.pl\/index.php\/wp-json\/wp\/v2\/product\/7104","targetHints":{"allow":["GET"]}}],"collection":[{"href":"http:\/\/klubmamgdynia.pl\/index.php\/wp-json\/wp\/v2\/product"}],"about":[{"href":"http:\/\/klubmamgdynia.pl\/index.php\/wp-json\/wp\/v2\/types\/product"}],"replies":[{"embeddable":true,"href":"http:\/\/klubmamgdynia.pl\/index.php\/wp-json\/wp\/v2\/comments?post=7104"}],"wp:featuredmedia":[{"embeddable":true,"href":"http:\/\/klubmamgdynia.pl\/index.php\/wp-json\/wp\/v2\/media\/7105"}],"wp:attachment":[{"href":"http:\/\/klubmamgdynia.pl\/index.php\/wp-json\/wp\/v2\/media?parent=7104"}],"wp:term":[{"taxonomy":"product_cat","embeddable":true,"href":"http:\/\/klubmamgdynia.pl\/index.php\/wp-json\/wp\/v2\/product_cat?post=7104"},{"taxonomy":"product_tag","embeddable":true,"href":"http:\/\/klubmamgdynia.pl\/index.php\/wp-json\/wp\/v2\/product_tag?post=7104"}],"curies":[{"name":"wp","href":"https:\/\/api.w.org\/{rel}","templated":true}]}}