{"id":7108,"date":"2021-10-06T23:17:12","date_gmt":"2021-10-06T21:17:12","guid":{"rendered":"http:\/\/klubmamgdynia.pl\/index.php\/produkt\/starpharma-unibasis-5-plus-emulsja-do-skory-wrazliwej-130g\/"},"modified":"2026-04-28T16:11:33","modified_gmt":"2026-04-28T14:11:33","slug":"starpharma-unibasis-5-plus-emulsja-do-skory-wrazliwej-130g","status":"publish","type":"product","link":"http:\/\/klubmamgdynia.pl\/index.php\/produkt\/starpharma-unibasis-5-plus-emulsja-do-skory-wrazliwej-130g\/","title":{"rendered":"Starpharma Unibasis 5 Plus Emulsja do sk\u00f3ry wra\u017cliwej 130g"},"content":{"rendered":"<p>Starpharma Unibasis 5 Plusemulsja sk\u00f3ra wra\u017cliwa130gEmulsja Unibasis 5 Plus posiada w\u0142a\u015bciwo\u015bci nawil\u017caj\u0105ce, uelastycznia i regeneruje podra\u017cnion\u0105, atopow\u0105 sk\u00f3r\u0119. \u0141agodzi napi\u0119cie, sw\u0119dzenie \u0142uszczenie i p\u0119kanie sk\u00f3ry wysuszonej dzia\u0142aniem czynnik\u00f3w zewn\u0119trznych takich jak: s\u0142o\u0144ce, suche powietrze, woda, chemikalia itp.) lub na wskutek procesu starzenia. Dzi\u0119ki zawarto\u015bci 5% pantenolu zapewnia ulg\u0119 w oparzeniach (w tym s\u0142onecznych) i odparzeniach sk\u00f3ry. Przywraca sk\u00f3rze jej naturaln\u0105 warstw\u0119 ochronn\u0105, sprawia, \u017ce staje si\u0119 mi\u0119kka, g\u0142adka, elastyczna.ZastosowaniePiel\u0119gnacja cia\u0142a, do sk\u00f3ry wra\u017cliwej, wysuszonej, podra\u017cnionej.Spos\u00f3b u\u017cyciaEmulsj\u0119 nanie\u015b\u0107 na oczyszczon\u0105 sk\u00f3r\u0119, delikatnie masuj\u0105c do momentu do wch\u0142oni\u0119cia. Stosowa\u0107 2 razy dziennie, lub w razie konieczno\u015bci cz\u0119\u015bciej. Do u\u017cytku zewn\u0119trznego.<\/p>\n<h2>Starpharma Unibasis 5 Plus Emulsja do sk\u00f3ry wra\u017cliwej 130g Starpharma<\/h2>\n<p>po\u0142\u0105cz kropki do wydruku pdf, gry dla m\u0142odzie\u017cy, alan imie, jak zrobi\u0107 du\u017ce jajo wielkanocne, spongebob kolorowanka, lucjan imi\u0119, jak zrobi\u0107 laurk\u0119 dla babci, test zaczarowana zagroda, kiedy dzieci zbieraja cukierki na halloween, imie pola, zagadki logiczne matematyczne dla dzieci<\/p>\n<p>yyyyy<\/p>\n<p>&nbsp;<\/p>\n","protected":false},"excerpt":{"rendered":"<p>Starpharma Unibasis 5 Plusemulsja sk\u00f3ra wra\u017cliwa130gEmulsja Unibasis 5 Plus posiada w\u0142a\u015bciwo\u015bci nawil\u017caj\u0105ce, uelastycznia i regeneruje podra\u017cnion\u0105, atopow\u0105 sk\u00f3r\u0119. \u0141agodzi napi\u0119cie, sw\u0119dzenie \u0142uszczenie i p\u0119kanie sk\u00f3ry wysuszonej dzia\u0142aniem czynnik\u00f3w zewn\u0119trznych takich jak: s\u0142o\u0144ce, suche powietrze, woda, chemikalia itp.) lub na wskutek procesu starzenia. Dzi\u0119ki zawarto\u015bci 5% pantenolu zapewnia ulg\u0119 w oparzeniach (w tym s\u0142onecznych) i odparzeniach [&hellip;]<\/p>\n","protected":false},"featured_media":7109,"comment_status":"closed","ping_status":"open","template":"","meta":[],"product_cat":[134,1534],"product_tag":[700,745,651,628,597],"class_list":["post-7108","product","type-product","status-publish","has-post-thumbnail","hentry","product_cat-dermokosmetyki","product_cat-starpharma","product_tag-bajki-do-czytania-dla-dzieci","product_tag-prezent-dla-15-latki","product_tag-quizy-online","product_tag-zagadka","product_tag-zagadki-o-zimie"],"_links":{"self":[{"href":"http:\/\/klubmamgdynia.pl\/index.php\/wp-json\/wp\/v2\/product\/7108","targetHints":{"allow":["GET"]}}],"collection":[{"href":"http:\/\/klubmamgdynia.pl\/index.php\/wp-json\/wp\/v2\/product"}],"about":[{"href":"http:\/\/klubmamgdynia.pl\/index.php\/wp-json\/wp\/v2\/types\/product"}],"replies":[{"embeddable":true,"href":"http:\/\/klubmamgdynia.pl\/index.php\/wp-json\/wp\/v2\/comments?post=7108"}],"wp:featuredmedia":[{"embeddable":true,"href":"http:\/\/klubmamgdynia.pl\/index.php\/wp-json\/wp\/v2\/media\/7109"}],"wp:attachment":[{"href":"http:\/\/klubmamgdynia.pl\/index.php\/wp-json\/wp\/v2\/media?parent=7108"}],"wp:term":[{"taxonomy":"product_cat","embeddable":true,"href":"http:\/\/klubmamgdynia.pl\/index.php\/wp-json\/wp\/v2\/product_cat?post=7108"},{"taxonomy":"product_tag","embeddable":true,"href":"http:\/\/klubmamgdynia.pl\/index.php\/wp-json\/wp\/v2\/product_tag?post=7108"}],"curies":[{"name":"wp","href":"https:\/\/api.w.org\/{rel}","templated":true}]}}