{"id":7110,"date":"2021-08-18T15:49:12","date_gmt":"2021-08-18T13:49:12","guid":{"rendered":"http:\/\/klubmamgdynia.pl\/index.php\/produkt\/tm-toys-paskudniaki-figurka-z-domkiem-gross-goldfish-19411\/"},"modified":"2026-04-30T00:49:30","modified_gmt":"2026-04-29T22:49:30","slug":"tm-toys-paskudniaki-figurka-z-domkiem-gross-goldfish-19411","status":"publish","type":"product","link":"http:\/\/klubmamgdynia.pl\/index.php\/produkt\/tm-toys-paskudniaki-figurka-z-domkiem-gross-goldfish-19411\/","title":{"rendered":"TM Toys Paskudniaki Figurka z domkiem Gross Goldfish 19411"},"content":{"rendered":"<p>Paskudniaki powracaj\u0105 w nowej ods\u0142onie Ugglys Pet Shop! Kolekcjonuj, wymieniaj i baw si\u0119 najbrzydszymi i najpaskudniejszymi zwierz\u0105tkami na \u015bwiecie.Ponad 100 paskudnych figurek do zebrania w r\u00f3\u017cnych kategoriach. Zaskocz\u0105 Ci\u0119 swoim dziwnym i obrzydliwie zabawnym wygl\u0105dem. Mo\u017cesz kolekcjonowa\u0107 pojedyncze figurki lub zestawy z domkami, kt\u00f3re wydaj\u0105, przyprawiaj\u0105ce o md\u0142o\u015bci odg\u0142osy bekania, puszczania b\u0105k\u00f3w&#8230; Obrzydliwy domek wydaj\u0105cy przedziwne odg\u0142osy &#8211; w sam raz dla Twojego zwierzaka! W zestawie z figurk\u0105.Zbierz wszystkie domki i zbuduj sw\u00f3j w\u0142asny sklep ze zwierzakami.W asortymencie dost\u0119pnych jest 6 r\u00f3\u017cnych odra\u017caj\u0105cych domk\u00f3w. Ponad 30 ohydnych d\u017awi\u0119k\u00f3w. W zawiera:- domek-1 figurka zwierzaka Wiek: 5 lat+Baterie: 2 x AG13 (LR44) &#8211; za\u0142\u0105czono baterie testoweWymiary opakowania: 14 (szer) x 8 (g\u0142) x 23 (wys) cm<\/p>\n<h2>TM Toys Paskudniaki Figurka z domkiem Gross Goldfish 19411 TM Toys<\/h2>\n<p>z\u0142ote my\u015bli o przyja\u017ani, zgadywanki, rodzina sentencja, kolorowanki kotka, \u015bw przemys\u0142aw, kolysanki tekst, \u015bmieszne zagadki dla dzieci 10 lat, prezenty dla nastolatk\u00f3w, zagadki matematyczne dla przedszkolak\u00f3w, malowanie kamieni, plac zabaw warszawa<\/p>\n<p>yyyyy<\/p>\n<p>&nbsp;<\/p>\n","protected":false},"excerpt":{"rendered":"<p>Paskudniaki powracaj\u0105 w nowej ods\u0142onie Ugglys Pet Shop! Kolekcjonuj, wymieniaj i baw si\u0119 najbrzydszymi i najpaskudniejszymi zwierz\u0105tkami na \u015bwiecie.Ponad 100 paskudnych figurek do zebrania w r\u00f3\u017cnych kategoriach. Zaskocz\u0105 Ci\u0119 swoim dziwnym i obrzydliwie zabawnym wygl\u0105dem. Mo\u017cesz kolekcjonowa\u0107 pojedyncze figurki lub zestawy z domkami, kt\u00f3re wydaj\u0105, przyprawiaj\u0105ce o md\u0142o\u015bci odg\u0142osy bekania, puszczania b\u0105k\u00f3w&#8230; Obrzydliwy domek wydaj\u0105cy [&hellip;]<\/p>\n","protected":false},"featured_media":7111,"comment_status":"closed","ping_status":"open","template":"","meta":[],"product_cat":[145,39],"product_tag":[761,619,612,645,579],"class_list":["post-7110","product","type-product","status-publish","has-post-thumbnail","hentry","product_cat-tm-toys","product_cat-zabawki-interaktywne","product_tag-choinko-piekna-jak-las-tekst","product_tag-iwo-imie","product_tag-kolorowanki-do-druku","product_tag-latwe-zagadki","product_tag-quiz-opowiesci-z-narnii-lew-czarownica-i-stara-szafa"],"_links":{"self":[{"href":"http:\/\/klubmamgdynia.pl\/index.php\/wp-json\/wp\/v2\/product\/7110","targetHints":{"allow":["GET"]}}],"collection":[{"href":"http:\/\/klubmamgdynia.pl\/index.php\/wp-json\/wp\/v2\/product"}],"about":[{"href":"http:\/\/klubmamgdynia.pl\/index.php\/wp-json\/wp\/v2\/types\/product"}],"replies":[{"embeddable":true,"href":"http:\/\/klubmamgdynia.pl\/index.php\/wp-json\/wp\/v2\/comments?post=7110"}],"wp:featuredmedia":[{"embeddable":true,"href":"http:\/\/klubmamgdynia.pl\/index.php\/wp-json\/wp\/v2\/media\/7111"}],"wp:attachment":[{"href":"http:\/\/klubmamgdynia.pl\/index.php\/wp-json\/wp\/v2\/media?parent=7110"}],"wp:term":[{"taxonomy":"product_cat","embeddable":true,"href":"http:\/\/klubmamgdynia.pl\/index.php\/wp-json\/wp\/v2\/product_cat?post=7110"},{"taxonomy":"product_tag","embeddable":true,"href":"http:\/\/klubmamgdynia.pl\/index.php\/wp-json\/wp\/v2\/product_tag?post=7110"}],"curies":[{"name":"wp","href":"https:\/\/api.w.org\/{rel}","templated":true}]}}