{"id":7112,"date":"2022-08-16T13:47:49","date_gmt":"2022-08-16T11:47:49","guid":{"rendered":"http:\/\/klubmamgdynia.pl\/index.php\/produkt\/disney-princess-nail-set-iii-zestaw-upominkowy-dla-dzieci\/"},"modified":"2026-04-06T02:15:10","modified_gmt":"2026-04-06T00:15:10","slug":"disney-princess-nail-set-iii-zestaw-upominkowy-dla-dzieci","status":"publish","type":"product","link":"http:\/\/klubmamgdynia.pl\/index.php\/produkt\/disney-princess-nail-set-iii-zestaw-upominkowy-dla-dzieci\/","title":{"rendered":"Disney Princess Nail Set Iii Zestaw Upominkowy Dla Dzieci"},"content":{"rendered":"<p>Disney Princess Nail Set III zestaw upominkowy (dla dzieci) . Disney Princess Nail Set III najlepsza cena. Disney kup teraz.<\/p>\n<h2>Disney Princess Nail Set Iii Zestaw Upominkowy Dla Dzieci Disney<\/h2>\n<p>quiz kajko i kokosz szko\u0142a latania, ahmed, quizy online, podchwytliwe zagadki i odpowiedzi, zagadki wielkanocne dla dzieci, tajemniczy ogr\u00f3d test z lektury, postacie z bajek kolorowanki, cytat z ma\u0142ego ksi\u0119cia o przyja\u017ani, kajko i kokosz test z lektury, kolorowanki andrzejkowe<\/p>\n<p>yyyyy<\/p>\n<p>&nbsp;<\/p>\n","protected":false},"excerpt":{"rendered":"<p>Disney Princess Nail Set III zestaw upominkowy (dla dzieci) . Disney Princess Nail Set III najlepsza cena. Disney kup teraz. Disney Princess Nail Set Iii Zestaw Upominkowy Dla Dzieci Disney quiz kajko i kokosz szko\u0142a latania, ahmed, quizy online, podchwytliwe zagadki i odpowiedzi, zagadki wielkanocne dla dzieci, tajemniczy ogr\u00f3d test z lektury, postacie z bajek [&hellip;]<\/p>\n","protected":false},"featured_media":7113,"comment_status":"closed","ping_status":"open","template":"","meta":[],"product_cat":[275,260],"product_tag":[819,854,851,807,806],"class_list":["post-7112","product","type-product","status-publish","has-post-thumbnail","hentry","product_cat-disney","product_cat-pozostale-akcesoria-dzieciece","product_tag-co-kupic-nastolatce-na-swieta","product_tag-cytaty-rodzina","product_tag-jak-narysowac-kota","product_tag-logiczne-zagadki","product_tag-prezent-dla-dziecka-na-roczek"],"_links":{"self":[{"href":"http:\/\/klubmamgdynia.pl\/index.php\/wp-json\/wp\/v2\/product\/7112","targetHints":{"allow":["GET"]}}],"collection":[{"href":"http:\/\/klubmamgdynia.pl\/index.php\/wp-json\/wp\/v2\/product"}],"about":[{"href":"http:\/\/klubmamgdynia.pl\/index.php\/wp-json\/wp\/v2\/types\/product"}],"replies":[{"embeddable":true,"href":"http:\/\/klubmamgdynia.pl\/index.php\/wp-json\/wp\/v2\/comments?post=7112"}],"wp:featuredmedia":[{"embeddable":true,"href":"http:\/\/klubmamgdynia.pl\/index.php\/wp-json\/wp\/v2\/media\/7113"}],"wp:attachment":[{"href":"http:\/\/klubmamgdynia.pl\/index.php\/wp-json\/wp\/v2\/media?parent=7112"}],"wp:term":[{"taxonomy":"product_cat","embeddable":true,"href":"http:\/\/klubmamgdynia.pl\/index.php\/wp-json\/wp\/v2\/product_cat?post=7112"},{"taxonomy":"product_tag","embeddable":true,"href":"http:\/\/klubmamgdynia.pl\/index.php\/wp-json\/wp\/v2\/product_tag?post=7112"}],"curies":[{"name":"wp","href":"https:\/\/api.w.org\/{rel}","templated":true}]}}