{"id":7116,"date":"2013-05-24T05:00:28","date_gmt":"2013-05-24T03:00:28","guid":{"rendered":"http:\/\/klubmamgdynia.pl\/index.php\/produkt\/sowka-design-tipi-bawelna-okienko-ananas-pudrowe-cukierki\/"},"modified":"2026-04-25T01:28:19","modified_gmt":"2026-04-24T23:28:19","slug":"sowka-design-tipi-bawelna-okienko-ananas-pudrowe-cukierki","status":"publish","type":"product","link":"http:\/\/klubmamgdynia.pl\/index.php\/produkt\/sowka-design-tipi-bawelna-okienko-ananas-pudrowe-cukierki\/","title":{"rendered":"S\u00f3wka Design tipi bawe\u0142na okienko ananas pudrowe cukierki"},"content":{"rendered":"<p>Namiot Tipi dla ma\u0142ego wodza mata poduszkiEstetycznie wykonany i bezpieczny w u\u017cyciu namiot Tipi dla ma\u0142ego wodza mata poduszki, to produkt polski, dost\u0119pny w kilku wersjach kolorystycznych \u2013 \u00e9cru, niebieskiej, szarej, r\u00f3\u017cowej lub fioletowej. To doskona\u0142e miejsce do zabawy. Wyr\u00f3b mo\u017ce znajdowa\u0107 si\u0119 w pokoju zajmowanym przez pociech\u0119. Podstawa oferowanego przez nas namiotu Tipi, posiada nast\u0119puj\u0105ce wymiary: 110 cm x 110 cm, wysoko\u015b\u0107 ca\u0142kowita to 160 cm. Drewniane kijki, tworz\u0105ce konstrukcj\u0119, maj\u0105 d\u0142ugo\u015b\u0107 175 cm.6 zalet, kt\u00f3rymi wyr\u00f3\u017cnia si\u0119 namiot tipi dla ma\u0142ego wodza mata poduszkiZastosowanie bawe\u0142ny z certyfikatem jako\u015bci.Okienko z imitacj\u0105 szyby.Drewniany stela\u017c namiotu.Mato ko\u0142derka, zapewniaj\u0105ca doskona\u0142e w\u0142a\u015bciwo\u015bci izolacyjne.Dwie poduszki w zestawie.Namiot tipi posiada stabilizator, kt\u00f3ry usztywnia ca\u0142\u0105 jego konstrukcj\u0119.Dlaczego warto kupi\u0107 namiot tipi dla ma\u0142ego wodza mata poduszki?Nowoczesny namiot Tipi, to produkt, kt\u00f3rego poszycie i mata zosta\u0142y wykonane ze starannie dobranych materia\u0142\u00f3w, przyjemnych dla sk\u00f3ry. Wyr\u00f3b dost\u0119pny w wersji g\u0142adkiej i z nadrukiem. Wszystkie bawe\u0142niane elementy mo\u017cna pra\u0107 w pralce z dodatkiem \u0142agodnych detergent\u00f3w. Oferowany namiot Tipi jest \u0142atwy do monta\u017cu i demonta\u017cu. Okienko zosta\u0142o ozdobione urocz\u0105 kokard\u0105, co podwy\u017csza walory estetyczne wyrobu.Cudowny namiot Tipi z mat\u0105 i poduszk\u0105 &#8211; wyr\u00f3b stworzony z my\u015bl\u0105 o najm\u0142odszych!<\/p>\n<h2>S\u00f3wka Design tipi bawe\u0142na okienko ananas pudrowe cukierki S\u00f3wka Design<\/h2>\n<p>kolorowanki na andrzejki do wydruku, melania imi\u0119, zima z\u0142a tekst, walentynka dla syna, ko\u0142ysanki dla dzieci + tekst, miko\u0142ajek test z lektury, prezenty dla m\u0142odzie\u017cy, \u017carty na prima aprilis dla rodzic\u00f3w, kolorowanka my little pony, literki do druku, gra kulki, trudne zagadki i odpowiedzi, bardzo trudne zagadki, kolorowanka sky, bezpieczne kosmetyki do makija\u017cu dla dzieci, smerfy kolorowanka, tabliczka mno\u017cenia zadania do druku, ogr\u00f3d bajek<\/p>\n<p>yyyyy<\/p>\n<p>&nbsp;<\/p>\n","protected":false},"excerpt":{"rendered":"<p>Namiot Tipi dla ma\u0142ego wodza mata poduszkiEstetycznie wykonany i bezpieczny w u\u017cyciu namiot Tipi dla ma\u0142ego wodza mata poduszki, to produkt polski, dost\u0119pny w kilku wersjach kolorystycznych \u2013 \u00e9cru, niebieskiej, szarej, r\u00f3\u017cowej lub fioletowej. To doskona\u0142e miejsce do zabawy. Wyr\u00f3b mo\u017ce znajdowa\u0107 si\u0119 w pokoju zajmowanym przez pociech\u0119. Podstawa oferowanego przez nas namiotu Tipi, posiada [&hellip;]<\/p>\n","protected":false},"featured_media":7117,"comment_status":"closed","ping_status":"open","template":"","meta":[],"product_cat":[282,288],"product_tag":[833,801,853,699,606,632],"class_list":["post-7116","product","type-product","status-publish","has-post-thumbnail","hentry","product_cat-domki-i-namioty-dla-dzieci","product_cat-sowka-design","product_tag-bajki-dla-dzieci-do-czytania","product_tag-bajki-terapeutyczne-o-emocjach","product_tag-kolorowanki-do-druku-dla-doroslych","product_tag-kolorowanki-do-druku-dla-dziewczyn","product_tag-stala-pod-sniegiem","product_tag-warszawa-atrakcje-dla-mlodziezy"],"_links":{"self":[{"href":"http:\/\/klubmamgdynia.pl\/index.php\/wp-json\/wp\/v2\/product\/7116","targetHints":{"allow":["GET"]}}],"collection":[{"href":"http:\/\/klubmamgdynia.pl\/index.php\/wp-json\/wp\/v2\/product"}],"about":[{"href":"http:\/\/klubmamgdynia.pl\/index.php\/wp-json\/wp\/v2\/types\/product"}],"replies":[{"embeddable":true,"href":"http:\/\/klubmamgdynia.pl\/index.php\/wp-json\/wp\/v2\/comments?post=7116"}],"wp:featuredmedia":[{"embeddable":true,"href":"http:\/\/klubmamgdynia.pl\/index.php\/wp-json\/wp\/v2\/media\/7117"}],"wp:attachment":[{"href":"http:\/\/klubmamgdynia.pl\/index.php\/wp-json\/wp\/v2\/media?parent=7116"}],"wp:term":[{"taxonomy":"product_cat","embeddable":true,"href":"http:\/\/klubmamgdynia.pl\/index.php\/wp-json\/wp\/v2\/product_cat?post=7116"},{"taxonomy":"product_tag","embeddable":true,"href":"http:\/\/klubmamgdynia.pl\/index.php\/wp-json\/wp\/v2\/product_tag?post=7116"}],"curies":[{"name":"wp","href":"https:\/\/api.w.org\/{rel}","templated":true}]}}