{"id":7118,"date":"2018-08-30T01:58:30","date_gmt":"2018-08-29T23:58:30","guid":{"rendered":"http:\/\/klubmamgdynia.pl\/index.php\/produkt\/carrera-pojazd-quad-rc-red-bull-amfibia\/"},"modified":"2026-05-02T17:05:39","modified_gmt":"2026-05-02T15:05:39","slug":"carrera-pojazd-quad-rc-red-bull-amfibia","status":"publish","type":"product","link":"http:\/\/klubmamgdynia.pl\/index.php\/produkt\/carrera-pojazd-quad-rc-red-bull-amfibia\/","title":{"rendered":"Carrera Pojazd Quad Rc Red Bull Amfibia"},"content":{"rendered":"<p>Pojazd Quad RC Red Bull Amfibia Odbij si\u0119 na Red Bull QuadRed Bull to akcja i szybko\u015b\u0107. To jest dok\u0142adnie to, co zapewnia quad Carrera RC Red Bull Amphibious. Wy\u015bcigowy specjalista terenowy z grubymi ko\u0142ami sprawdza si\u0119 zar\u00f3wno na l\u0105dzie, jak i na wodzie. Gdziekolwiek si\u0119 wybierasz, szybki Quad to Twoja przeja\u017cd\u017cka w ekscytuj\u0105cy \u015bwiat akcji na trudnym torze, kt\u00f3ry zachwyci przyjaci\u00f3\u0142 nieograniczonymi przygodami.<\/p>\n<h2>Carrera Pojazd Quad Rc Red Bull Amfibia Carrera<\/h2>\n<p>wz\u00f3r drzewo genealogiczne szablon do wydruku, zagadki o przyborach szkolnych, kolorowanki ninjago, piosenka na dzie\u0144 nauczyciela przedszkole, znaki drogowe quizy, prezenty dla nastolatk\u00f3w do 50 z\u0142, litery kolorowanka<\/p>\n<p>yyyyy<\/p>\n<p>&nbsp;<\/p>\n","protected":false},"excerpt":{"rendered":"<p>Pojazd Quad RC Red Bull Amfibia Odbij si\u0119 na Red Bull QuadRed Bull to akcja i szybko\u015b\u0107. To jest dok\u0142adnie to, co zapewnia quad Carrera RC Red Bull Amphibious. Wy\u015bcigowy specjalista terenowy z grubymi ko\u0142ami sprawdza si\u0119 zar\u00f3wno na l\u0105dzie, jak i na wodzie. Gdziekolwiek si\u0119 wybierasz, szybki Quad to Twoja przeja\u017cd\u017cka w ekscytuj\u0105cy \u015bwiat [&hellip;]<\/p>\n","protected":false},"featured_media":7119,"comment_status":"closed","ping_status":"open","template":"","meta":[],"product_cat":[140,337],"product_tag":[700,740,868,824,733],"class_list":["post-7118","product","type-product","status-publish","has-post-thumbnail","hentry","product_cat-carrera","product_cat-zabawki-zdalnie-sterowane","product_tag-bajki-do-czytania-dla-dzieci","product_tag-fajne-prezenty-dla-nastolatkow","product_tag-quizy-dla-dzieci","product_tag-warszawa-atrakcje-dla-dzieci","product_tag-zarty-na-prima-aprilis"],"_links":{"self":[{"href":"http:\/\/klubmamgdynia.pl\/index.php\/wp-json\/wp\/v2\/product\/7118","targetHints":{"allow":["GET"]}}],"collection":[{"href":"http:\/\/klubmamgdynia.pl\/index.php\/wp-json\/wp\/v2\/product"}],"about":[{"href":"http:\/\/klubmamgdynia.pl\/index.php\/wp-json\/wp\/v2\/types\/product"}],"replies":[{"embeddable":true,"href":"http:\/\/klubmamgdynia.pl\/index.php\/wp-json\/wp\/v2\/comments?post=7118"}],"wp:featuredmedia":[{"embeddable":true,"href":"http:\/\/klubmamgdynia.pl\/index.php\/wp-json\/wp\/v2\/media\/7119"}],"wp:attachment":[{"href":"http:\/\/klubmamgdynia.pl\/index.php\/wp-json\/wp\/v2\/media?parent=7118"}],"wp:term":[{"taxonomy":"product_cat","embeddable":true,"href":"http:\/\/klubmamgdynia.pl\/index.php\/wp-json\/wp\/v2\/product_cat?post=7118"},{"taxonomy":"product_tag","embeddable":true,"href":"http:\/\/klubmamgdynia.pl\/index.php\/wp-json\/wp\/v2\/product_tag?post=7118"}],"curies":[{"name":"wp","href":"https:\/\/api.w.org\/{rel}","templated":true}]}}