{"id":7120,"date":"2011-08-26T23:05:45","date_gmt":"2011-08-26T21:05:45","guid":{"rendered":"http:\/\/klubmamgdynia.pl\/index.php\/produkt\/kik-pistolety-na-miekkie-kulki-kusza-zestaw\/"},"modified":"2026-04-30T19:36:44","modified_gmt":"2026-04-30T17:36:44","slug":"kik-pistolety-na-miekkie-kulki-kusza-zestaw","status":"publish","type":"product","link":"http:\/\/klubmamgdynia.pl\/index.php\/produkt\/kik-pistolety-na-miekkie-kulki-kusza-zestaw\/","title":{"rendered":"KIK Pistolety na mi\u0119kkie kulki + kusza zestaw"},"content":{"rendered":"<p>PISTOLETY NA MI\u0118KKIE KULKI + KUSZA ZESTAWSprawd\u017a swoj\u0105 celno\u015b\u0107!Wspania\u0142y zestaw zapewni mega emocjonuj\u0105c\u0105 zabaw\u0119 dla dzieci w ka\u017cdym wieku.Ta zabawka ma wszystko czego potrzebujesz, \u017ceby &#8222;ustrzeli\u0107 przeciwnika&#8221; i wygra\u0107.Zestaw broni na mi\u0119kkie kulki to propozycja wci\u0105gaj\u0105cej i niezwykle ekscytuj\u0105cej zabawy.Pakiet dw\u00f3ch pistolet\u00f3w i jednej kuszy pozwoli na zabaw\u0119 trzech os\u00f3b w jednym czasie.Zabawa wyrzutni\u0105 pomaga rozwija\u0107 koordynacj\u0119 r\u0119ka-oko oraz wspiera prawid\u0142owy rozw\u00f3j zdolno\u015bci manualnych w ramach wci\u0105gaj\u0105cej rozgrywki.Dodatkowo zabawa w grupie z r\u00f3wie\u015bnikami pozytywnie wp\u0142ywa na rozw\u00f3j kompetencji spo\u0142ecznych w tym kszta\u0142towanie prawid\u0142owej komunikacji mi\u0119dzy ludzkiej oraz umiej\u0119tno\u015bci ponoszenia przegranej i wygranej.Zabawk\u0105 zachwyceni b\u0119d\u0105 fani gier komputerowych, kt\u00f3rzy mog\u0105 przenie\u015b\u0107 swoje potyczki do prawdziwego \u015bwiata i przy tym nawet pobiega\u0107!Taka gra na \u015bwie\u017cym powietrzu wspomaga koordynacj\u0119 ruchow\u0105 i wp\u0142ywa pozytywnie na zdrowie fizyczne dziecka.Pistolet z pewno\u015bci\u0105 zach\u0119ci, ka\u017cde dziecko do sp\u0119dzania wolnego czasu na \u015bwie\u017cym powietrzu.Dziecko nabywa umiej\u0119tno\u015bci koordynacji r\u0119ka-oko, koncentracji gdy\u017c strzelenie w zamierzonym kierunku wymaga skupienia. Nasze pociechy mog\u0105 organizowa\u0107 zawody w strzelaniu, dzi\u0119ki kt\u00f3rym za pomoc\u0105 wsp\u00f3\u0142zawodnictwa naucz\u0105 si\u0119 ponoszenia przegranej jak i wygranej.Mi\u0119kkie pociski zosta\u0142y wykonane z pianki, co sprawi\u0105, \u017ce s\u0105 lekkie a przed wszystkim bezpieczne.Prosta konstrukcja i \u0142atwa obs\u0142uga sprawiaj\u0105, \u017ce zabawka jest atrakcyjna dla dzieci w r\u00f3\u017cnym przedziale wiekowym.Zawarto\u015b\u0107 zestawu:2 sztuki pistoletu na piankowe pociskikusza na piankowe pociski12 szt piankowych naboi1 strza\u0142kaWymiary pistoletu: 10cm x 10cmWymiary kuszy: 13cm x 24cm x 5cmObw\u00f3d kulki: 8cmWymiary opakowania:39 cm x 26cm x 6cm<\/p>\n<h2>KIK Pistolety na mi\u0119kkie kulki + kusza zestaw Kik<\/h2>\n<p>kolorowanka harry potter, zabawy dla 5-6 latk\u00f3w, czapka g\u00f3rnika szablon chomikuj, zagadki matematyczne dla dzieci, cytaty o macierzy\u0144stwie, zagadki dla dzieci 7 lat o zwierz\u0119tach, bajka terapeutyczna o emocjach<\/p>\n<p>yyyyy<\/p>\n<p>&nbsp;<\/p>\n","protected":false},"excerpt":{"rendered":"<p>PISTOLETY NA MI\u0118KKIE KULKI + KUSZA ZESTAWSprawd\u017a swoj\u0105 celno\u015b\u0107!Wspania\u0142y zestaw zapewni mega emocjonuj\u0105c\u0105 zabaw\u0119 dla dzieci w ka\u017cdym wieku.Ta zabawka ma wszystko czego potrzebujesz, \u017ceby &#8222;ustrzeli\u0107 przeciwnika&#8221; i wygra\u0107.Zestaw broni na mi\u0119kkie kulki to propozycja wci\u0105gaj\u0105cej i niezwykle ekscytuj\u0105cej zabawy.Pakiet dw\u00f3ch pistolet\u00f3w i jednej kuszy pozwoli na zabaw\u0119 trzech os\u00f3b w jednym czasie.Zabawa wyrzutni\u0105 pomaga [&hellip;]<\/p>\n","protected":false},"featured_media":7121,"comment_status":"closed","ping_status":"open","template":"","meta":[],"product_cat":[165,40],"product_tag":[644,655,782],"class_list":["post-7120","product","type-product","status-publish","has-post-thumbnail","hentry","product_cat-kik","product_cat-zabawki-militarne","product_tag-mia","product_tag-najlepsze-zagadki","product_tag-zagadki-dla-dzieci-z-odpowiedziami"],"_links":{"self":[{"href":"http:\/\/klubmamgdynia.pl\/index.php\/wp-json\/wp\/v2\/product\/7120","targetHints":{"allow":["GET"]}}],"collection":[{"href":"http:\/\/klubmamgdynia.pl\/index.php\/wp-json\/wp\/v2\/product"}],"about":[{"href":"http:\/\/klubmamgdynia.pl\/index.php\/wp-json\/wp\/v2\/types\/product"}],"replies":[{"embeddable":true,"href":"http:\/\/klubmamgdynia.pl\/index.php\/wp-json\/wp\/v2\/comments?post=7120"}],"wp:featuredmedia":[{"embeddable":true,"href":"http:\/\/klubmamgdynia.pl\/index.php\/wp-json\/wp\/v2\/media\/7121"}],"wp:attachment":[{"href":"http:\/\/klubmamgdynia.pl\/index.php\/wp-json\/wp\/v2\/media?parent=7120"}],"wp:term":[{"taxonomy":"product_cat","embeddable":true,"href":"http:\/\/klubmamgdynia.pl\/index.php\/wp-json\/wp\/v2\/product_cat?post=7120"},{"taxonomy":"product_tag","embeddable":true,"href":"http:\/\/klubmamgdynia.pl\/index.php\/wp-json\/wp\/v2\/product_tag?post=7120"}],"curies":[{"name":"wp","href":"https:\/\/api.w.org\/{rel}","templated":true}]}}