{"id":7124,"date":"2022-03-01T03:24:08","date_gmt":"2022-03-01T02:24:08","guid":{"rendered":"http:\/\/klubmamgdynia.pl\/index.php\/produkt\/little-tikes-uspokajajaca-wibrujaca-641435\/"},"modified":"2026-05-17T23:05:29","modified_gmt":"2026-05-17T21:05:29","slug":"little-tikes-uspokajajaca-wibrujaca-641435","status":"publish","type":"product","link":"http:\/\/klubmamgdynia.pl\/index.php\/produkt\/little-tikes-uspokajajaca-wibrujaca-641435\/","title":{"rendered":"Little Tikes Uspokajaj\u0105ca Wibruj\u0105ca 641435"},"content":{"rendered":"<p>Mata edukacyjna uspokajaj\u0105ca 3w1-pude\u0142ko Little Tikes 641435<\/p>\n<p>Mata edukacyjna uspokajaj\u0105ca 3w1 od Little Tikes to fantastyczne miejsce do zabawy. Maluch mo\u017ce bawi\u0107 si\u0119 na trzy sposoby: le\u017c\u0105c na brzuszku, na pleckach, a tak\u017ce siedz\u0105c. Cechy produktu: kod produktu: 641435 wymiary opakowania: 73,66 x 12,7 x 40 cm kategoria wiekowa: od urodzenia                            <\/p>\n<p>Wyj\u0105tkowo kolorowa mata edukacyjna 3w1 to fantastyczne centrum do zabawy dla maluszk\u00f3w w r\u00f3\u017cnym wieku. Jest barwna i doskonale zajmuje dzieci r\u00f3\u017cnorodnymi elementami. Mo\u017cemy j\u0105 wykorzysta\u0107 na trzech etapach \u017cycia maluszka. Kiedy dziecko le\u017cy na plecach, ma dost\u0119p do pi\u0119knych zabawek zawieszonych na zielonym pa\u0142\u0105ku. W\u015br\u00f3d zawieszek znajduj\u0105 si\u0119 takie, kt\u00f3re szeleszcz\u0105, grzechocz\u0105 i maj\u0105 lustereczko. Drugi etap zabawy na macie, to taki, w kt\u00f3rym dzieci le\u017c\u0105 na brzuszku. Mog\u0105 w\u00f3wczas podziwia\u0107 pi\u0119kne dekoracje maty, a tak\u017ce si\u0119ga\u0107 po zabawki przyczepione do jej brzeg\u00f3w. Trzeci etap, dla najstarszego brzd\u0105ca, to pe\u0142ny dost\u0119p do atrakcji podczas siedzenia. Mata \u015bwietnie si\u0119 sprawdzi i b\u0119dzie stymulowa\u0142a rozw\u00f3j zmys\u0142\u00f3w dziecka.<\/p>\n<h2>Little Tikes Uspokajaj\u0105ca Wibruj\u0105ca 641435 Little Tikes<\/h2>\n<p>prezent dla ch\u0142opca 7 lat, dziewczynka z parku pytania i odpowiedzi, praktyczny prezent dla rocznego dziecka, lol kolorowanki do druku, zagadki typu co to jest, kolorowanki lato, kolorowanka europa, kolorowanka potwory, imiona dla dzieci 2019, wystawy dla dzieci warszawa, uk\u0142ad s\u0142oneczny do druku, litera r do druku, zagadka, pomys\u0142 na prezent dla 15 latki, quiz bo\u017ce narodzenie, kolorowanka \u015bwi\u0105teczna do wydruku, smerfy kolorowanka, bajki dla dzieci do czytania na dobranoc, lato, proste origami dla dzieci, z\u0142ote my\u015bli pedagogiczne<\/p>\n<p>yyyyy<\/p>\n<p>&nbsp;<\/p>\n","protected":false},"excerpt":{"rendered":"<p>Mata edukacyjna uspokajaj\u0105ca 3w1-pude\u0142ko Little Tikes 641435 Mata edukacyjna uspokajaj\u0105ca 3w1 od Little Tikes to fantastyczne miejsce do zabawy. Maluch mo\u017ce bawi\u0107 si\u0119 na trzy sposoby: le\u017c\u0105c na brzuszku, na pleckach, a tak\u017ce siedz\u0105c. Cechy produktu: kod produktu: 641435 wymiary opakowania: 73,66 x 12,7 x 40 cm kategoria wiekowa: od urodzenia Wyj\u0105tkowo kolorowa mata edukacyjna [&hellip;]<\/p>\n","protected":false},"featured_media":7125,"comment_status":"closed","ping_status":"open","template":"","meta":[],"product_cat":[317,55],"product_tag":[686,685,697,793],"class_list":["post-7124","product","type-product","status-publish","has-post-thumbnail","hentry","product_cat-little-tikes","product_cat-maty-edukacyjne","product_tag-co-na-roczek-dla-chlopca","product_tag-cytaty-o-rodzinie","product_tag-krotkie-bajki-do-czytania","product_tag-zagadki-smieszne-podchwytliwe"],"_links":{"self":[{"href":"http:\/\/klubmamgdynia.pl\/index.php\/wp-json\/wp\/v2\/product\/7124","targetHints":{"allow":["GET"]}}],"collection":[{"href":"http:\/\/klubmamgdynia.pl\/index.php\/wp-json\/wp\/v2\/product"}],"about":[{"href":"http:\/\/klubmamgdynia.pl\/index.php\/wp-json\/wp\/v2\/types\/product"}],"replies":[{"embeddable":true,"href":"http:\/\/klubmamgdynia.pl\/index.php\/wp-json\/wp\/v2\/comments?post=7124"}],"wp:featuredmedia":[{"embeddable":true,"href":"http:\/\/klubmamgdynia.pl\/index.php\/wp-json\/wp\/v2\/media\/7125"}],"wp:attachment":[{"href":"http:\/\/klubmamgdynia.pl\/index.php\/wp-json\/wp\/v2\/media?parent=7124"}],"wp:term":[{"taxonomy":"product_cat","embeddable":true,"href":"http:\/\/klubmamgdynia.pl\/index.php\/wp-json\/wp\/v2\/product_cat?post=7124"},{"taxonomy":"product_tag","embeddable":true,"href":"http:\/\/klubmamgdynia.pl\/index.php\/wp-json\/wp\/v2\/product_tag?post=7124"}],"curies":[{"name":"wp","href":"https:\/\/api.w.org\/{rel}","templated":true}]}}