{"id":7126,"date":"2024-02-11T02:33:01","date_gmt":"2024-02-11T01:33:01","guid":{"rendered":"http:\/\/klubmamgdynia.pl\/?post_type=product&#038;p=7126"},"modified":"2026-04-05T19:00:05","modified_gmt":"2026-04-05T17:00:05","slug":"figurka-tiger-bunny-2-figuarts-barnaby-brooks-jr","status":"publish","type":"product","link":"http:\/\/klubmamgdynia.pl\/index.php\/produkt\/figurka-tiger-bunny-2-figuarts-barnaby-brooks-jr\/","title":{"rendered":"Figurka Tiger Bunny 2 Figuarts Barnaby Brooks Jr."},"content":{"rendered":"<p>Gratka dla ka\u017cdego fana serii.Seria: Tiger Bunny 2Posta\u0107: Barnaby BrooksWysoko\u015b\u0107 figurki: 9cmProducent: BandaiiPude\u0142ko: Box OryginalnyProdukt jest oryginalny, licencjonowany.<\/p>\n<h2>Figurka Tiger Bunny 2 Figuarts Barnaby Brooks Jr. Bandai<\/h2>\n<p>weso\u0142e pisanki tekst, mia imi\u0119, na roczek dla dziewczynki, traktor z przyczep\u0105 kolorowanka, aron, zagadki dla doros\u0142ych z odpowiedziami, z\u0142ote my\u015bli kubu\u015b puchatek cytaty, mariola, zagadki logiczne i odpowiedzi, quizy dla dzieci, imi\u0119 alan, samolot z papieru, kolorowanki lego friends, quizy dla dzieci z bajek, test magiczne drzewo czerwone krzes\u0142o, kwiecien plecien, dyplomy szablony pdf, imi\u0119 r\u00f3\u017ca, pytania wielkanocne<\/p>\n<p>yyyyy<\/p>\n<p>&nbsp;<\/p>\n","protected":false},"excerpt":{"rendered":"<p>Gratka dla ka\u017cdego fana serii.Seria: Tiger Bunny 2Posta\u0107: Barnaby BrooksWysoko\u015b\u0107 figurki: 9cmProducent: BandaiiPude\u0142ko: Box OryginalnyProdukt jest oryginalny, licencjonowany. Figurka Tiger Bunny 2 Figuarts Barnaby Brooks Jr. Bandai weso\u0142e pisanki tekst, mia imi\u0119, na roczek dla dziewczynki, traktor z przyczep\u0105 kolorowanka, aron, zagadki dla doros\u0142ych z odpowiedziami, z\u0142ote my\u015bli kubu\u015b puchatek cytaty, mariola, zagadki logiczne i [&hellip;]<\/p>\n","protected":false},"featured_media":7127,"comment_status":"closed","ping_status":"open","template":"","meta":[],"product_cat":[96,1199],"product_tag":[610,684,760],"class_list":["post-7126","product","type-product","status-publish","has-post-thumbnail","hentry","product_cat-bandai","product_cat-gadzety-filmowe","product_tag-co-na-prezent-dla-nastolatkow","product_tag-prezent-dla-dziewczynki-na-roczek","product_tag-zagadka-matematyczna"],"_links":{"self":[{"href":"http:\/\/klubmamgdynia.pl\/index.php\/wp-json\/wp\/v2\/product\/7126","targetHints":{"allow":["GET"]}}],"collection":[{"href":"http:\/\/klubmamgdynia.pl\/index.php\/wp-json\/wp\/v2\/product"}],"about":[{"href":"http:\/\/klubmamgdynia.pl\/index.php\/wp-json\/wp\/v2\/types\/product"}],"replies":[{"embeddable":true,"href":"http:\/\/klubmamgdynia.pl\/index.php\/wp-json\/wp\/v2\/comments?post=7126"}],"wp:featuredmedia":[{"embeddable":true,"href":"http:\/\/klubmamgdynia.pl\/index.php\/wp-json\/wp\/v2\/media\/7127"}],"wp:attachment":[{"href":"http:\/\/klubmamgdynia.pl\/index.php\/wp-json\/wp\/v2\/media?parent=7126"}],"wp:term":[{"taxonomy":"product_cat","embeddable":true,"href":"http:\/\/klubmamgdynia.pl\/index.php\/wp-json\/wp\/v2\/product_cat?post=7126"},{"taxonomy":"product_tag","embeddable":true,"href":"http:\/\/klubmamgdynia.pl\/index.php\/wp-json\/wp\/v2\/product_tag?post=7126"}],"curies":[{"name":"wp","href":"https:\/\/api.w.org\/{rel}","templated":true}]}}