{"id":7130,"date":"2020-03-30T00:32:09","date_gmt":"2020-03-29T22:32:09","guid":{"rendered":"http:\/\/klubmamgdynia.pl\/index.php\/produkt\/bright-junior-media-czuczu-puzzle-do-pary-zwierzata-na-wsi\/"},"modified":"2026-04-04T02:17:14","modified_gmt":"2026-04-04T00:17:14","slug":"bright-junior-media-czuczu-puzzle-do-pary-zwierzata-na-wsi","status":"publish","type":"product","link":"http:\/\/klubmamgdynia.pl\/index.php\/produkt\/bright-junior-media-czuczu-puzzle-do-pary-zwierzata-na-wsi\/","title":{"rendered":"Bright Junior Media Czuczu Puzzle Do Pary Zwierzata Na Wsi"},"content":{"rendered":"<p>Weso\u0142e zwierz\u0105tka ze wsi zapraszaj\u0105 maluchy do zabawy z puzzlami! Krok 1: uk\u0142adanki dwuelementowe. Poznajcie 15 uroczych zwierzak\u00f3w z gospodarstwa. Ka\u017cdy sk\u0142ada si\u0119 z 2 du\u017cych element\u00f3w. To \u015bwietny pomys\u0142 na pierwsze puzzle dla malucha. Puzzle inspiruj\u0105 do wielu r\u00f3\u017cnorodnych zabaw. Fantastycznie sprawdzaj\u0105 si\u0119 w domu, \u017c\u0142obku i podr\u00f3\u017cy.Zestaw zawiera 15 uk\u0142adanek (30 element\u00f3w). Pude\u0142ko o wymiarach 16,5 x 19 x 5 cm. Du\u017ce elementy s\u0105 wykonane z trwa\u0142ej tektury.Odpowiednie dla dzieci w wieku 18 mies.+. Ilustracja i forma jest dostosowana do wieku dziecka.Zabawa rozwija ma\u0142\u0105 motoryk\u0119 i wyobra\u017ani\u0119.<\/p>\n<h2>Bright Junior Media Czuczu Puzzle Do Pary Zwierzata Na Wsi Bright Junior Media<\/h2>\n<p>pomys\u0142y na dzie\u0144 dziecka dla nastolatk\u00f3w, dymitr, zabawy z 7 latkiem, wierszyk o wakacjach, miko\u0142ajek test z lektury, kolorowanka kotek do druku, cytaty o przyja\u017ani, wr\u00f3\u017cby andrzejkowe online dla dzieci, znaczenie imiona kinga, kolorowanki do druku lol, lego ninjago kolorowanka, cytaty na dzie\u0144 nauczyciela, zdrowe przepisy dla dzieci, okolice wroc\u0142awia atrakcje, maska wilka szablon, marcel imi\u0119, zaproszenia na urodziny do wydruku czarno bia\u0142e, malowanki do druku, niespotykane imiona \u017ce\u0144skie, opis o rodzinie<\/p>\n<p>yyyyy<\/p>\n<p>&nbsp;<\/p>\n","protected":false},"excerpt":{"rendered":"<p>Weso\u0142e zwierz\u0105tka ze wsi zapraszaj\u0105 maluchy do zabawy z puzzlami! Krok 1: uk\u0142adanki dwuelementowe. Poznajcie 15 uroczych zwierzak\u00f3w z gospodarstwa. Ka\u017cdy sk\u0142ada si\u0119 z 2 du\u017cych element\u00f3w. To \u015bwietny pomys\u0142 na pierwsze puzzle dla malucha. Puzzle inspiruj\u0105 do wielu r\u00f3\u017cnorodnych zabaw. Fantastycznie sprawdzaj\u0105 si\u0119 w domu, \u017c\u0142obku i podr\u00f3\u017cy.Zestaw zawiera 15 uk\u0142adanek (30 element\u00f3w). Pude\u0142ko [&hellip;]<\/p>\n","protected":false},"featured_media":7131,"comment_status":"closed","ping_status":"open","template":"","meta":[],"product_cat":[1530,90],"product_tag":[802,586,757,675,809],"class_list":["post-7130","product","type-product","status-publish","has-post-thumbnail","hentry","product_cat-bright-junior-media","product_cat-puzzle","product_tag-co-kupic-dziewczynce-na-roczek","product_tag-smieszne-zagadki","product_tag-test-z-lektury-ania-z-zielonego-wzgorza-klasa-6-z-odpowiedziami","product_tag-test-z-lektury-kajko-i-kokosz-szkola-latania","product_tag-zagadki"],"_links":{"self":[{"href":"http:\/\/klubmamgdynia.pl\/index.php\/wp-json\/wp\/v2\/product\/7130","targetHints":{"allow":["GET"]}}],"collection":[{"href":"http:\/\/klubmamgdynia.pl\/index.php\/wp-json\/wp\/v2\/product"}],"about":[{"href":"http:\/\/klubmamgdynia.pl\/index.php\/wp-json\/wp\/v2\/types\/product"}],"replies":[{"embeddable":true,"href":"http:\/\/klubmamgdynia.pl\/index.php\/wp-json\/wp\/v2\/comments?post=7130"}],"wp:featuredmedia":[{"embeddable":true,"href":"http:\/\/klubmamgdynia.pl\/index.php\/wp-json\/wp\/v2\/media\/7131"}],"wp:attachment":[{"href":"http:\/\/klubmamgdynia.pl\/index.php\/wp-json\/wp\/v2\/media?parent=7130"}],"wp:term":[{"taxonomy":"product_cat","embeddable":true,"href":"http:\/\/klubmamgdynia.pl\/index.php\/wp-json\/wp\/v2\/product_cat?post=7130"},{"taxonomy":"product_tag","embeddable":true,"href":"http:\/\/klubmamgdynia.pl\/index.php\/wp-json\/wp\/v2\/product_tag?post=7130"}],"curies":[{"name":"wp","href":"https:\/\/api.w.org\/{rel}","templated":true}]}}