{"id":7132,"date":"2025-09-13T12:47:22","date_gmt":"2025-09-13T10:47:22","guid":{"rendered":"http:\/\/klubmamgdynia.pl\/?post_type=product&#038;p=7132"},"modified":"2026-05-17T22:11:33","modified_gmt":"2026-05-17T20:11:33","slug":"rebel-koszulki-na-karty-56x87-mm-standard-usa-100-szt","status":"publish","type":"product","link":"http:\/\/klubmamgdynia.pl\/index.php\/produkt\/rebel-koszulki-na-karty-56x87-mm-standard-usa-100-szt\/","title":{"rendered":"Rebel Koszulki Na Karty 56&#215;87 mm Standard USA 100 szt."},"content":{"rendered":"<p>Opakowanie zawiera 100 koszulek na karty o rozmiarze 56&#215;87 mm.Wychodz\u0105c ku oczekiwaniom graczy prezentujemy koszulki na karty marki Rebel. Cechuje je:wysoka przejrzysto\u015b\u0107 i wytrzyma\u0142o\u015b\u0107,bezbarwno\u015b\u0107 &#8211; brak domieszek kolorystycznych (dzi\u0119ki czemu nie zmieniaj\u0105 wygl\u0105du grafik na kartach),wykonane z polipropylenu, bez domieszek polichlorku winylu (lepsza odporno\u015b\u0107 na promieniowanie s\u0142oneczne i zwi\u0119kszona elastyczno\u015b\u0107),brak absorpcji wody (ch\u0142onno\u015b\u0107 po 24h zanurzenia na poziomie 0,03%),grubo\u015b\u0107 standard &#8211; 50 mikron\u00f3w,du\u017ca ilo\u015b\u0107 w opakowaniu (100 sztuk) w atrakcyjnej cenie.Masz problem z doborem koszulek do Twojej gry? Sprawd\u017a na https:\/\/koszulki.rebel.plTen rozmiar koszulek pasuje mi\u0119dzy innymi do kart z gier: Gra o Tor, Koncept, Seria Cardline, Bang!, Ci\u0119\u017car\u00f3wk\u0105 przez Galaktyk\u0119, Wsi\u0105\u015b\u0107 do Poci\u0105gu: Europa.<\/p>\n<h2>Rebel Koszulki Na Karty 56&#215;87 mm Standard USA 100 szt. Rebel<\/h2>\n<p>atrakcje dla dzieci tr\u00f3jmiasto, tekst o rodzinie, dyplomy do druku pdf, ekskluzywny prezent na roczek, imi\u0119 natan, melania znaczenie imienia, kuku\u0142eczka kuka tekst, co oznacza imi\u0119 alan, transformers kolorowanka, by\u0142 sobie kr\u00f3l, prezent dla nastolatek, ninjago kolorowanki, dyplomy do druku pdf, krak\u00f3w atrakcje dla dzieci, lol surprise kolorowanki, dyplom do druku, adriana imi\u0119, jak si\u0119 rysuje psa, mateusz imi\u0119, zak\u0142adka do ksi\u0105\u017cki szablon, kolorowanka robot<\/p>\n<p>yyyyy<\/p>\n<p>&nbsp;<\/p>\n","protected":false},"excerpt":{"rendered":"<p>Opakowanie zawiera 100 koszulek na karty o rozmiarze 56&#215;87 mm.Wychodz\u0105c ku oczekiwaniom graczy prezentujemy koszulki na karty marki Rebel. Cechuje je:wysoka przejrzysto\u015b\u0107 i wytrzyma\u0142o\u015b\u0107,bezbarwno\u015b\u0107 &#8211; brak domieszek kolorystycznych (dzi\u0119ki czemu nie zmieniaj\u0105 wygl\u0105du grafik na kartach),wykonane z polipropylenu, bez domieszek polichlorku winylu (lepsza odporno\u015b\u0107 na promieniowanie s\u0142oneczne i zwi\u0119kszona elastyczno\u015b\u0107),brak absorpcji wody (ch\u0142onno\u015b\u0107 po 24h [&hellip;]<\/p>\n","protected":false},"featured_media":7133,"comment_status":"closed","ping_status":"open","template":"","meta":[],"product_cat":[364,219],"product_tag":[813,748,842,601],"class_list":["post-7132","product","type-product","status-publish","has-post-thumbnail","hentry","product_cat-akcesoria-do-gier","product_cat-rebel","product_tag-krotkie-zagadki-matematyczne-z-odpowiedziami","product_tag-okolice-wroclawia-atrakcje","product_tag-plac-zabaw-poznan","product_tag-zagadki-co-to-jest"],"_links":{"self":[{"href":"http:\/\/klubmamgdynia.pl\/index.php\/wp-json\/wp\/v2\/product\/7132","targetHints":{"allow":["GET"]}}],"collection":[{"href":"http:\/\/klubmamgdynia.pl\/index.php\/wp-json\/wp\/v2\/product"}],"about":[{"href":"http:\/\/klubmamgdynia.pl\/index.php\/wp-json\/wp\/v2\/types\/product"}],"replies":[{"embeddable":true,"href":"http:\/\/klubmamgdynia.pl\/index.php\/wp-json\/wp\/v2\/comments?post=7132"}],"wp:featuredmedia":[{"embeddable":true,"href":"http:\/\/klubmamgdynia.pl\/index.php\/wp-json\/wp\/v2\/media\/7133"}],"wp:attachment":[{"href":"http:\/\/klubmamgdynia.pl\/index.php\/wp-json\/wp\/v2\/media?parent=7132"}],"wp:term":[{"taxonomy":"product_cat","embeddable":true,"href":"http:\/\/klubmamgdynia.pl\/index.php\/wp-json\/wp\/v2\/product_cat?post=7132"},{"taxonomy":"product_tag","embeddable":true,"href":"http:\/\/klubmamgdynia.pl\/index.php\/wp-json\/wp\/v2\/product_tag?post=7132"}],"curies":[{"name":"wp","href":"https:\/\/api.w.org\/{rel}","templated":true}]}}