{"id":7134,"date":"2015-06-22T05:49:46","date_gmt":"2015-06-22T03:49:46","guid":{"rendered":"http:\/\/klubmamgdynia.pl\/index.php\/produkt\/starpharma-omega-3-forte-30-kaps\/"},"modified":"2026-04-23T09:55:43","modified_gmt":"2026-04-23T07:55:43","slug":"starpharma-omega-3-forte-30-kaps","status":"publish","type":"product","link":"http:\/\/klubmamgdynia.pl\/index.php\/produkt\/starpharma-omega-3-forte-30-kaps\/","title":{"rendered":"Starpharma Omega 3 Forte 30 kaps"},"content":{"rendered":"<p>Starpharma Suplement diety OMEGA 3 Forte Kwasy t\u0142uszczowe Omega 3 (EPA i DHA)W\u0142a\u015bciwo\u015bci:Suplement diety Omega 3 Forte zawiera nienasycone kwasy t\u0142uszczowe Omega-3: EPA (kwas eikozapentaenowy) i DHA (kwas dokozaheksaenowy). Kwasy t\u0142uszczowe DHA i EPA przyczyniaj\u0105 si\u0119 do prawid\u0142owego funkcjonowania serca (korzystne dzia\u0142anie wyst\u0119puje w przypadku spo\u017cywania 250 mg EPA i DHA dziennie). Produkt jest \u017ar\u00f3d\u0142em kwas\u00f3w Omega-3Sk\u0142adniki:Olej rybi w tym kwas eikozapentaenowy (EPA) i kwas dokozaheksaenowy (DHA); \u017celatyna; substancja utrzymuj\u0105ca wilgo\u0107: glicerol; woda.Zawarto\u015b\u0107 sk\u0142adnik\u00f3w w zalecanej dziennej porcji produktu:Sk\u0142adnik Zawarto\u015b\u0107 w 1 kapsu\u0142ceOlej rybi w tym: 1000 mgKwas eikozapentaenowy (EPA) 180 mgKwas dokozaheksaenowy (DHA) 120 mgZalecana porcja do spo\u017cycia w ci\u0105gu dnia niezb\u0119dna do uzyskania korzystnego dzia\u0142ania produktu:Spo\u017cywa\u0107 1 kapsu\u0142k\u0119 dziennie podczas lub bezpo\u015brednio po jedzeniu popijaj\u0105c wod\u0105. Osobom maj\u0105cym trudno\u015bci z po\u0142ykaniem zawarto\u015b\u0107 kapsu\u0142ki mo\u017cna wycisn\u0105\u0107 i podawa\u0107 z pokarmem. Nie nale\u017cy przekracza\u0107 zalecanej dziennej porcji, tj. 1 kapsu\u0142ki w ci\u0105gu dnia. Produkt przeznaczony jest dla os\u00f3b doros\u0142ych.Uwaga:Suplement diety nie mo\u017ce by\u0107 stosowany jako substytut (zamiennik) zr\u00f3\u017cnicowanej diety. Nale\u017cy pami\u0119ta\u0107 o zr\u00f3wnowa\u017conym sposobie \u017cywienia i zdrowym trybie \u017cycia.Warunki przechowywania:Przechowywa\u0107 w temperaturze pokojowej, w suchym miejscu. Chroni\u0107 przed \u015bwiat\u0142em. Przechowywa\u0107 w spos\u00f3b niedost\u0119pny dla ma\u0142ych dzieci.Opakowanie zawiera 60 kapsu\u0142ek<\/p>\n<h2>Starpharma Omega 3 Forte 30 kaps Starpharma<\/h2>\n<p>znaczenia imienia alicja, alfabet kolorowanka, test z lektury felix net i nika oraz gang niewidzialnych ludzi, zabawki na roczek dla dziewczynki, logiczne zagadki, jak narysowa\u0107 koty, bajki do czytania online<\/p>\n<p>yyyyy<\/p>\n<p>&nbsp;<\/p>\n","protected":false},"excerpt":{"rendered":"<p>Starpharma Suplement diety OMEGA 3 Forte Kwasy t\u0142uszczowe Omega 3 (EPA i DHA)W\u0142a\u015bciwo\u015bci:Suplement diety Omega 3 Forte zawiera nienasycone kwasy t\u0142uszczowe Omega-3: EPA (kwas eikozapentaenowy) i DHA (kwas dokozaheksaenowy). Kwasy t\u0142uszczowe DHA i EPA przyczyniaj\u0105 si\u0119 do prawid\u0142owego funkcjonowania serca (korzystne dzia\u0142anie wyst\u0119puje w przypadku spo\u017cywania 250 mg EPA i DHA dziennie). Produkt jest \u017ar\u00f3d\u0142em [&hellip;]<\/p>\n","protected":false},"featured_media":7135,"comment_status":"closed","ping_status":"open","template":"","meta":[],"product_cat":[187,1534],"product_tag":[668,678,783,581],"class_list":["post-7134","product","type-product","status-publish","has-post-thumbnail","hentry","product_cat-mineraly-i-witaminy","product_cat-starpharma","product_tag-atrakcje-dla-dzieci-wroclaw","product_tag-prezent-na-roczek-dla-dziewczynki","product_tag-prezenty-na-roczek-dla-chlopca","product_tag-zagadki-dla-8-latka"],"_links":{"self":[{"href":"http:\/\/klubmamgdynia.pl\/index.php\/wp-json\/wp\/v2\/product\/7134","targetHints":{"allow":["GET"]}}],"collection":[{"href":"http:\/\/klubmamgdynia.pl\/index.php\/wp-json\/wp\/v2\/product"}],"about":[{"href":"http:\/\/klubmamgdynia.pl\/index.php\/wp-json\/wp\/v2\/types\/product"}],"replies":[{"embeddable":true,"href":"http:\/\/klubmamgdynia.pl\/index.php\/wp-json\/wp\/v2\/comments?post=7134"}],"wp:featuredmedia":[{"embeddable":true,"href":"http:\/\/klubmamgdynia.pl\/index.php\/wp-json\/wp\/v2\/media\/7135"}],"wp:attachment":[{"href":"http:\/\/klubmamgdynia.pl\/index.php\/wp-json\/wp\/v2\/media?parent=7134"}],"wp:term":[{"taxonomy":"product_cat","embeddable":true,"href":"http:\/\/klubmamgdynia.pl\/index.php\/wp-json\/wp\/v2\/product_cat?post=7134"},{"taxonomy":"product_tag","embeddable":true,"href":"http:\/\/klubmamgdynia.pl\/index.php\/wp-json\/wp\/v2\/product_tag?post=7134"}],"curies":[{"name":"wp","href":"https:\/\/api.w.org\/{rel}","templated":true}]}}