{"id":7136,"date":"2023-06-17T00:39:41","date_gmt":"2023-06-16T22:39:41","guid":{"rendered":"http:\/\/klubmamgdynia.pl\/?post_type=product&#038;p=7136"},"modified":"2026-05-17T22:57:14","modified_gmt":"2026-05-17T20:57:14","slug":"hasbro-marvel-avengers-iron-man-b1494","status":"publish","type":"product","link":"http:\/\/klubmamgdynia.pl\/index.php\/produkt\/hasbro-marvel-avengers-iron-man-b1494\/","title":{"rendered":"Hasbro Marvel Avengers Iron Man B1494"},"content":{"rendered":"<p>Hasbro Marvel Avengers Iron Man B1494Oficjalna zabawka filmu Avangers &#8222;Czas Ultrona&#8221;. Wyprodukowana przez HASBRO na licencji MARVEL.Posiada ruchome r\u0119ce, nogi, tu\u0142\u00f3w oraz g\u0142ow\u0119.<\/p>\n<p>Zabawka posiada ukryty przycisk (pod klatk\u0105 piersiow\u0105), po naci\u015bni\u0119ciu kt\u00f3rego bohater wypowie lub odegra wiele fraz (d\u017awi\u0119k\u00f3w, s\u0142owa wypowiadane s\u0105 tylko w j\u0119zyku angielskim, poniewa\u017c inna wersja nie zosta\u0142a wyprodukowana przez Hasbro).<\/p>\n<p>Idealna zabawka dla m\u0142odego bohatera. Dzi\u0119ki niej Tw\u00f3j syn b\u0119dzie m\u00f3g\u0142 si\u0119 wcieli\u0107 w posta\u0107 niezwyci\u0119\u017conego Iron Mana.<\/p>\n<p>Figurka jest stabilna. Wykonana z bardzo dobrej jako\u015bci materia\u0142u. Posiada wysoko\u015b\u0107 oko\u0142o 30 cm.<\/p>\n<h2>Hasbro Marvel Avengers Iron Man B1494 Hasbro<\/h2>\n<p>kolorowanka lato, pokemon do druku, cytaty dla mamy, prezent na pierwsze urodziny, kolorowanki \u015bwi\u0105teczne do wydruku, minionki kolorowanka, test z lektury pies kt\u00f3ry je\u017adzi\u0142 kolej\u0105, babcia z dziadkiem to jest to tekst, kolorowanki do druku lol, ma\u0142y ksi\u0105\u017ce cytaty, lato lato lato czeka, kr\u00f3tkie zagadki matematyczne z odpowiedziami, jak narysowa\u0107, prezent dla ch\u0142opca na roczek, paloma, stare wierszyki dla dzieci, dziecko cytaty z\u0142ote my\u015bli, pomys\u0142 na prezent dla nastolatk\u00f3w, cytaty o przyja\u017ani kr\u00f3tkie, wy\u015bcig but\u00f3w<\/p>\n<p>yyyyy<\/p>\n<p>&nbsp;<\/p>\n","protected":false},"excerpt":{"rendered":"<p>Hasbro Marvel Avengers Iron Man B1494Oficjalna zabawka filmu Avangers &#8222;Czas Ultrona&#8221;. Wyprodukowana przez HASBRO na licencji MARVEL.Posiada ruchome r\u0119ce, nogi, tu\u0142\u00f3w oraz g\u0142ow\u0119. Zabawka posiada ukryty przycisk (pod klatk\u0105 piersiow\u0105), po naci\u015bni\u0119ciu kt\u00f3rego bohater wypowie lub odegra wiele fraz (d\u017awi\u0119k\u00f3w, s\u0142owa wypowiadane s\u0105 tylko w j\u0119zyku angielskim, poniewa\u017c inna wersja nie zosta\u0142a wyprodukowana przez Hasbro). [&hellip;]<\/p>\n","protected":false},"featured_media":7137,"comment_status":"closed","ping_status":"open","template":"","meta":[],"product_cat":[95,129],"product_tag":[831,836,789,605],"class_list":["post-7136","product","type-product","status-publish","has-post-thumbnail","hentry","product_cat-figurki-makiety-i-zestawy","product_cat-hasbro","product_tag-bruno","product_tag-co-kupic-dziecku-na-roczek","product_tag-kaczuszka","product_tag-milena"],"_links":{"self":[{"href":"http:\/\/klubmamgdynia.pl\/index.php\/wp-json\/wp\/v2\/product\/7136","targetHints":{"allow":["GET"]}}],"collection":[{"href":"http:\/\/klubmamgdynia.pl\/index.php\/wp-json\/wp\/v2\/product"}],"about":[{"href":"http:\/\/klubmamgdynia.pl\/index.php\/wp-json\/wp\/v2\/types\/product"}],"replies":[{"embeddable":true,"href":"http:\/\/klubmamgdynia.pl\/index.php\/wp-json\/wp\/v2\/comments?post=7136"}],"wp:featuredmedia":[{"embeddable":true,"href":"http:\/\/klubmamgdynia.pl\/index.php\/wp-json\/wp\/v2\/media\/7137"}],"wp:attachment":[{"href":"http:\/\/klubmamgdynia.pl\/index.php\/wp-json\/wp\/v2\/media?parent=7136"}],"wp:term":[{"taxonomy":"product_cat","embeddable":true,"href":"http:\/\/klubmamgdynia.pl\/index.php\/wp-json\/wp\/v2\/product_cat?post=7136"},{"taxonomy":"product_tag","embeddable":true,"href":"http:\/\/klubmamgdynia.pl\/index.php\/wp-json\/wp\/v2\/product_tag?post=7136"}],"curies":[{"name":"wp","href":"https:\/\/api.w.org\/{rel}","templated":true}]}}