{"id":7140,"date":"2024-08-02T14:52:12","date_gmt":"2024-08-02T12:52:12","guid":{"rendered":"http:\/\/klubmamgdynia.pl\/?post_type=product&#038;p=7140"},"modified":"2026-04-27T09:33:34","modified_gmt":"2026-04-27T07:33:34","slug":"little-tikes-wielka-zjezdzalnia-pomaranczowa-172472","status":"publish","type":"product","link":"http:\/\/klubmamgdynia.pl\/index.php\/produkt\/little-tikes-wielka-zjezdzalnia-pomaranczowa-172472\/","title":{"rendered":"Little Tikes Wielka Zje\u017cd\u017calnia Pomara\u0144czowa 172472"},"content":{"rendered":"<p>Little Tikes du\u017ca pomara\u0144czowa zje\u017cd\u017calnia                            <\/p>\n<p>Marka Little Tikes to jeden z g\u0142\u00f3wnych lider\u00f3w w\u015br\u00f3d producent\u00f3w, kt\u00f3rzy dostarczaj\u0105 zabawki ogrodowe idealnie pasuj\u0105ce do przydomowego ogr\u00f3dka czy przedszkola. Pomara\u0144czowa d\u0142uga zje\u017cd\u017calnia powsta\u0142a z my\u015bl\u0105, \u017ceby zapewni\u0107 najm\u0142odszym wspania\u0142\u0105 i bezpieczn\u0105 zabaw\u0119. Wchodzenie przez drabink\u0119 nie sprawi maluchom nawet najmniejszego k\u0142opotu, a to wszystko dzi\u0119ki zamontowanym uchwytom na r\u0105czki, kt\u00f3re znajduj\u0105 si\u0119 po bokach zje\u017cd\u017calni.                            <\/p>\n<p>Zje\u017cd\u017calnia ta posiada wysokie \u015bcianki boczne, a jej koniec jest odpowiednio zaokr\u0105glony. Ponadto, jest ona mega d\u0142uga, ma bowiem a\u017c 180 cm d\u0142ugo\u015bci, a odleg\u0142o\u015b\u0107 od pod\u0142o\u017ca do poprzeczki wynosi 44 cm. Dzi\u0119ki niej zabawy w ogr\u00f3dku nie b\u0119dzie ko\u0144ca. Dodatkowo zje\u017cd\u017calnia ta ma na celu wspomaganie rozwoju fizycznego dzieci. Ponadto, zestaw mo\u017cna z\u0142o\u017cy\u0107 w celu wygodnego przechowywania.                            <\/p>\n<p>Wielka pomara\u0144czowa zje\u017cd\u017calnia marki Little Tikes idealnie pasuje do plac\u00f3w zabaw jak i domowego ogrodu. Wspania\u0142\u0105 i bezpieczn\u0105 zabaw\u0119 gwarantuje \u015blizg 180 cm.<\/p>\n<h2>Little Tikes Wielka Zje\u017cd\u017calnia Pomara\u0144czowa 172472 Little Tikes<\/h2>\n<p>zagadki o zwierz\u0119tach dla dzieci, zagadki zagadki, kolorowanka do druku kotek, quizy ma\u0142y ksi\u0105\u017c\u0119, prezent dla dziecka 1 rok, zagadki \u015bmieszne z odpowiedziami, psi patrol kolorowanka do druku<\/p>\n<p>yyyyy<\/p>\n<p>&nbsp;<\/p>\n","protected":false},"excerpt":{"rendered":"<p>Little Tikes du\u017ca pomara\u0144czowa zje\u017cd\u017calnia Marka Little Tikes to jeden z g\u0142\u00f3wnych lider\u00f3w w\u015br\u00f3d producent\u00f3w, kt\u00f3rzy dostarczaj\u0105 zabawki ogrodowe idealnie pasuj\u0105ce do przydomowego ogr\u00f3dka czy przedszkola. Pomara\u0144czowa d\u0142uga zje\u017cd\u017calnia powsta\u0142a z my\u015bl\u0105, \u017ceby zapewni\u0107 najm\u0142odszym wspania\u0142\u0105 i bezpieczn\u0105 zabaw\u0119. Wchodzenie przez drabink\u0119 nie sprawi maluchom nawet najmniejszego k\u0142opotu, a to wszystko dzi\u0119ki zamontowanym uchwytom na [&hellip;]<\/p>\n","protected":false},"featured_media":7141,"comment_status":"closed","ping_status":"open","template":"","meta":[],"product_cat":[317,392],"product_tag":[859,631,830,788],"class_list":["post-7140","product","type-product","status-publish","has-post-thumbnail","hentry","product_cat-little-tikes","product_cat-zjezdzalnie","product_tag-dobranoc-pchly-na-noc","product_tag-prezent-na-roczek","product_tag-rodzina-cytaty","product_tag-zagadki-krotkie"],"_links":{"self":[{"href":"http:\/\/klubmamgdynia.pl\/index.php\/wp-json\/wp\/v2\/product\/7140","targetHints":{"allow":["GET"]}}],"collection":[{"href":"http:\/\/klubmamgdynia.pl\/index.php\/wp-json\/wp\/v2\/product"}],"about":[{"href":"http:\/\/klubmamgdynia.pl\/index.php\/wp-json\/wp\/v2\/types\/product"}],"replies":[{"embeddable":true,"href":"http:\/\/klubmamgdynia.pl\/index.php\/wp-json\/wp\/v2\/comments?post=7140"}],"wp:featuredmedia":[{"embeddable":true,"href":"http:\/\/klubmamgdynia.pl\/index.php\/wp-json\/wp\/v2\/media\/7141"}],"wp:attachment":[{"href":"http:\/\/klubmamgdynia.pl\/index.php\/wp-json\/wp\/v2\/media?parent=7140"}],"wp:term":[{"taxonomy":"product_cat","embeddable":true,"href":"http:\/\/klubmamgdynia.pl\/index.php\/wp-json\/wp\/v2\/product_cat?post=7140"},{"taxonomy":"product_tag","embeddable":true,"href":"http:\/\/klubmamgdynia.pl\/index.php\/wp-json\/wp\/v2\/product_tag?post=7140"}],"curies":[{"name":"wp","href":"https:\/\/api.w.org\/{rel}","templated":true}]}}