{"id":7142,"date":"2016-01-09T16:33:00","date_gmt":"2016-01-09T15:33:00","guid":{"rendered":"http:\/\/klubmamgdynia.pl\/index.php\/produkt\/smily-play-anek-mata-piankowa-remiza-strazacka-3045v\/"},"modified":"2026-04-03T22:56:58","modified_gmt":"2026-04-03T20:56:58","slug":"smily-play-anek-mata-piankowa-remiza-strazacka-3045v","status":"publish","type":"product","link":"http:\/\/klubmamgdynia.pl\/index.php\/produkt\/smily-play-anek-mata-piankowa-remiza-strazacka-3045v\/","title":{"rendered":"Smily Play Anek Mata Piankowa Remiza Stra\u017cacka 3045V"},"content":{"rendered":"<p>Anek dla dzieci Mata piankowa lotnisko z samolotem. Nietoksyczne materia\u0142y \u2013 przyjazne dla dzieci Bawi i uczy \u2013 przyjemna nauka i rozwijanie umiej\u0119tno\u015bci Wielofunkcyjna zabawka \u2013 poznaj jej mo\u017cliwo\u015bci Produkt przyjazny dla dzieci Mata piankowa Anek to \u015bwietna zabawa dla ka\u017cdego malucha. Mata przeznaczona jest dla dzieci ju\u017c od pierwszych dni \u017cycia. Produkt mo\u017cesz stosowa\u0107 jako mat\u0119, lub puzzle do uk\u0142adania. Zabawka zrobiona jest z bardzo mi\u0119kkiej i przyjemnej w dotyku pianki. Pianka jest nietoksyczna i przyjazna dla dzieci. Nauka poprzez zabaw\u0119 Mata piankowa Anek to du\u017ce puzzle z kt\u00f3rych mo\u017cesz tworzy\u0107 figury przestrzenne lub u\u017cywa\u0107 ich jako puzzli-maty. Zabawka uczy rozpoznawania kszta\u0142t\u00f3w i kolor\u00f3w. Dziecko bawi\u0105c si\u0119 tym produktem, zdobywa wiedz\u0119 z dziedziny \u015brodk\u00f3w transportu. Po\u0142\u0105cz puzzle i opowiedz dziecku co si\u0119 na nich znajduje. Poprzez budowanie, dziecko rozwija swoj\u0105 kreatywno\u015b\u0107 i wyobra\u017ani\u0119. *Zdj\u0119cia pogl\u0105dowe, nie przedstawiaj\u0105 sprzedawanego produktu.<\/p>\n<h2>Smily Play Anek Mata Piankowa Remiza Stra\u017cacka 3045V Smily Play<\/h2>\n<p>karty pracy dla uczni\u00f3w z ukrainy, miasto dzieci.pl, zimowe zagadki dla dzieci, sporty po francusku, ozdoby \u015bwi\u0105teczne z rolek po papierze toaletowym, cytaty o przyja\u017ani \u015bmieszne, ju\u017c blisko kol\u0119da tekst, kr\u00f3tkie bajki do czytania na dobranoc, spiderman kolorowanka, przys\u0142owia o rodzinie, wiosenne zagadki, trudne zadania matematyczne, piosenki na dobranoc tekst, kolorowanki lol do druku, kolorowanki bajki, kotki kolorowanka, cytaty korczaka, felix net i nika oraz gang niewidzialnych ludzi quiz, mini zoo mazowieckie, jak zrobi\u0107 wulkan<\/p>\n<p>yyyyy<\/p>\n<p>&nbsp;<\/p>\n","protected":false},"excerpt":{"rendered":"<p>Anek dla dzieci Mata piankowa lotnisko z samolotem. Nietoksyczne materia\u0142y \u2013 przyjazne dla dzieci Bawi i uczy \u2013 przyjemna nauka i rozwijanie umiej\u0119tno\u015bci Wielofunkcyjna zabawka \u2013 poznaj jej mo\u017cliwo\u015bci Produkt przyjazny dla dzieci Mata piankowa Anek to \u015bwietna zabawa dla ka\u017cdego malucha. Mata przeznaczona jest dla dzieci ju\u017c od pierwszych dni \u017cycia. Produkt mo\u017cesz stosowa\u0107 [&hellip;]<\/p>\n","protected":false},"featured_media":7143,"comment_status":"closed","ping_status":"open","template":"","meta":[],"product_cat":[95,62],"product_tag":[722,784,814,698,725],"class_list":["post-7142","product","type-product","status-publish","has-post-thumbnail","hentry","product_cat-figurki-makiety-i-zestawy","product_cat-smily-play","product_tag-cytaty-o-przyjazni","product_tag-hymn-gorniczy","product_tag-prezenty-dla-nastolatek","product_tag-zagadki-dla-przedszkolakow","product_tag-zgadywanki"],"_links":{"self":[{"href":"http:\/\/klubmamgdynia.pl\/index.php\/wp-json\/wp\/v2\/product\/7142","targetHints":{"allow":["GET"]}}],"collection":[{"href":"http:\/\/klubmamgdynia.pl\/index.php\/wp-json\/wp\/v2\/product"}],"about":[{"href":"http:\/\/klubmamgdynia.pl\/index.php\/wp-json\/wp\/v2\/types\/product"}],"replies":[{"embeddable":true,"href":"http:\/\/klubmamgdynia.pl\/index.php\/wp-json\/wp\/v2\/comments?post=7142"}],"wp:featuredmedia":[{"embeddable":true,"href":"http:\/\/klubmamgdynia.pl\/index.php\/wp-json\/wp\/v2\/media\/7143"}],"wp:attachment":[{"href":"http:\/\/klubmamgdynia.pl\/index.php\/wp-json\/wp\/v2\/media?parent=7142"}],"wp:term":[{"taxonomy":"product_cat","embeddable":true,"href":"http:\/\/klubmamgdynia.pl\/index.php\/wp-json\/wp\/v2\/product_cat?post=7142"},{"taxonomy":"product_tag","embeddable":true,"href":"http:\/\/klubmamgdynia.pl\/index.php\/wp-json\/wp\/v2\/product_tag?post=7142"}],"curies":[{"name":"wp","href":"https:\/\/api.w.org\/{rel}","templated":true}]}}