{"id":7146,"date":"2022-09-13T01:38:36","date_gmt":"2022-09-12T23:38:36","guid":{"rendered":"http:\/\/klubmamgdynia.pl\/index.php\/produkt\/the-curse-of-monkey-island-digital\/"},"modified":"2026-04-23T13:28:11","modified_gmt":"2026-04-23T11:28:11","slug":"the-curse-of-monkey-island-digital","status":"publish","type":"product","link":"http:\/\/klubmamgdynia.pl\/index.php\/produkt\/the-curse-of-monkey-island-digital\/","title":{"rendered":"The Curse of Monkey Island (Digital)"},"content":{"rendered":"<p>Ive sailed the seas from Trinidad to Tortuga and Ive never seen anything like it! The engagement ring I gave Elaine has a terrible pirate curse on it. LeChuck is behind it, Im sure. I should have known that nothing good could come out of that evil zombies treaures. And if thats not bad enough, the clairvoyant I met in the mangrove swamp told me that if I am to break the curse and save Elaine, I will have to die!Excerpted from &#8222;The Memoirs of Guybrush Threepwood: The Monkey Island Years&#8221;Third in the legendary Monkey Island series of graphic adventures Film quality animation, voice, sound and music &#8211; the undead come to life before your very eyes! A barrel of gameplay &#8211; estimated 30-plus hours! Two difficulty settings: regular and Mega-Monkey (now with more puzzley goodness)! New and improved insults suitable for swordfights and other fun occasions!<\/p>\n<h2>The Curse of Monkey Island (Digital) Disney<\/h2>\n<p>quiz opowie\u015bci z narnii, kolorowanki do druku lol, zagadki dla dzieci 4-5 lat, pomys\u0142 na prezent dla nastolatki, sentencje o przyja\u017ani, test szatan z si\u00f3dmej klasy, \u0142atwe laurki, nadia imi\u0119<\/p>\n<p>yyyyy<\/p>\n<p>&nbsp;<\/p>\n","protected":false},"excerpt":{"rendered":"<p>Ive sailed the seas from Trinidad to Tortuga and Ive never seen anything like it! The engagement ring I gave Elaine has a terrible pirate curse on it. LeChuck is behind it, Im sure. I should have known that nothing good could come out of that evil zombies treaures. And if thats not bad enough, [&hellip;]<\/p>\n","protected":false},"featured_media":7147,"comment_status":"closed","ping_status":"open","template":"","meta":[],"product_cat":[275,352],"product_tag":[680,750,644,818],"class_list":["post-7146","product","type-product","status-publish","has-post-thumbnail","hentry","product_cat-disney","product_cat-gry-do-pobrania-na-pc","product_tag-cytaty-z-malego-ksiecia","product_tag-imie-kostek","product_tag-mia","product_tag-oliwier"],"_links":{"self":[{"href":"http:\/\/klubmamgdynia.pl\/index.php\/wp-json\/wp\/v2\/product\/7146","targetHints":{"allow":["GET"]}}],"collection":[{"href":"http:\/\/klubmamgdynia.pl\/index.php\/wp-json\/wp\/v2\/product"}],"about":[{"href":"http:\/\/klubmamgdynia.pl\/index.php\/wp-json\/wp\/v2\/types\/product"}],"replies":[{"embeddable":true,"href":"http:\/\/klubmamgdynia.pl\/index.php\/wp-json\/wp\/v2\/comments?post=7146"}],"wp:featuredmedia":[{"embeddable":true,"href":"http:\/\/klubmamgdynia.pl\/index.php\/wp-json\/wp\/v2\/media\/7147"}],"wp:attachment":[{"href":"http:\/\/klubmamgdynia.pl\/index.php\/wp-json\/wp\/v2\/media?parent=7146"}],"wp:term":[{"taxonomy":"product_cat","embeddable":true,"href":"http:\/\/klubmamgdynia.pl\/index.php\/wp-json\/wp\/v2\/product_cat?post=7146"},{"taxonomy":"product_tag","embeddable":true,"href":"http:\/\/klubmamgdynia.pl\/index.php\/wp-json\/wp\/v2\/product_tag?post=7146"}],"curies":[{"name":"wp","href":"https:\/\/api.w.org\/{rel}","templated":true}]}}