{"id":7148,"date":"2014-05-05T08:15:16","date_gmt":"2014-05-05T06:15:16","guid":{"rendered":"http:\/\/klubmamgdynia.pl\/index.php\/produkt\/zestaw-2x-diosminex-max-1000mg-60-tabletek-powlekanych\/"},"modified":"2026-04-16T05:34:30","modified_gmt":"2026-04-16T03:34:30","slug":"zestaw-2x-diosminex-max-1000mg-60-tabletek-powlekanych","status":"publish","type":"product","link":"http:\/\/klubmamgdynia.pl\/index.php\/produkt\/zestaw-2x-diosminex-max-1000mg-60-tabletek-powlekanych\/","title":{"rendered":"Zestaw 2x Diosminex Max 1000mg, 60 tabletek powlekanych"},"content":{"rendered":"<p>Leczenie objaw\u00f3w zwi\u0105zanych z niewydolno\u015bci\u0105 kr\u0105\u017cenia \u017cylnego i limfatycznego: uczucie ci\u0119\u017cko\u015bci n\u00f3g, b\u00f3l n\u00f3g, nocne kurcze \u0142ydek. Zestaw zawiera 2 opakowania leku.<\/p>\n<h2>Zestaw 2x Diosminex Max 1000mg, 60 tabletek powlekanych Bausch Health Poland<\/h2>\n<p>iwo imie, imi\u0119 kostek, test z dzieci z bullerbyn, trudne zagadki dla doros\u0142ych, bursztynek, znaczenie imienia julian, prezenty na dzie\u0144 dziecka dla nastolatk\u00f3w, ozdoby wielkanocne z dzie\u0107mi, opisy do zdj\u0119\u0107 z dzieckiem, przysz\u0142a zima bia\u0142a, zygzak mcqueen kolorowanka, nadie\u017cda imi\u0119, \u0142amig\u0142\u00f3wki dla dzieci do druku, liwia<\/p>\n<p>yyyyy<\/p>\n<p>&nbsp;<\/p>\n","protected":false},"excerpt":{"rendered":"<p>Leczenie objaw\u00f3w zwi\u0105zanych z niewydolno\u015bci\u0105 kr\u0105\u017cenia \u017cylnego i limfatycznego: uczucie ci\u0119\u017cko\u015bci n\u00f3g, b\u00f3l n\u00f3g, nocne kurcze \u0142ydek. Zestaw zawiera 2 opakowania leku. Zestaw 2x Diosminex Max 1000mg, 60 tabletek powlekanych Bausch Health Poland iwo imie, imi\u0119 kostek, test z dzieci z bullerbyn, trudne zagadki dla doros\u0142ych, bursztynek, znaczenie imienia julian, prezenty na dzie\u0144 dziecka dla [&hellip;]<\/p>\n","protected":false},"featured_media":7149,"comment_status":"closed","ping_status":"open","template":"","meta":[],"product_cat":[211,1538],"product_tag":[668,766,780,638,815,587,778],"class_list":["post-7148","product","type-product","status-publish","has-post-thumbnail","hentry","product_cat-bausch-health-poland","product_cat-serce-i-uklad-krazenia","product_tag-atrakcje-dla-dzieci-wroclaw","product_tag-kira","product_tag-krecik-bajka","product_tag-miastodzieci","product_tag-ozdoby-choinkowe-dla-dzieci","product_tag-skalne-miasto","product_tag-zabawki-na-roczek-dla-chlopca"],"_links":{"self":[{"href":"http:\/\/klubmamgdynia.pl\/index.php\/wp-json\/wp\/v2\/product\/7148","targetHints":{"allow":["GET"]}}],"collection":[{"href":"http:\/\/klubmamgdynia.pl\/index.php\/wp-json\/wp\/v2\/product"}],"about":[{"href":"http:\/\/klubmamgdynia.pl\/index.php\/wp-json\/wp\/v2\/types\/product"}],"replies":[{"embeddable":true,"href":"http:\/\/klubmamgdynia.pl\/index.php\/wp-json\/wp\/v2\/comments?post=7148"}],"wp:featuredmedia":[{"embeddable":true,"href":"http:\/\/klubmamgdynia.pl\/index.php\/wp-json\/wp\/v2\/media\/7149"}],"wp:attachment":[{"href":"http:\/\/klubmamgdynia.pl\/index.php\/wp-json\/wp\/v2\/media?parent=7148"}],"wp:term":[{"taxonomy":"product_cat","embeddable":true,"href":"http:\/\/klubmamgdynia.pl\/index.php\/wp-json\/wp\/v2\/product_cat?post=7148"},{"taxonomy":"product_tag","embeddable":true,"href":"http:\/\/klubmamgdynia.pl\/index.php\/wp-json\/wp\/v2\/product_tag?post=7148"}],"curies":[{"name":"wp","href":"https:\/\/api.w.org\/{rel}","templated":true}]}}