{"id":7150,"date":"2013-06-23T18:17:16","date_gmt":"2013-06-23T16:17:16","guid":{"rendered":"http:\/\/klubmamgdynia.pl\/index.php\/produkt\/kiddymoon-bujak-ar-001-delfin-zabawka-na-biegunach-szary\/"},"modified":"2026-04-06T00:15:58","modified_gmt":"2026-04-05T22:15:58","slug":"kiddymoon-bujak-ar-001-delfin-zabawka-na-biegunach-szary","status":"publish","type":"product","link":"http:\/\/klubmamgdynia.pl\/index.php\/produkt\/kiddymoon-bujak-ar-001-delfin-zabawka-na-biegunach-szary\/","title":{"rendered":"Kiddymoon Bujak Ar-001 Delfin Zabawka Na Biegunach Szary"},"content":{"rendered":"<p>Bujak dla dzieci w kszta\u0142cie delfina i chmurki.Oto zabawka, kt\u00f3ra ROZBUJA wyobra\u017ani\u0119 Twojego dziecka! Zapewnia wiele godzin dobrej, kreatywnej i przede wszystkim bezpiecznej zabawy. Bujak ma funkcj\u0119 fotela do czytania ksi\u0105\u017cek i odpoczynku. To spos\u00f3b na chwil\u0119 wytchnienia dla rodzic\u00f3w oraz przyjemnie sp\u0119dzony czas dla maluch\u00f3w.Regularne korzystanie z bujaka rozwija nie tylko wyobra\u017ani\u0119, ale tak\u017ce zdolno\u015bci motoryczne dziecka, kt\u00f3re odpowiedzialne s\u0105 za prawid\u0142owy rozw\u00f3j cia\u0142a i m\u00f3zgu. Udowodniono r\u00f3wnie\u017c, \u017ce bujanie si\u0119 pozytywnie wp\u0142ywa na zdrowie psychiczne i fizyczne:- pomaga spo\u017cytkowa\u0107 nadmiar energii- wspomaga skupienie i uspokaja- korzystnie wp\u0142ywa na uk\u0142ad oddechowy i prawid\u0142ow\u0105 przemian\u0119 materiiProdukt zajmuje ma\u0142o miejsca, jego kszta\u0142t zosta\u0142 zaprojektowany tak, aby by\u0142 uzupe\u0142nieniem wystroju dzieci\u0119cego pokoju. Dost\u0119pny jest w dw\u00f3ch wersjach kolorystycznych. Zawiera krzese\u0142ko umo\u017cliwiaj\u0105ce wygodne bujanie si\u0119. Bujak zosta\u0142 wykonany ze sklejki. Jego waga wynosi 6,86 kg, co zapewnia mu odpowiedni\u0105 stabilizacj\u0119, jednocze\u015bnie nie jest zbyt ci\u0119\u017cki do podniesienia przez osob\u0119 doros\u0142\u0105. Posiadaj\u0105 uchwyty do \u0142atwego przemieszczania. Idealny produkt na prezent dla ch\u0142opca i dziewczynki.Dodatkowe informacje o produkcie:- odpowiedni dla dzieci od 2 roku \u017cycia- utrzymuje ci\u0119\u017car do 60 kg,- posiada nast\u0119puj\u0105ce wymiary (d\u0142ugo\u015b\u0107\/szeroko\u015b\u0107\/wysoko\u015b\u0107): 76*49*47Zalecamy korzystanie z bujaka pod opiek\u0105 osoby doros\u0142ej.<\/p>\n<h2>Kiddymoon Bujak Ar-001 Delfin Zabawka Na Biegunach Szary KiddyMoon<\/h2>\n<p>imi\u0119 nadia, w\u0142ochy, nauka zegara, rysunki dla pocz\u0105tkuj\u0105cych, wierszyki na \u015bmigus dyngus, gdzie strumyk p\u0142ynie z wolna tekst, przyja\u017a\u0144, choinka z bibu\u0142y, jak narysowa\u0107 oko, bajki dla chlopcow, testy z lektury opowie\u015bci z narni lew czarownica i stara szafa, quiz o stolicach europy, pawe\u0142, nadia imi\u0119, pokemon do druku, s\u0142oneczko, bajki do czytania dla niemowl\u0105t<\/p>\n<p>yyyyy<\/p>\n<p>&nbsp;<\/p>\n","protected":false},"excerpt":{"rendered":"<p>Bujak dla dzieci w kszta\u0142cie delfina i chmurki.Oto zabawka, kt\u00f3ra ROZBUJA wyobra\u017ani\u0119 Twojego dziecka! Zapewnia wiele godzin dobrej, kreatywnej i przede wszystkim bezpiecznej zabawy. Bujak ma funkcj\u0119 fotela do czytania ksi\u0105\u017cek i odpoczynku. To spos\u00f3b na chwil\u0119 wytchnienia dla rodzic\u00f3w oraz przyjemnie sp\u0119dzony czas dla maluch\u00f3w.Regularne korzystanie z bujaka rozwija nie tylko wyobra\u017ani\u0119, ale tak\u017ce [&hellip;]<\/p>\n","protected":false},"featured_media":7151,"comment_status":"closed","ping_status":"open","template":"","meta":[],"product_cat":[1539,346],"product_tag":[702,691,667,744],"class_list":["post-7150","product","type-product","status-publish","has-post-thumbnail","hentry","product_cat-bujaki-i-zabawki-na-biegunach","product_cat-kiddymoon","product_tag-co-kupic-na-roczek-dla-dziewczynki","product_tag-gabriel","product_tag-kolorowanka-lol","product_tag-kolorowanki-swiateczne-do-wydruku"],"_links":{"self":[{"href":"http:\/\/klubmamgdynia.pl\/index.php\/wp-json\/wp\/v2\/product\/7150","targetHints":{"allow":["GET"]}}],"collection":[{"href":"http:\/\/klubmamgdynia.pl\/index.php\/wp-json\/wp\/v2\/product"}],"about":[{"href":"http:\/\/klubmamgdynia.pl\/index.php\/wp-json\/wp\/v2\/types\/product"}],"replies":[{"embeddable":true,"href":"http:\/\/klubmamgdynia.pl\/index.php\/wp-json\/wp\/v2\/comments?post=7150"}],"wp:featuredmedia":[{"embeddable":true,"href":"http:\/\/klubmamgdynia.pl\/index.php\/wp-json\/wp\/v2\/media\/7151"}],"wp:attachment":[{"href":"http:\/\/klubmamgdynia.pl\/index.php\/wp-json\/wp\/v2\/media?parent=7150"}],"wp:term":[{"taxonomy":"product_cat","embeddable":true,"href":"http:\/\/klubmamgdynia.pl\/index.php\/wp-json\/wp\/v2\/product_cat?post=7150"},{"taxonomy":"product_tag","embeddable":true,"href":"http:\/\/klubmamgdynia.pl\/index.php\/wp-json\/wp\/v2\/product_tag?post=7150"}],"curies":[{"name":"wp","href":"https:\/\/api.w.org\/{rel}","templated":true}]}}