{"id":7154,"date":"2015-08-17T00:28:36","date_gmt":"2015-08-16T22:28:36","guid":{"rendered":"http:\/\/klubmamgdynia.pl\/index.php\/produkt\/vtech-zreczny-padzik-61584\/"},"modified":"2026-05-01T10:30:54","modified_gmt":"2026-05-01T08:30:54","slug":"vtech-zreczny-padzik-61584","status":"publish","type":"product","link":"http:\/\/klubmamgdynia.pl\/index.php\/produkt\/vtech-zreczny-padzik-61584\/","title":{"rendered":"Vtech Zr\u0119czny Padzik 61584"},"content":{"rendered":"<p>Vtech Zr\u0119czny Padzik 61584Zr\u0119czny Padzik od VTech\u00ae \u015bwietnie emituje prawdziwego pada, dzi\u0119ki czemu dzieci mog\u0105 \u015bwietnie si\u0119 bawi\u0107, na\u015bladuj\u0105c doros\u0142ych.Jednak Zr\u0119czny Padzik to nie tylko wci\u0105gaj\u0105ca zabawa, ale r\u00f3wnie\u017c nauka liter, liczb i kolor\u00f3w w towarzystwie uroczych zwierz\u0105tek. Zabawka rozwija zdolno\u015bci motoryczne oraz koordynacj\u0119 r\u0119ka-oko.\u00a0Produkt przeznaczony jest dla dzieci w wieku od 9 do 36 miesi\u0119cy.                            <\/p>\n<p>            VTech Raczkuj\u0105cy Mi\u015b Tuptu\u015b M\u00f3wi Po Polsku 60824<\/p>\n<p>                        od<br \/>\n                            149,90<br \/>\n                            z\u0142<\/p>\n<p>                    Zobacz<\/p>\n<p>            VTech Magiczny Pami\u0119tnik Na Has\u0142o 61243<\/p>\n<p>                        od<br \/>\n                            108,90<br \/>\n                            z\u0142<\/p>\n<p>                    Zobacz<\/p>\n<p>            VTech Cyferkowa Kasa Sklepowa 60832<\/p>\n<p>                        od<br \/>\n                            149,00<br \/>\n                            z\u0142<\/p>\n<p>                    Zobacz<\/p>\n<p>            VTech Tut Tut Remiza Stra\u017cacka 60813<\/p>\n<p>                        od<br \/>\n                            164,00<br \/>\n                            z\u0142<\/p>\n<p>                    Zobacz<\/p>\n<p>            VTech Tut Tut Autka Posterunek Policji 61073<\/p>\n<p>                        od<br \/>\n                            155,00<br \/>\n                            z\u0142<\/p>\n<p>                    Zobacz<\/p>\n<p>            VTech\u00a0Kidizoom Duo 5.0 R\u00f3\u017cowy<\/p>\n<p>                        od<br \/>\n                            499,00<br \/>\n                            z\u0142<\/p>\n<p>                    Zobacz<\/p>\n<p>            VTech Traktorek Weso\u0142ek 61488<\/p>\n<p>                        od<br \/>\n                            92,00<br \/>\n                            z\u0142<\/p>\n<p>                    Zobacz<\/p>\n<p>            VTech Tut Tut Gara\u017c Z Autkiem 60597<\/p>\n<p>                        od<br \/>\n                            218,45<br \/>\n                            z\u0142<\/p>\n<p>                    Zobacz<\/p>\n<p>            VTech Tut Tut Autko Auto Osobowe 60559<\/p>\n<p>                        od<br \/>\n                            34,50<br \/>\n                            z\u0142<\/p>\n<p>                    Zobacz<\/p>\n<p>            VTech Skrzynka Majsterkowicza 61094<\/p>\n<p>                        od<br \/>\n                            139,99<br \/>\n                            z\u0142<\/p>\n<p>                    Zobacz<\/p>\n<p>            VTech Autko ma\u0142ego kierowcy 61487<\/p>\n<p>                        od<br \/>\n                            101,00<br \/>\n                            z\u0142<\/p>\n<p>                    Zobacz<\/p>\n<p>            VTech Konik Bujaczek 61088 <\/p>\n<p>                        od<br \/>\n                            259,86<br \/>\n                            z\u0142<\/p>\n<p>                    Zobacz<\/p>\n<p>            VTech Tut Tut Autka Warsztat Samochodowy 61072<\/p>\n<p>                        od<br \/>\n                            120,13<br \/>\n                            z\u0142<\/p>\n<p>                    Zobacz<\/p>\n<p>            Vtech Tut Tut Autka Zestaw Kaskaderski + autko 61172<\/p>\n<p>                        od<br \/>\n                            183,28<br \/>\n                            z\u0142<\/p>\n<p>                    Zobacz<\/p>\n<p>            Vtech Chrup Chrup Tosterek 61486<\/p>\n<p>                        od<br \/>\n                            78,88<br \/>\n                            z\u0142<\/p>\n<p>                    Zobacz<\/p>\n<p>            VTech Tut Tut Autko Wywrotka 60560<\/p>\n<p>                        od<br \/>\n                            34,53<br \/>\n                            z\u0142<\/p>\n<p>                    Zobacz<\/p>\n<p>            VTech Tut Tut Autko Spycharka 60809<\/p>\n<p>                        od<br \/>\n                            34,50<br \/>\n                            z\u0142<\/p>\n<p>                    Zobacz<\/p>\n<p>            VTech Tut Tut Autko Betoniarka 60808<\/p>\n<p>                        od<br \/>\n                            34,80<br \/>\n                            z\u0142<\/p>\n<p>                    Zobacz<\/p>\n<p>            VTech Tut Tut Autka Wie\u017ca Patrolowa 61460<\/p>\n<p>                        od<br \/>\n                            216,90<br \/>\n                            z\u0142<\/p>\n<p>                    Zobacz<\/p>\n<p>            VTech Betoniarka Pojazd Kulkomieszarka 60994<\/p>\n<p>                        od<br \/>\n                            105,00<br \/>\n                            z\u0142<\/p>\n<p>                    Zobacz<\/p>\n<p>            VTech Tut Tut Autka Wy\u015bcigowy Wielki Tor 61459<\/p>\n<p>                        od<br \/>\n                            216,00<br \/>\n                            z\u0142<\/p>\n<p>                    Zobacz<\/p>\n<p>            Vtech Kidizoom DX2 Zielony<\/p>\n<p>                        od<br \/>\n                            252,94<br \/>\n                            z\u0142<\/p>\n<p>                    Zobacz<\/p>\n<p>            VTech Tut Tut Autko Autotransporter 60812<\/p>\n<p>                        od<br \/>\n                            109,50<br \/>\n                            z\u0142<\/p>\n<p>                    Zobacz<\/p>\n<p>            VTech Wie\u017ca Parkingowa 60558<\/p>\n<p>                        od<br \/>\n                            172,70<br \/>\n                            z\u0142<\/p>\n<p>                    Zobacz<\/p>\n<p>            VTech Tablet Interaktywny 61173<\/p>\n<p>                        od<br \/>\n                            87,39<br \/>\n                            z\u0142<\/p>\n<p>                    Zobacz<\/p>\n<p>            VTech Kidizoom Duo 5.0 Niebieski<\/p>\n<p>                        od<br \/>\n                            499,00<br \/>\n                            z\u0142<\/p>\n<p>                    Zobacz<\/p>\n<p>            VTech Zestaw Gara\u017c 61456<\/p>\n<p>                        od<br \/>\n                            225,26<br \/>\n                            z\u0142<\/p>\n<p>                    Zobacz<\/p>\n<p>            VTech Tut Tut Autko Policja 60557<\/p>\n<p>                        od<br \/>\n                            34,50<br \/>\n                            z\u0142<\/p>\n<p>                    Zobacz<\/p>\n<p>            VTech Kidizoom Duo DX Niebieski 20004<\/p>\n<p>                        od<br \/>\n                            442,67<br \/>\n                            z\u0142<\/p>\n<p>                    Zobacz<\/p>\n<p>            VTech Wielki S\u0142ownik Zwierz\u0105t 61457<\/p>\n<p>                        od<br \/>\n                            105,13<br \/>\n                            z\u0142<\/p>\n<p>                    Zobacz<\/p>\n<h2>Vtech Zr\u0119czny Padzik 61584 VTech<\/h2>\n<p>kartk\u00f3wki z zegara, quiz o samochodach, test z lektury dzieci z bullerbyn, znaki drogowe quiz, dyplom dla przedszkolaka do wydruku, kolorowanki lol surprise, ch\u0142opcy z placu broni &#8211; test z odpowiedziami<\/p>\n<p>yyyyy<\/p>\n<p>&nbsp;<\/p>\n","protected":false},"excerpt":{"rendered":"<p>Vtech Zr\u0119czny Padzik 61584Zr\u0119czny Padzik od VTech\u00ae \u015bwietnie emituje prawdziwego pada, dzi\u0119ki czemu dzieci mog\u0105 \u015bwietnie si\u0119 bawi\u0107, na\u015bladuj\u0105c doros\u0142ych.Jednak Zr\u0119czny Padzik to nie tylko wci\u0105gaj\u0105ca zabawa, ale r\u00f3wnie\u017c nauka liter, liczb i kolor\u00f3w w towarzystwie uroczych zwierz\u0105tek. Zabawka rozwija zdolno\u015bci motoryczne oraz koordynacj\u0119 r\u0119ka-oko.\u00a0Produkt przeznaczony jest dla dzieci w wieku od 9 do 36 [&hellip;]<\/p>\n","protected":false},"featured_media":7155,"comment_status":"closed","ping_status":"open","template":"","meta":[],"product_cat":[1203,61],"product_tag":[845,853,807,644,637,646,791],"class_list":["post-7154","product","type-product","status-publish","has-post-thumbnail","hentry","product_cat-vtech","product_cat-zabawki-edukacyjne-dla-niemowlat","product_tag-ach-spij-kochanie-tekst","product_tag-kolorowanki-do-druku-dla-doroslych","product_tag-logiczne-zagadki","product_tag-mia","product_tag-niech-zyja-wakacje-tekst","product_tag-prezent-na-pierwsze-urodziny","product_tag-zagadki-na-myslenie"],"_links":{"self":[{"href":"http:\/\/klubmamgdynia.pl\/index.php\/wp-json\/wp\/v2\/product\/7154","targetHints":{"allow":["GET"]}}],"collection":[{"href":"http:\/\/klubmamgdynia.pl\/index.php\/wp-json\/wp\/v2\/product"}],"about":[{"href":"http:\/\/klubmamgdynia.pl\/index.php\/wp-json\/wp\/v2\/types\/product"}],"replies":[{"embeddable":true,"href":"http:\/\/klubmamgdynia.pl\/index.php\/wp-json\/wp\/v2\/comments?post=7154"}],"wp:featuredmedia":[{"embeddable":true,"href":"http:\/\/klubmamgdynia.pl\/index.php\/wp-json\/wp\/v2\/media\/7155"}],"wp:attachment":[{"href":"http:\/\/klubmamgdynia.pl\/index.php\/wp-json\/wp\/v2\/media?parent=7154"}],"wp:term":[{"taxonomy":"product_cat","embeddable":true,"href":"http:\/\/klubmamgdynia.pl\/index.php\/wp-json\/wp\/v2\/product_cat?post=7154"},{"taxonomy":"product_tag","embeddable":true,"href":"http:\/\/klubmamgdynia.pl\/index.php\/wp-json\/wp\/v2\/product_tag?post=7154"}],"curies":[{"name":"wp","href":"https:\/\/api.w.org\/{rel}","templated":true}]}}