{"id":7156,"date":"2020-05-30T11:00:02","date_gmt":"2020-05-30T09:00:02","guid":{"rendered":"http:\/\/klubmamgdynia.pl\/index.php\/produkt\/ricokids-lezaczek-bujak-hustawka-wibracje-kolyska-zabawki\/"},"modified":"2026-05-17T21:59:43","modified_gmt":"2026-05-17T19:59:43","slug":"ricokids-lezaczek-bujak-hustawka-wibracje-kolyska-zabawki","status":"publish","type":"product","link":"http:\/\/klubmamgdynia.pl\/index.php\/produkt\/ricokids-lezaczek-bujak-hustawka-wibracje-kolyska-zabawki\/","title":{"rendered":"Ricokids Le\u017caczek Bujak Hu\u015btawka Wibracje Ko\u0142yska Zabawki"},"content":{"rendered":"<p>\u2705 Przytulnie, komfortowo i bezpiecznie\u2705 Dobry wyb\u00f3r dla Twojego maluszka!Uspokojenie dla dziecka, czas dla CiebieMultifunkcyjny le\u017caczek to \u015bwietne rozwi\u0105zanie stworzone specjalnie, aby pom\u00f3c Tobie podczas opieki nad maluszkiem.Pi\u0119kna kolorystyka to nie wszystko &#8211; jego funkcje sprawi\u0105, \u017ce le\u017caczek stanie si\u0119 niezast\u0105pionym wsparciem dla Ciebie:zadba, aby Twoje dziecko si\u0119 uspokoi\u0142o;pomo\u017ce usn\u0105\u0107 maluszkowi;dzi\u0119ki do\u0142\u0105czonym zabawkom stanie si\u0119 przedmiotem \u015bwietnej zabawy!Dlaczego ko\u0142ysanie jest tak wa\u017cne dla Twojego dziecka?Ko\u0142ysanie to naturalny ruch dla Twojego dziecka, przypominaj\u0105cy b\u0142ogi czas sp\u0119dzony w brzuszku mamy.Tw\u00f3j maluch ko\u0142ysanie traktuje jako co\u015b znanego i bezpiecznego. To w\u0142a\u015bnie podczas ko\u0142ysania si\u0119 uspokaja.Tryb uspokajaj\u0105cej wibracjiWystarczy w\u0142\u0105czy\u0107 wibracje w le\u017caczku i u\u0142o\u017cy\u0107 wygodnie malucha. Dziecko si\u0119 zrelaksuje i po chwili za\u015bnie, a Ty b\u0119dziesz m\u00f3g\u0142 przez chwil\u0119 zaj\u0105\u0107 si\u0119 swoimi obowi\u0105zkami.Le\u017caczek to idealne rozwi\u0105zanie, gdy w danym momencie potrzebujesz co\u015b zrobi\u0107, a Twoje dziecko jest rozbudzone. Dzwoni do Ciebie pilny telefon albo musisz odebra\u0107 paczk\u0119 od kuriera. Nic prostszego &#8211; wk\u0142adasz dziecko do le\u017caczka i realizujesz piln\u0105 spraw\u0119.Czas na zabaw\u0119!Le\u017caczek zosta\u0142 wyposa\u017cony w zdejmowany pa\u0142\u0105k z przyczepionymi szeleszcz\u0105cymi zabawkami.. Zapewni\u0105 one Twojemu dziecku rozrywk\u0119, podczas gdy Ty b\u0119dziesz m\u00f3g\u0142 odpocz\u0105\u0107. Te wyj\u0105tkowe zabawki stymuluj\u0105 wzrok oraz rozwijaj\u0105 zmys\u0142 dotyku.Zwierz\u0105tka, kt\u00f3re s\u0105 przyczepione do pa\u0142\u0105ka za pomoc\u0105 rzepu mo\u017cna z \u0142atwo\u015bci\u0105 odczepi\u0107. Mo\u017cesz zmienia\u0107 ich kolejno\u015b\u0107 lub te\u017c w ich miejsce zawiesi\u0107 inne ulubione maskotki dziecka.Kraina mi\u0119kko\u015bci i komfortuMateria\u0142 zewn\u0119trzny le\u017caczka wykonany jest z mi\u0119kkiej, przyjemnej w dotyku tkaniny.Pa\u0142\u0105k zosta\u0142 ob\u0142o\u017cony mi\u0119kk\u0105 piank\u0105 i warstw\u0105 materia\u0142u, dzi\u0119ki czemu jest bardzo przyjemny w dotyku.Ca\u0142e poszycie mo\u017cna \u0142atwo zdj\u0105\u0107 i pra\u0107 r\u0119cznie, co zapewnia higieniczne u\u017cytkowanie.Bezpiecze\u0144stwo3-punktowe pasy bezpiecze\u0144stwa, kt\u00f3re zapewniaj\u0105 stabilizacj\u0119 i odpowiedni\u0105 pozycj\u0119 dzieckaN\u00f3\u017cki antypo\u015blizgowe &#8211; gwarantuj\u0105 dobr\u0105 przyczepno\u015b\u0107 do pod\u0142o\u017ca, bez obawy o przewr\u00f3cenie si\u0119.Produkt ca\u0142kowicie bezpieczny dla dzieci &#8211; spe\u0142nia wszystkie normy wymagane w UE!Specyfikacja:marka: Ricokidsmetalowa rama i wytrzyma\u0142e tworzywoblokada bujaniamaksymalne obci\u0105\u017cenie podczas bujania &#8211; do 9 kgmaksymalne obci\u0105\u017cenie z blokad\u0105 &#8211; do 18 kgregulacja nachylenia oparcia: 2 stopniowasystem wibracji (bateria LR20 1.5v \u2013brak w zestawie)dla wieku: 0+waga: 3,2 kgwymiary opakowania: 53 x 39 x 9 cmKUPUJ TYLKO SPRAWDZONE PRODUKTY!!!GWARANCJA ZADOWOLENIA I DOBREJ OBS\u0141UGI!<\/p>\n<h2>Ricokids Le\u017caczek Bujak Hu\u015btawka Wibracje Ko\u0142yska Zabawki Ricokids<\/h2>\n<p>kolorowanka \u015bwinka peppa, kanapki dla dzieci, zaproszenia do druku, marianna imi\u0119, nadie\u017cda imi\u0119, eneduerabe, prezenty na roczek, list do gwiazdora, karyna, dorian, kolorowanka wakacje<\/p>\n<p>yyyyy<\/p>\n<p>&nbsp;<\/p>\n","protected":false},"excerpt":{"rendered":"<p>\u2705 Przytulnie, komfortowo i bezpiecznie\u2705 Dobry wyb\u00f3r dla Twojego maluszka!Uspokojenie dla dziecka, czas dla CiebieMultifunkcyjny le\u017caczek to \u015bwietne rozwi\u0105zanie stworzone specjalnie, aby pom\u00f3c Tobie podczas opieki nad maluszkiem.Pi\u0119kna kolorystyka to nie wszystko &#8211; jego funkcje sprawi\u0105, \u017ce le\u017caczek stanie si\u0119 niezast\u0105pionym wsparciem dla Ciebie:zadba, aby Twoje dziecko si\u0119 uspokoi\u0142o;pomo\u017ce usn\u0105\u0107 maluszkowi;dzi\u0119ki do\u0142\u0105czonym zabawkom stanie si\u0119 [&hellip;]<\/p>\n","protected":false},"featured_media":7157,"comment_status":"closed","ping_status":"open","template":"","meta":[],"product_cat":[1539,1233],"product_tag":[844,648,583,581,715],"class_list":["post-7156","product","type-product","status-publish","has-post-thumbnail","hentry","product_cat-bujaki-i-zabawki-na-biegunach","product_cat-ricokids","product_tag-co-kupic-na-roczek","product_tag-dobrej-nocy-i-sza","product_tag-kolysanki-dla-dzieci-tekst","product_tag-zagadki-dla-8-latka","product_tag-zosia-samosia"],"_links":{"self":[{"href":"http:\/\/klubmamgdynia.pl\/index.php\/wp-json\/wp\/v2\/product\/7156","targetHints":{"allow":["GET"]}}],"collection":[{"href":"http:\/\/klubmamgdynia.pl\/index.php\/wp-json\/wp\/v2\/product"}],"about":[{"href":"http:\/\/klubmamgdynia.pl\/index.php\/wp-json\/wp\/v2\/types\/product"}],"replies":[{"embeddable":true,"href":"http:\/\/klubmamgdynia.pl\/index.php\/wp-json\/wp\/v2\/comments?post=7156"}],"wp:featuredmedia":[{"embeddable":true,"href":"http:\/\/klubmamgdynia.pl\/index.php\/wp-json\/wp\/v2\/media\/7157"}],"wp:attachment":[{"href":"http:\/\/klubmamgdynia.pl\/index.php\/wp-json\/wp\/v2\/media?parent=7156"}],"wp:term":[{"taxonomy":"product_cat","embeddable":true,"href":"http:\/\/klubmamgdynia.pl\/index.php\/wp-json\/wp\/v2\/product_cat?post=7156"},{"taxonomy":"product_tag","embeddable":true,"href":"http:\/\/klubmamgdynia.pl\/index.php\/wp-json\/wp\/v2\/product_tag?post=7156"}],"curies":[{"name":"wp","href":"https:\/\/api.w.org\/{rel}","templated":true}]}}