{"id":7158,"date":"2024-03-10T10:06:52","date_gmt":"2024-03-10T09:06:52","guid":{"rendered":"http:\/\/klubmamgdynia.pl\/?post_type=product&#038;p=7158"},"modified":"2026-04-06T15:28:04","modified_gmt":"2026-04-06T13:28:04","slug":"zdrowy-lizak-mniam-mniam-smak-pomaranczowy-1-szt","status":"publish","type":"product","link":"http:\/\/klubmamgdynia.pl\/index.php\/produkt\/zdrowy-lizak-mniam-mniam-smak-pomaranczowy-1-szt\/","title":{"rendered":"Zdrowy Lizak Mniam-Mniam smak pomara\u0144czowy 1 szt."},"content":{"rendered":"<p>Ten lizak to idealna alternatywa dla lizak\u00f3w z cukrem. Pyszny w smaku z fi\u0144skim ksylitolem oraz naturalnymi aromatami i sk\u0142adnikami na pewno zasmakuje w szczeg\u00f3lno\u015bci dzieciom.Nie podawa\u0107 dzieciom poni\u017cej 3 lat.Warto\u015b\u0107 od\u017cywcza w 100 g:warto\u015b\u0107 energetyczna 1043 kJ \/ 250 kcalt\u0142uszcze 1,7 gw tym nasycone 1,4 gw\u0119glowodany 93 gw tym cukry &lt;0,5 gw tym alk. wielowodorotlenowe  90 gb\u0142onnik 0,8 gbia\u0142ko &lt;0,5 gs\u00f3l 0,02 gSk\u0142adniki:substancja s\u0142odz\u0105ca: ksylitol, substancja wype\u0142niaj\u0105ca: izomalt, naturalny aromat pomara\u0144czowy, regulator kwasowo\u015bci: kwas cytrynowy; substancje przeciwzbrylaj\u0105ce: sole magnezowe kwas\u00f3w t\u0142uszczowych, guma arabska; kwas L-askorbinowy (wit. C); suszone pomara\u0144cze (0,3%); barwnik: ekstrakt z papryki, kapsantyna, kapsorubina; substancja s\u0142odz\u0105ca: glikozydy stewiolowe; amid kwasu nikotynowego (niacyna); octan DL-alfa-tokoferylu (wit.E); glukonian cynku (cynk); D-pantotenian wapnia (kwas pantotenowy); monoazotan tiaminy (tiamina); ryboflawina; chlorowodorek pirydksyny (Witamina B6); octan retinylu (Witamina A); kwas pteroilomonoglutaminowy (kwas foliowy); selenian (VI) sodu (selen); D-biotyna (biotyna); cholekalcyferol (wit.D); cyjanokobalamina (wit.B12)Dodatkowe informacje o produkcie:Zalecana porcja do spo\u017cycia w ci\u0105gu dnia niezb\u0119dna do uzyskania korzystnego dzia\u0142ania produktu: Spo\u017cywa\u0107 1-2 lizaki dziennie. Nie nale\u017cy przekracza\u0107 zalecanej porcji tj. 2 lizak\u00f3w w ci\u0105gu dnia. Produkt przeznaczony jest dla doros\u0142ych i dzieci powy\u017cej 3 roku \u017cycia.Produkt nale\u017cy przechowywa\u0107 w suchym miejscu w spos\u00f3b niedost\u0119pny dla ma\u0142ych dzieci.<\/p>\n<h2>Zdrowy Lizak Mniam-Mniam smak pomara\u0144czowy 1 szt. Starpharma<\/h2>\n<p>proste \u017carty na prima aprilis, ko\u0142ysanki teksty, warszawa atrakcje dla dzieci, bajki dla dzieci od 7 do 10 lat, zaproszenia na urodziny do druku, co kupic na roczek, literki dla dzieci, u\u015bmiech dziecka wiersz, zagadki o wielkanocy, malowanki piesek, mia imie, prezenty dla nastolatka, irma, prezenty dla nastolatk\u00f3w, nadia imie, wiersze o wio\u015bnie jana brzechwy, zagadki na inteligencje, minecraft quiz, bajka o biedronce, sonia imi\u0119, ozdoby \u015bwi\u0105teczne z rolek po papierze toaletowym<\/p>\n<p>yyyyy<\/p>\n<p>&nbsp;<\/p>\n","protected":false},"excerpt":{"rendered":"<p>Ten lizak to idealna alternatywa dla lizak\u00f3w z cukrem. Pyszny w smaku z fi\u0144skim ksylitolem oraz naturalnymi aromatami i sk\u0142adnikami na pewno zasmakuje w szczeg\u00f3lno\u015bci dzieciom.Nie podawa\u0107 dzieciom poni\u017cej 3 lat.Warto\u015b\u0107 od\u017cywcza w 100 g:warto\u015b\u0107 energetyczna 1043 kJ \/ 250 kcalt\u0142uszcze 1,7 gw tym nasycone 1,4 gw\u0119glowodany 93 gw tym cukry &lt;0,5 gw tym alk. [&hellip;]<\/p>\n","protected":false},"featured_media":7159,"comment_status":"closed","ping_status":"open","template":"","meta":[],"product_cat":[1534,1533],"product_tag":[863,675,672,628,805],"class_list":["post-7158","product","type-product","status-publish","has-post-thumbnail","hentry","product_cat-starpharma","product_cat-suplementy-dla-dzieci","product_tag-bajki-dla-dziewczynek","product_tag-test-z-lektury-kajko-i-kokosz-szkola-latania","product_tag-trudne-zagadki-z-odpowiedziami","product_tag-zagadka","product_tag-znaczenie-imienia-alan"],"_links":{"self":[{"href":"http:\/\/klubmamgdynia.pl\/index.php\/wp-json\/wp\/v2\/product\/7158","targetHints":{"allow":["GET"]}}],"collection":[{"href":"http:\/\/klubmamgdynia.pl\/index.php\/wp-json\/wp\/v2\/product"}],"about":[{"href":"http:\/\/klubmamgdynia.pl\/index.php\/wp-json\/wp\/v2\/types\/product"}],"replies":[{"embeddable":true,"href":"http:\/\/klubmamgdynia.pl\/index.php\/wp-json\/wp\/v2\/comments?post=7158"}],"wp:featuredmedia":[{"embeddable":true,"href":"http:\/\/klubmamgdynia.pl\/index.php\/wp-json\/wp\/v2\/media\/7159"}],"wp:attachment":[{"href":"http:\/\/klubmamgdynia.pl\/index.php\/wp-json\/wp\/v2\/media?parent=7158"}],"wp:term":[{"taxonomy":"product_cat","embeddable":true,"href":"http:\/\/klubmamgdynia.pl\/index.php\/wp-json\/wp\/v2\/product_cat?post=7158"},{"taxonomy":"product_tag","embeddable":true,"href":"http:\/\/klubmamgdynia.pl\/index.php\/wp-json\/wp\/v2\/product_tag?post=7158"}],"curies":[{"name":"wp","href":"https:\/\/api.w.org\/{rel}","templated":true}]}}