{"id":716,"date":"2017-04-08T01:56:53","date_gmt":"2017-04-07T23:56:53","guid":{"rendered":"http:\/\/klubmamgdynia.pl\/index.php\/produkt\/koszule-do-karmienia-2-szt-i-szlafrok-ciemne-m\/"},"modified":"2026-05-01T16:27:13","modified_gmt":"2026-05-01T14:27:13","slug":"koszule-do-karmienia-2-szt-i-szlafrok-ciemne-m","status":"publish","type":"product","link":"http:\/\/klubmamgdynia.pl\/index.php\/produkt\/koszule-do-karmienia-2-szt-i-szlafrok-ciemne-m\/","title":{"rendered":"Koszule Do Karmienia 2 Szt.i Szlafrok Ciemne M"},"content":{"rendered":"<p>ZESTAW KOSZULDO KARMIENIA Z SZLAFROKIEMTrzycz\u0119\u015bciowy komplet, w sk\u0142ad kt\u00f3rego wchodz\u0105 dwie koszule nocne zapinane na wygodne GUZIK i szlafrok. Ca\u0142o\u015b\u0107 zgrana kolorystycznie, uszyta z lekkiej bawe\u0142nianej tkaniny. Koszulki ci\u0105\u017cowe idealnie nadaj\u0105 si\u0119 dla kobiet w ci\u0105\u017cy, a w p\u00f3\u017aniejszym okresie do karmienia.produkt tureckiSk\u0142ad: 5% elastan, 95% bawe\u0142naKOSZULA &#8211; PARAMETRY (miara zdejmowana na p\u0142asko)kolejno podane dla M, L, XLd\u0142ugo\u015b\u0107 ca\u0142kowita (cm), 93, 95, 95szeroko\u015b\u0107 pod pachami (cm), 2&#215;51, 2&#215;53, 2x55szeroko\u015b\u0107 w biodrach (cm), 2&#215;55, 2&#215;57, 2x60SZLAFROK &#8211; PARAMETRY (miara zdejmowana na p\u0142asko)kolejno podane dla M, L, XLszeroko\u015b\u0107 w ramionach (cm) 2&#215;40, 2&#215;42, 2x44szeroko\u015b\u0107 pod pachami (cm) 2&#215;48, 2&#215;48, 2x50szeroko\u015b\u0107 w biodrach(cm min.-max.)50-58, 52-6, 54-62d\u0142ugo\u015b\u0107 102,103,104<\/p>\n<h2>Koszule Do Karmienia 2 Szt.i Szlafrok Ciemne M <\/h2>\n<p>okolice wroc\u0142awia atrakcje, o b\u0142\u0119dne dyktando, zawiedziona przyja\u017a\u0144 cytaty, kolorowanka lato, zagadki wielkanocne do druku, trudne zagadki z odpowiedziami, test z lektury ten obcy, zagadka, quiz o flagach, kolorowanka peppa, cytaty o przyja\u017ani kr\u00f3tkie, prezent dla rocznego dziecka, pokemon kolorowanki, imi\u0119 nadia, prezent na roczek dla ch\u0142opca, mitologia grecka quiz, wierszyk o marzannie, pomys\u0142 na prezent dla 15 latki, testy na znaki drogowe, zagadki matematyczne<\/p>\n<p>yyyyy<\/p>\n<p>&nbsp;<\/p>\n","protected":false},"excerpt":{"rendered":"<p>ZESTAW KOSZULDO KARMIENIA Z SZLAFROKIEMTrzycz\u0119\u015bciowy komplet, w sk\u0142ad kt\u00f3rego wchodz\u0105 dwie koszule nocne zapinane na wygodne GUZIK i szlafrok. Ca\u0142o\u015b\u0107 zgrana kolorystycznie, uszyta z lekkiej bawe\u0142nianej tkaniny. Koszulki ci\u0105\u017cowe idealnie nadaj\u0105 si\u0119 dla kobiet w ci\u0105\u017cy, a w p\u00f3\u017aniejszym okresie do karmienia.produkt tureckiSk\u0142ad: 5% elastan, 95% bawe\u0142naKOSZULA &#8211; PARAMETRY (miara zdejmowana na p\u0142asko)kolejno podane dla [&hellip;]<\/p>\n","protected":false},"featured_media":717,"comment_status":"closed","ping_status":"open","template":"","meta":[],"product_cat":[258],"product_tag":[814,743,741,581],"class_list":["post-716","product","type-product","status-publish","has-post-thumbnail","hentry","product_cat-bielizna-ciazowa","product_tag-prezenty-dla-nastolatek","product_tag-quiz-dla-dzieci","product_tag-wlochy","product_tag-zagadki-dla-8-latka"],"_links":{"self":[{"href":"http:\/\/klubmamgdynia.pl\/index.php\/wp-json\/wp\/v2\/product\/716","targetHints":{"allow":["GET"]}}],"collection":[{"href":"http:\/\/klubmamgdynia.pl\/index.php\/wp-json\/wp\/v2\/product"}],"about":[{"href":"http:\/\/klubmamgdynia.pl\/index.php\/wp-json\/wp\/v2\/types\/product"}],"replies":[{"embeddable":true,"href":"http:\/\/klubmamgdynia.pl\/index.php\/wp-json\/wp\/v2\/comments?post=716"}],"wp:featuredmedia":[{"embeddable":true,"href":"http:\/\/klubmamgdynia.pl\/index.php\/wp-json\/wp\/v2\/media\/717"}],"wp:attachment":[{"href":"http:\/\/klubmamgdynia.pl\/index.php\/wp-json\/wp\/v2\/media?parent=716"}],"wp:term":[{"taxonomy":"product_cat","embeddable":true,"href":"http:\/\/klubmamgdynia.pl\/index.php\/wp-json\/wp\/v2\/product_cat?post=716"},{"taxonomy":"product_tag","embeddable":true,"href":"http:\/\/klubmamgdynia.pl\/index.php\/wp-json\/wp\/v2\/product_tag?post=716"}],"curies":[{"name":"wp","href":"https:\/\/api.w.org\/{rel}","templated":true}]}}