{"id":7160,"date":"2019-02-10T17:36:00","date_gmt":"2019-02-10T16:36:00","guid":{"rendered":"http:\/\/klubmamgdynia.pl\/index.php\/produkt\/pampa-masc-arnikowa-arnimax-40-g\/"},"modified":"2026-05-01T11:34:02","modified_gmt":"2026-05-01T09:34:02","slug":"pampa-masc-arnikowa-arnimax-40-g","status":"publish","type":"product","link":"http:\/\/klubmamgdynia.pl\/index.php\/produkt\/pampa-masc-arnikowa-arnimax-40-g\/","title":{"rendered":"PAMPA Ma\u015b\u0107 arnikowa arnimax 40 g"},"content":{"rendered":"<p>Sk\u0142ad100 g ma\u015bci zawiera: ARNICA MONTANA &#8211; 10 g, 4-HYDROKSYBENZOESAN ETYLU, UNIBASIS ABCDEW.WskazaniaUrazy takie jak kontuzje, zwichni\u0119cia, krwiaki, naci\u0105gni\u0119cia mi\u0119\u015bni, obrz\u0119ki zwi\u0105zane ze z\u0142amaniami, silnymi st\u0142uczeniami i wybiciami a tak\u017ce stany zapalne i rany.DawkowanieJe\u017celi lekarz nie zaleci inaczej, ma\u015b\u0107 nale\u017cy wciera\u0107 w miejsca chorobowo zmienione 1-2 razy dziennie, w razie potrzeby cz\u0119\u015bciej.KomentarzeWSTECZDALEJZG\u0141O\u015a DO MODERATORADodaj komentarz i ocen\u0119Aby doda\u0107 komentarz do produktu, nale\u017cy by\u0107 zalogowanymPole\u0107 ten produkt znajomemu! W polu poni\u017cej podaj adres e-mail znajomego:Zadaj nam pytanie dotycz\u0105ce tego produktu:Pami\u0119taj poda\u0107 adres zwrotny e-mail:<\/p>\n<h2>PAMPA Ma\u015b\u0107 arnikowa arnimax 40 g Starpharma<\/h2>\n<p>test z opowie\u015bci z narnii, liwia imi\u0119, quizy online, prezenty roczek, ninjago kolorowanka, bajka krecik, oryginalny prezent dla nastolatk\u00f3w<\/p>\n<p>yyyyy<\/p>\n<p>&nbsp;<\/p>\n","protected":false},"excerpt":{"rendered":"<p>Sk\u0142ad100 g ma\u015bci zawiera: ARNICA MONTANA &#8211; 10 g, 4-HYDROKSYBENZOESAN ETYLU, UNIBASIS ABCDEW.WskazaniaUrazy takie jak kontuzje, zwichni\u0119cia, krwiaki, naci\u0105gni\u0119cia mi\u0119\u015bni, obrz\u0119ki zwi\u0105zane ze z\u0142amaniami, silnymi st\u0142uczeniami i wybiciami a tak\u017ce stany zapalne i rany.DawkowanieJe\u017celi lekarz nie zaleci inaczej, ma\u015b\u0107 nale\u017cy wciera\u0107 w miejsca chorobowo zmienione 1-2 razy dziennie, w razie potrzeby cz\u0119\u015bciej.KomentarzeWSTECZDALEJZG\u0141O\u015a DO MODERATORADodaj komentarz [&hellip;]<\/p>\n","protected":false},"featured_media":7161,"comment_status":"closed","ping_status":"open","template":"","meta":[],"product_cat":[1540,1534],"product_tag":[829,705,850],"class_list":["post-7160","product","type-product","status-publish","has-post-thumbnail","hentry","product_cat-miesnie-stawy-i-kosci","product_cat-starpharma","product_tag-bajki-do-czytania-na-dobranoc","product_tag-prezent-na-roczek-dla-chlopca","product_tag-wroclaw-atrakcje-dla-dzieci"],"_links":{"self":[{"href":"http:\/\/klubmamgdynia.pl\/index.php\/wp-json\/wp\/v2\/product\/7160","targetHints":{"allow":["GET"]}}],"collection":[{"href":"http:\/\/klubmamgdynia.pl\/index.php\/wp-json\/wp\/v2\/product"}],"about":[{"href":"http:\/\/klubmamgdynia.pl\/index.php\/wp-json\/wp\/v2\/types\/product"}],"replies":[{"embeddable":true,"href":"http:\/\/klubmamgdynia.pl\/index.php\/wp-json\/wp\/v2\/comments?post=7160"}],"wp:featuredmedia":[{"embeddable":true,"href":"http:\/\/klubmamgdynia.pl\/index.php\/wp-json\/wp\/v2\/media\/7161"}],"wp:attachment":[{"href":"http:\/\/klubmamgdynia.pl\/index.php\/wp-json\/wp\/v2\/media?parent=7160"}],"wp:term":[{"taxonomy":"product_cat","embeddable":true,"href":"http:\/\/klubmamgdynia.pl\/index.php\/wp-json\/wp\/v2\/product_cat?post=7160"},{"taxonomy":"product_tag","embeddable":true,"href":"http:\/\/klubmamgdynia.pl\/index.php\/wp-json\/wp\/v2\/product_tag?post=7160"}],"curies":[{"name":"wp","href":"https:\/\/api.w.org\/{rel}","templated":true}]}}