{"id":7162,"date":"2021-02-03T22:44:45","date_gmt":"2021-02-03T21:44:45","guid":{"rendered":"http:\/\/klubmamgdynia.pl\/index.php\/produkt\/hh-poland-mozaika-ukladanka-guzikowa-8-obrazkow-48-guziczkow\/"},"modified":"2026-05-17T23:01:28","modified_gmt":"2026-05-17T21:01:28","slug":"hh-poland-mozaika-ukladanka-guzikowa-8-obrazkow-48-guziczkow","status":"publish","type":"product","link":"http:\/\/klubmamgdynia.pl\/index.php\/produkt\/hh-poland-mozaika-ukladanka-guzikowa-8-obrazkow-48-guziczkow\/","title":{"rendered":"Hh-Poland Mozaika Uk\u0142adanka Guzikowa 8 Obrazk\u00f3w 48 Guziczk\u00f3w"},"content":{"rendered":"<p>Guzikowa uk\u0142adanka rozwija wyobra\u017ani\u0119, oraz my\u015blenie przestrzenne, kt\u00f3re jest tak wa\u017cne w rozwoju ka\u017cdego dziecka.Zabawka posiada 48 guziczk\u00f3w i 8 r\u00f3\u017cnych plansz, z kt\u00f3rych mo\u017cesz u\u0142o\u017cy\u0107 kolorowe obrazki.Taka zabawa rozwija kreatywno\u015b\u0107, kszta\u0142tuje wyobra\u017anie malucha, oraz uczy wytrwa\u0142o\u015bci i koncentracji.Pog\u0142\u0119bi umiej\u0119tno\u015bci manualne dziecka.Uk\u0142adanie stymuluje prawid\u0142ow\u0105 motoryk\u0119 ma\u0142ej r\u0105czki, rozwijaj\u0105c sprawno\u015b\u0107 ma\u0142ych paluszk\u00f3w i oka.Wykonana z wytrzyma\u0142ych i nietoksycznych materia\u0142\u00f3w.Zabawa rozwija wyobra\u017ani\u0119 i kreatywno\u015b\u0107.Pomaga rozwija\u0107 zmys\u0142y dziecka, zdolno\u015bci planistyczne, artystyczne i ciekawo\u015b\u0107.ZAWARTO\u015a\u0106:guziczkowa uk\u0142adanka48 guziczk\u00f3w8 obrazk\u00f3wWIEK:3 lata+WAGA:610 gWYMIARY:opakowania 35 x 26,5 x 5,5 cm<\/p>\n<h2>Hh-Poland Mozaika Uk\u0142adanka Guzikowa 8 Obrazk\u00f3w 48 Guziczk\u00f3w HH Poland<\/h2>\n<p>zagadki \u015bmieszne dla dzieci, misie z bajek, krecik bajka, asiunia test, kolorowanki super zings, uk\u0142ad s\u0142oneczny do druku, tekst o rodzinie, kolorowanki samochody, bajki dla dziewczynek, imi\u0119 nadia, nauka pisania wyraz\u00f3w dla dzieci do druku pdf, iwo imi\u0119, quiz o minecraft, posz\u0142a ola na spacerek, ja\u015bmina imi\u0119, nauczyciel cytaty, cytaty o dziecku, zagadki na inteligencj\u0119 z odpowiedziami, peppa kolorowanka<\/p>\n<p>yyyyy<\/p>\n<p>&nbsp;<\/p>\n","protected":false},"excerpt":{"rendered":"<p>Guzikowa uk\u0142adanka rozwija wyobra\u017ani\u0119, oraz my\u015blenie przestrzenne, kt\u00f3re jest tak wa\u017cne w rozwoju ka\u017cdego dziecka.Zabawka posiada 48 guziczk\u00f3w i 8 r\u00f3\u017cnych plansz, z kt\u00f3rych mo\u017cesz u\u0142o\u017cy\u0107 kolorowe obrazki.Taka zabawa rozwija kreatywno\u015b\u0107, kszta\u0142tuje wyobra\u017anie malucha, oraz uczy wytrwa\u0142o\u015bci i koncentracji.Pog\u0142\u0119bi umiej\u0119tno\u015bci manualne dziecka.Uk\u0142adanie stymuluje prawid\u0142ow\u0105 motoryk\u0119 ma\u0142ej r\u0105czki, rozwijaj\u0105c sprawno\u015b\u0107 ma\u0142ych paluszk\u00f3w i oka.Wykonana z wytrzyma\u0142ych [&hellip;]<\/p>\n","protected":false},"featured_media":7163,"comment_status":"closed","ping_status":"open","template":"","meta":[],"product_cat":[290,21],"product_tag":[817,836,781,593,620,804],"class_list":["post-7162","product","type-product","status-publish","has-post-thumbnail","hentry","product_cat-hh-poland","product_cat-zabawki-plastyczne","product_tag-bajka-terapeutyczna-o-emocjach","product_tag-co-kupic-dziecku-na-roczek","product_tag-cytaty-o-wychowaniu-dzieci","product_tag-jak-narysowac-konia","product_tag-quiz-opowiesci-z-narnii","product_tag-ryz-z-owocami"],"_links":{"self":[{"href":"http:\/\/klubmamgdynia.pl\/index.php\/wp-json\/wp\/v2\/product\/7162","targetHints":{"allow":["GET"]}}],"collection":[{"href":"http:\/\/klubmamgdynia.pl\/index.php\/wp-json\/wp\/v2\/product"}],"about":[{"href":"http:\/\/klubmamgdynia.pl\/index.php\/wp-json\/wp\/v2\/types\/product"}],"replies":[{"embeddable":true,"href":"http:\/\/klubmamgdynia.pl\/index.php\/wp-json\/wp\/v2\/comments?post=7162"}],"wp:featuredmedia":[{"embeddable":true,"href":"http:\/\/klubmamgdynia.pl\/index.php\/wp-json\/wp\/v2\/media\/7163"}],"wp:attachment":[{"href":"http:\/\/klubmamgdynia.pl\/index.php\/wp-json\/wp\/v2\/media?parent=7162"}],"wp:term":[{"taxonomy":"product_cat","embeddable":true,"href":"http:\/\/klubmamgdynia.pl\/index.php\/wp-json\/wp\/v2\/product_cat?post=7162"},{"taxonomy":"product_tag","embeddable":true,"href":"http:\/\/klubmamgdynia.pl\/index.php\/wp-json\/wp\/v2\/product_tag?post=7162"}],"curies":[{"name":"wp","href":"https:\/\/api.w.org\/{rel}","templated":true}]}}