{"id":7164,"date":"2014-11-17T11:03:09","date_gmt":"2014-11-17T10:03:09","guid":{"rendered":"http:\/\/klubmamgdynia.pl\/index.php\/produkt\/estrovita-kids-plynna-omega-3-6-9-150ml\/"},"modified":"2026-04-28T14:05:50","modified_gmt":"2026-04-28T12:05:50","slug":"estrovita-kids-plynna-omega-3-6-9-150ml","status":"publish","type":"product","link":"http:\/\/klubmamgdynia.pl\/index.php\/produkt\/estrovita-kids-plynna-omega-3-6-9-150ml\/","title":{"rendered":"EstroVita Kids p\u0142ynna Omega 3-6-9 150ml"},"content":{"rendered":"<p>.                            <\/p>\n<p>EstroVita Kids p\u0142ynna Omega 3-6-9 150mlEstrovita Kids Omega 3-6-9 Dla dzieci o smaku malinowym to suplement diety polecany do stosowania u dzieci w celu wsparcia odporno\u015bci i prawid\u0142owego rozwoju organizmu, szczeg\u00f3lnie w okresie wzrostu. EstroVita Kids przeznaczony jest dla dzieci powy\u017cej trzeciego roku \u017cycia.\u00a0EstroVita Kids jest preparatem zawieraj\u0105cym ultraczyst\u0105 form\u0119 kwas\u00f3w t\u0142uszczowych z grupy omega w postaci estr\u00f3w etylowych, kt\u00f3re zapewniaj\u0105 znakomit\u0105 biodost\u0119pno\u015b\u0107 i wysok\u0105 ich bioretencj\u0119 w organizmie dziecka. Ro\u015blinne niezb\u0119dne nienasycone kwasy t\u0142uszczowe (NNKT) z grupy omega powinny by\u0107 dostarczane szczeg\u00f3lnie w okresie intensywnego wzrostu i rozwoju dzieci.\u00a0\u00a0Na formu\u0142\u0119 suplementu diety EstroVita Kids sk\u0142adaj\u0105 si\u0119:\u00a0Kwas \u03b1-linolenowy, kwas linolowy \u2013 to niezb\u0119dne nienasycone kwasy t\u0142uszczowe, potrzebne do prawid\u0142owego wzrostu i rozwoju dzieci.\u00a0Witamina A \u2013 pomaga w utrzymaniu prawid\u0142owego widzenia, a tak\u017ce wspomaga prawid\u0142owe funkcjonowanie uk\u0142adu odporno\u015bciowego.Witamina E \u2013 wspomaga organizm w ochronie kom\u00f3rek przed stresem oksydacyjnym.Witamina D \u2013 jest niezb\u0119dna do w\u0142a\u015bciwego wzrostu i rozwoju ko\u015bci u dzieci, przyczynia si\u0119 do prawid\u0142owego funkcjonowania uk\u0142adu odporno\u015bciowego u dzieci, pomaga w utrzymaniu zdrowych z\u0119b\u00f3w.Olejek z rozmarynu \u2013 wspiera uk\u0142ad odporno\u015bciowy oraz naturaln\u0105 obron\u0119 organizmu.Suplement diety dost\u0119pny jest w przyst\u0119pnym dla dzieci smaku malinowym.                            <\/p>\n<p>Stosowanie:2,5 ml podczas posi\u0142ku dla dzieci od 3-9 roku \u017cycia5 ml dla dzieci powy\u017cej 10 roku \u017cycia. Zaleca si\u0119 stosowanie miarki do\u0142\u0105czonej do opakowaniaSk\u0142adniki:Estry etylowe wy\u017cszych kwas\u00f3w t\u0142uszczowych o wysokiej zawarto\u015bci niezb\u0119dnych nienasyconych kwas\u00f3w t\u0142uszczowych omega-3, -6, -9, aromat malinowy, olejek z rozmarynu (Rosmarinus officinalis), witamina E (D-alfa-tokoferol), witamina A (palmitynian retinylu), witamina D (cholekalcyferol).                            <\/p>\n<p>***Suplementy diety nie mog\u0105 by\u0107 stosowane jako substytut (zamiennik) zr\u00f3\u017cnicowanej diety ani zdrowego trybu \u017cycia. Nie nale\u017cy przekracza\u0107 zalecanej porcji produktu do spo\u017cycia w ci\u0105gu dnia. Suplementy diety powinny by\u0107 przechowywane w spos\u00f3b niedost\u0119pny dla ma\u0142ych dzieci. Przed zastosowaniem produktu sugerujemy zapoznanie si\u0119 z dok\u0142adnymi informacjami podanymi na opakowaniu lub za\u0142\u0105czonej ulotce.<\/p>\n<h2>EstroVita Kids p\u0142ynna Omega 3-6-9 150ml Skotan<\/h2>\n<p>bajki dla dzieci do czytania, kolorowanka lol, bajka o miko\u0142aju do czytania, kolorowanki zwierz\u0119ta, atrakcje dla dzieci wroclaw, krzy\u017c\u00f3wki dla dzieci do druku, kolorowanki super zings, literki do pisania, kolorowanka ksi\u0119\u017cniczka, wierszyk o choince, oliwier znaczenie imienia, prezent dla 15 latka, asiunia test, zabawy logiczne dla dzieci, psi patrol kolorowanka do druku, cytaty dla dzieci<\/p>\n<p>yyyyy<\/p>\n<p>&nbsp;<\/p>\n","protected":false},"excerpt":{"rendered":"<p>. EstroVita Kids p\u0142ynna Omega 3-6-9 150mlEstrovita Kids Omega 3-6-9 Dla dzieci o smaku malinowym to suplement diety polecany do stosowania u dzieci w celu wsparcia odporno\u015bci i prawid\u0142owego rozwoju organizmu, szczeg\u00f3lnie w okresie wzrostu. EstroVita Kids przeznaczony jest dla dzieci powy\u017cej trzeciego roku \u017cycia.\u00a0EstroVita Kids jest preparatem zawieraj\u0105cym ultraczyst\u0105 form\u0119 kwas\u00f3w t\u0142uszczowych z grupy [&hellip;]<\/p>\n","protected":false},"featured_media":7165,"comment_status":"closed","ping_status":"open","template":"","meta":[],"product_cat":[1541,1533],"product_tag":[852,688,692,709,873],"class_list":["post-7164","product","type-product","status-publish","has-post-thumbnail","hentry","product_cat-skotan","product_cat-suplementy-dla-dzieci","product_tag-jak-zrobic-samolot-z-papieru","product_tag-kolysanki-tekst","product_tag-prezenty-na-roczek","product_tag-zagadki-dla-dzieci-6-7-lat","product_tag-zagadki-z-odpowiedziami-dla-dzieci"],"_links":{"self":[{"href":"http:\/\/klubmamgdynia.pl\/index.php\/wp-json\/wp\/v2\/product\/7164","targetHints":{"allow":["GET"]}}],"collection":[{"href":"http:\/\/klubmamgdynia.pl\/index.php\/wp-json\/wp\/v2\/product"}],"about":[{"href":"http:\/\/klubmamgdynia.pl\/index.php\/wp-json\/wp\/v2\/types\/product"}],"replies":[{"embeddable":true,"href":"http:\/\/klubmamgdynia.pl\/index.php\/wp-json\/wp\/v2\/comments?post=7164"}],"wp:featuredmedia":[{"embeddable":true,"href":"http:\/\/klubmamgdynia.pl\/index.php\/wp-json\/wp\/v2\/media\/7165"}],"wp:attachment":[{"href":"http:\/\/klubmamgdynia.pl\/index.php\/wp-json\/wp\/v2\/media?parent=7164"}],"wp:term":[{"taxonomy":"product_cat","embeddable":true,"href":"http:\/\/klubmamgdynia.pl\/index.php\/wp-json\/wp\/v2\/product_cat?post=7164"},{"taxonomy":"product_tag","embeddable":true,"href":"http:\/\/klubmamgdynia.pl\/index.php\/wp-json\/wp\/v2\/product_tag?post=7164"}],"curies":[{"name":"wp","href":"https:\/\/api.w.org\/{rel}","templated":true}]}}