{"id":7166,"date":"2020-12-14T02:01:59","date_gmt":"2020-12-14T01:01:59","guid":{"rendered":"http:\/\/klubmamgdynia.pl\/index.php\/produkt\/gripblocker-express-kaps-03g003x-20\/"},"modified":"2026-05-17T22:13:26","modified_gmt":"2026-05-17T20:13:26","slug":"gripblocker-express-kaps-03g003x-20","status":"publish","type":"product","link":"http:\/\/klubmamgdynia.pl\/index.php\/produkt\/gripblocker-express-kaps-03g003x-20\/","title":{"rendered":"GRIPBLOCKER EXPRESS kaps. 0,3g+0,03x 20"},"content":{"rendered":"<p>GRIPBLOCKER EXPRESS 20 kapsu\u0142ekGRIPBLOCKER EXPRESS jest lekiem wielosk\u0142adnikowym przeznaczonym do kr\u00f3tkotrwa\u0142ego leczenia objaw\u00f3w przezi\u0119bienia i grypyWskazaniaGRIPBLOCKER EXPRESS jest lekiem przeznaczonym do leczenia doros\u0142ych i m\u0142odzie\u017cy oraz dzieci w wieku powy\u017cej 6 latDora\u017ane leczenie objaw\u00f3w przezi\u0119bienia, grypy, stan\u00f3w grypopodobnych, zapalenia zatok przynosowych (gor\u0105czka, katar, kaszel, b\u00f3l g\u0142owy, b\u00f3l gard\u0142a, b\u00f3le mi\u0119\u015bniowe i kostno &#8211; stawowe)Dzia\u0142anieLek zawiera trzy substancje czynne: paracetamol, pseudoefedryn\u0119 i dekstrometorfanDzia\u0142a przeciwb\u00f3lowo, przeciwgor\u0105czkowo, przeciwkaszlowo, przywraca dro\u017cno\u015b\u0107 przewod\u00f3w nosowych i uj\u015b\u0107 zatok przynosowych, zmniejsza ilo\u015b\u0107 wydzieliny \u015bluzowej oraz przekrwienie i obrz\u0119k b\u0142ony \u015bluzowej nosaDawkowanieTen lek nale\u017cy zawsze stosowa\u0107 dok\u0142adnie tak, jak to opisano w ulotce dla pacjenta lub wed\u0142ug zalece\u0144 lekarza lub farmaceutyLek stosuje si\u0119 doustnieDoro\u015bli i m\u0142odzie\u017c w wieku powy\u017cej 12 lat: od 1 do 2 kapsu\u0142ek, 3-4 razy na dob\u0119. Nie nale\u017cy stosowa\u0107 wi\u0119cej ni\u017c 8 kapsu\u0142ek na dob\u0119Dzieci w wieku 6 do 12 lat: 1 kapsu\u0142ka 3-4 razy na dob\u0119. Nie nale\u017cy stosowa\u0107 wi\u0119cej ni\u017c 4 kapsu\u0142ki na dob\u0119Sk\u0142adSubstancjami czynnymi leku s\u0105 paracetamol, pseudoefedryna, dekstrometorfan. 1 kapsu\u0142ka zawiera 300 mg paracetamolu, 30 mg chlorowodorku pseudoefedryny i 12 mg bromowodorku dekstrometorfanuPozosta\u0142e sk\u0142adniki (substancje pomocnicze) to: makrogol 400, glicerol, glikol propylenowy, powidon K17, woda oczyszczona, \u017celatyna, sorbitol ciek\u0142y niekrystalizuj\u0105cy, czerwie\u0144 koszenilowa E124Lek GRIPBLOCKER EXPRESS zawiera sorbitol oraz czerwie\u0144 koszenilow\u0105<\/p>\n<h2>GRIPBLOCKER EXPRESS kaps. 0,3g+0,03x 20 Hasco-Lek<\/h2>\n<p>zabawka na roczek, zagadki logiczne trudne, zabawy dla 5 6 latk\u00f3w, pomys\u0142 na prezent dla 15 latki, testy ma\u0142y ksi\u0105\u017ce, imie pola, zagadki dla 7 latk\u00f3w<\/p>\n<p>yyyyy<\/p>\n<p>&nbsp;<\/p>\n","protected":false},"excerpt":{"rendered":"<p>GRIPBLOCKER EXPRESS 20 kapsu\u0142ekGRIPBLOCKER EXPRESS jest lekiem wielosk\u0142adnikowym przeznaczonym do kr\u00f3tkotrwa\u0142ego leczenia objaw\u00f3w przezi\u0119bienia i grypyWskazaniaGRIPBLOCKER EXPRESS jest lekiem przeznaczonym do leczenia doros\u0142ych i m\u0142odzie\u017cy oraz dzieci w wieku powy\u017cej 6 latDora\u017ane leczenie objaw\u00f3w przezi\u0119bienia, grypy, stan\u00f3w grypopodobnych, zapalenia zatok przynosowych (gor\u0105czka, katar, kaszel, b\u00f3l g\u0142owy, b\u00f3l gard\u0142a, b\u00f3le mi\u0119\u015bniowe i kostno &#8211; stawowe)Dzia\u0142anieLek zawiera [&hellip;]<\/p>\n","protected":false},"featured_media":7167,"comment_status":"closed","ping_status":"open","template":"","meta":[],"product_cat":[1542,198],"product_tag":[844,781,605,770,757],"class_list":["post-7166","product","type-product","status-publish","has-post-thumbnail","hentry","product_cat-hasco-lek","product_cat-przeziebienie-i-grypa","product_tag-co-kupic-na-roczek","product_tag-cytaty-o-wychowaniu-dzieci","product_tag-milena","product_tag-samolot-z-papieru","product_tag-test-z-lektury-ania-z-zielonego-wzgorza-klasa-6-z-odpowiedziami"],"_links":{"self":[{"href":"http:\/\/klubmamgdynia.pl\/index.php\/wp-json\/wp\/v2\/product\/7166","targetHints":{"allow":["GET"]}}],"collection":[{"href":"http:\/\/klubmamgdynia.pl\/index.php\/wp-json\/wp\/v2\/product"}],"about":[{"href":"http:\/\/klubmamgdynia.pl\/index.php\/wp-json\/wp\/v2\/types\/product"}],"replies":[{"embeddable":true,"href":"http:\/\/klubmamgdynia.pl\/index.php\/wp-json\/wp\/v2\/comments?post=7166"}],"wp:featuredmedia":[{"embeddable":true,"href":"http:\/\/klubmamgdynia.pl\/index.php\/wp-json\/wp\/v2\/media\/7167"}],"wp:attachment":[{"href":"http:\/\/klubmamgdynia.pl\/index.php\/wp-json\/wp\/v2\/media?parent=7166"}],"wp:term":[{"taxonomy":"product_cat","embeddable":true,"href":"http:\/\/klubmamgdynia.pl\/index.php\/wp-json\/wp\/v2\/product_cat?post=7166"},{"taxonomy":"product_tag","embeddable":true,"href":"http:\/\/klubmamgdynia.pl\/index.php\/wp-json\/wp\/v2\/product_tag?post=7166"}],"curies":[{"name":"wp","href":"https:\/\/api.w.org\/{rel}","templated":true}]}}