{"id":7168,"date":"2015-12-19T05:22:02","date_gmt":"2015-12-19T04:22:02","guid":{"rendered":"http:\/\/klubmamgdynia.pl\/index.php\/produkt\/vitis-gg-20-kaps\/"},"modified":"2026-05-17T23:16:15","modified_gmt":"2026-05-17T21:16:15","slug":"vitis-gg-20-kaps","status":"publish","type":"product","link":"http:\/\/klubmamgdynia.pl\/index.php\/produkt\/vitis-gg-20-kaps\/","title":{"rendered":"Vitis Gg 20 Kaps"},"content":{"rendered":"<p>W\u0141A\u015aCIWO\u015aCI: Vitis GG kapsu\u0142ki to suplement diety zawieraj\u0105cy szczep bakterii Lactobacillus rhamnosus GG (ATCC 53103) o korzystnym dzia\u0142aniu wspieraj\u0105cym r\u00f3wnowag\u0119 jelitowej flory bakteryjnej. Bakterie te wyst\u0119puj\u0105 naturalnie w przewodzie pokarmowym cz\u0142owieka, s\u0105 odporne na dzia\u0142anie soku \u017co\u0142\u0105dkowego i kwas\u00f3w \u017c\u00f3\u0142ciowych oraz wykazuj\u0105 du\u017c\u0105 zdolno\u015b\u0107 przylegania do nab\u0142onka jelitowego, dzi\u0119ki czemu \u0142atwo zasiedlaj\u0105 przew\u00f3d pokarmowy. WSKAZANIA: Wytyczne World Allergy Organization (WAO) wskazuj\u0105 na korzy\u015bci p\u0142yn\u0105ce ze stosowania probiotyk\u00f3w w celu zmniejszenia ryzyka wyprysku (atopowego zapalenia sk\u00f3ry). W zwi\u0105zku z powy\u017cszym WAO sugeruje stosowanie probiotyk\u00f3w: przez kobiety w ci\u0105\u017cy, je\u017celi u ich dzieci istnieje zwi\u0119kszone ryzyko wyst\u0105pienia alergii (obecno\u015b\u0107 udokumentowanej atopii u rodzic\u00f3w i\/lub rodze\u0144stwa dziecka) przez kobiety karmi\u0105ce piersi\u0105, je\u017celi u ich dzieci istnieje zwi\u0119kszone ryzyko alergii; przez niemowl\u0119ta z grupy zwi\u0119kszonego ryzyka wyst\u0105pienia alergii Lactobacillus rhamnosus GG (ATCC 53103) Lactobacillus rhamnosus GG jest jednym z najlepiej i najszerzej przebadanych szczep\u00f3w probiotycznych, o udowodnionej skuteczno\u015bci i bezpiecze\u0144stwie. POJEMNO\u015a\u0106: 20 kapsu\u0142ek Maltodekstryna, substancja powlekaj\u0105ca: hydroksypropylometylo-celuloza (kapsu\u0142ka), Lactobacillus rhamnosus GG* (ATCC 53103), barwnik: E 171**, \u015brodek przeciwzbrylaj\u0105cy: mono- i diglicerydy kwas\u00f3w t\u0142uszczowych. Produkt bezglutenowy. SK\u0141AD: Zawarto\u015b\u0107 w 2 kapsu\u0142kach Lactobacillus rhamnosus GG 10x109CFU* Jedna kapsu\u0142ka zawiera nie mniej ni\u017c 5 miliard\u00f3w \u017cywych kom\u00f3rek (*CFU \u2013 jednostka tworz\u0105ca koloni\u0119 bakterii). Ta warto\u015b\u0107 jest gwarantowana do daty podanej na opakowaniu dla produktu w\u0142a\u015bciwie przechowywanego. SPOS\u00d3B U\u017bYCIA: 1-2 kapsu\u0142ki dziennie. Po\u0142kn\u0105\u0107 kapsu\u0142k\u0119 w ca\u0142o\u015bci lub otworzy\u0107 i zawarto\u015b\u0107 rozpu\u015bci\u0107 w wodzie (lub innym p\u0142ynie, np. sok owocowy, mleko) o temperaturze do 37\u00b0C. Produkt najlepiej przyjmowa\u0107 w trakcie posi\u0142k\u00f3w. Je\u017celi masz jakiekolwiek w\u0105tpliwo\u015bci dotycz\u0105ce prawid\u0142owego stosowania produktu, skonsultuj si\u0119 z lekarzem. WA\u017bNE INFORMACJE: Nie nale\u017cy przekracza\u0107 zalecanej dziennej porcji do spo\u017cycia. Suplement diety nie mo\u017ce zast\u0119powa\u0107 zr\u00f3\u017cnicowanej i zr\u00f3wnowa\u017conej diety oraz zdrowego stylu \u017cycia. Przechowywa\u0107 w miejscu niedost\u0119pnym dla ma\u0142ych dzieci. Produkt zawiera \u017cywe kultury bakterii wra\u017cliwe na temperatur\u0119. Nale\u017cy unika\u0107 nara\u017cania produktu na dzia\u0142anie \u017ar\u00f3de\u0142 ciep\u0142a, promieni s\u0142onecznych i gwa\u0142townych zmian temperatury. Przechowywa\u0107 w temperaturze poni\u017cej 25\u00b0C. Nie ma konieczno\u015bci przechowywania w lod\u00f3wce. Data umieszczona na opakowaniu odnosi si\u0119 do produktu prawid\u0142owo przechowywanego, w nienaruszonym opakowaniu.<\/p>\n<h2>Vitis Gg 20 Kaps Vitis Pharma<\/h2>\n<p>karaluchy pod poduchy, domki nad morzem z atrakcjami dla dzieci, zabawka na roczek, test z ani z zielonego wzg\u00f3rza, wszystkie flagi \u015bwiata quiz, co dla rocznego dziecka, trudne zagadki logiczne z odpowiedziami, zagadki matematyczne na logik\u0119, hobbit, maski zwierz\u0105t szablony do druku, bal halloween dla dzieci 2021, co kupic dziewczynce na roczek, aurelia imie, zagadki dla 9 latk\u00f3w, literki do pisania, dyplomy do druku pdf, warsztaty dla dzieci warszawa, kiedy dzieci chodz\u0105 na halloween<\/p>\n<p>yyyyy<\/p>\n<p>&nbsp;<\/p>\n","protected":false},"excerpt":{"rendered":"<p>W\u0141A\u015aCIWO\u015aCI: Vitis GG kapsu\u0142ki to suplement diety zawieraj\u0105cy szczep bakterii Lactobacillus rhamnosus GG (ATCC 53103) o korzystnym dzia\u0142aniu wspieraj\u0105cym r\u00f3wnowag\u0119 jelitowej flory bakteryjnej. Bakterie te wyst\u0119puj\u0105 naturalnie w przewodzie pokarmowym cz\u0142owieka, s\u0105 odporne na dzia\u0142anie soku \u017co\u0142\u0105dkowego i kwas\u00f3w \u017c\u00f3\u0142ciowych oraz wykazuj\u0105 du\u017c\u0105 zdolno\u015b\u0107 przylegania do nab\u0142onka jelitowego, dzi\u0119ki czemu \u0142atwo zasiedlaj\u0105 przew\u00f3d pokarmowy. WSKAZANIA: [&hellip;]<\/p>\n","protected":false},"featured_media":7169,"comment_status":"closed","ping_status":"open","template":"","meta":[],"product_cat":[1533,1543],"product_tag":[836,802,622,787,639,692],"class_list":["post-7168","product","type-product","status-publish","has-post-thumbnail","hentry","product_cat-suplementy-dla-dzieci","product_cat-vitis-pharma","product_tag-co-kupic-dziecku-na-roczek","product_tag-co-kupic-dziewczynce-na-roczek","product_tag-fajne-zagadki","product_tag-nauka-pisania-wyrazow-dla-dzieci-do-druku-pdf","product_tag-nela-imie","product_tag-prezenty-na-roczek"],"_links":{"self":[{"href":"http:\/\/klubmamgdynia.pl\/index.php\/wp-json\/wp\/v2\/product\/7168","targetHints":{"allow":["GET"]}}],"collection":[{"href":"http:\/\/klubmamgdynia.pl\/index.php\/wp-json\/wp\/v2\/product"}],"about":[{"href":"http:\/\/klubmamgdynia.pl\/index.php\/wp-json\/wp\/v2\/types\/product"}],"replies":[{"embeddable":true,"href":"http:\/\/klubmamgdynia.pl\/index.php\/wp-json\/wp\/v2\/comments?post=7168"}],"wp:featuredmedia":[{"embeddable":true,"href":"http:\/\/klubmamgdynia.pl\/index.php\/wp-json\/wp\/v2\/media\/7169"}],"wp:attachment":[{"href":"http:\/\/klubmamgdynia.pl\/index.php\/wp-json\/wp\/v2\/media?parent=7168"}],"wp:term":[{"taxonomy":"product_cat","embeddable":true,"href":"http:\/\/klubmamgdynia.pl\/index.php\/wp-json\/wp\/v2\/product_cat?post=7168"},{"taxonomy":"product_tag","embeddable":true,"href":"http:\/\/klubmamgdynia.pl\/index.php\/wp-json\/wp\/v2\/product_tag?post=7168"}],"curies":[{"name":"wp","href":"https:\/\/api.w.org\/{rel}","templated":true}]}}