{"id":7172,"date":"2015-09-16T16:07:50","date_gmt":"2015-09-16T14:07:50","guid":{"rendered":"http:\/\/klubmamgdynia.pl\/index.php\/produkt\/hh-poland-pralka-na-baterie-015630-zabawka\/"},"modified":"2026-05-17T22:38:58","modified_gmt":"2026-05-17T20:38:58","slug":"hh-poland-pralka-na-baterie-015630-zabawka","status":"publish","type":"product","link":"http:\/\/klubmamgdynia.pl\/index.php\/produkt\/hh-poland-pralka-na-baterie-015630-zabawka\/","title":{"rendered":"Hh Poland Pralka Na Baterie 015630 &#8211; Zabawka"},"content":{"rendered":"<h2>Hh Poland Pralka Na Baterie 015630 &#8211; Zabawka HH Poland<\/h2>\n<p>ko\u0142ysanka dla dzieci tekst, stare piosenki, ozdoby choinkowe dla dzieci, lucjan, mi\u0142o\u015b\u0107 do dziecka cytaty, z\u0142ote my\u015bli o przyja\u017ani, marcel imi\u0119, zagadka, stare wiersze dla dzieci, prezent dla siedemnastolatka, anio\u0142ki w niebie pisz\u0105<\/p>\n<p>yyyyy<\/p>\n<p>&nbsp;<\/p>\n","protected":false},"excerpt":{"rendered":"<p>Hh Poland Pralka Na Baterie 015630 &#8211; Zabawka HH Poland ko\u0142ysanka dla dzieci tekst, stare piosenki, ozdoby choinkowe dla dzieci, lucjan, mi\u0142o\u015b\u0107 do dziecka cytaty, z\u0142ote my\u015bli o przyja\u017ani, marcel imi\u0119, zagadka, stare wiersze dla dzieci, prezent dla siedemnastolatka, anio\u0142ki w niebie pisz\u0105 yyyyy &nbsp;<\/p>\n","protected":false},"featured_media":7173,"comment_status":"closed","ping_status":"open","template":"","meta":[],"product_cat":[290,53],"product_tag":[833,826,616,738,693],"class_list":["post-7172","product","type-product","status-publish","has-post-thumbnail","hentry","product_cat-hh-poland","product_cat-kaciki-zabaw","product_tag-bajki-dla-dzieci-do-czytania","product_tag-prezent-dla-15-latka","product_tag-test-mikolajek-25-pytan","product_tag-wroclaw-dla-dzieci","product_tag-zagadki-dla-doroslych"],"_links":{"self":[{"href":"http:\/\/klubmamgdynia.pl\/index.php\/wp-json\/wp\/v2\/product\/7172","targetHints":{"allow":["GET"]}}],"collection":[{"href":"http:\/\/klubmamgdynia.pl\/index.php\/wp-json\/wp\/v2\/product"}],"about":[{"href":"http:\/\/klubmamgdynia.pl\/index.php\/wp-json\/wp\/v2\/types\/product"}],"replies":[{"embeddable":true,"href":"http:\/\/klubmamgdynia.pl\/index.php\/wp-json\/wp\/v2\/comments?post=7172"}],"wp:featuredmedia":[{"embeddable":true,"href":"http:\/\/klubmamgdynia.pl\/index.php\/wp-json\/wp\/v2\/media\/7173"}],"wp:attachment":[{"href":"http:\/\/klubmamgdynia.pl\/index.php\/wp-json\/wp\/v2\/media?parent=7172"}],"wp:term":[{"taxonomy":"product_cat","embeddable":true,"href":"http:\/\/klubmamgdynia.pl\/index.php\/wp-json\/wp\/v2\/product_cat?post=7172"},{"taxonomy":"product_tag","embeddable":true,"href":"http:\/\/klubmamgdynia.pl\/index.php\/wp-json\/wp\/v2\/product_tag?post=7172"}],"curies":[{"name":"wp","href":"https:\/\/api.w.org\/{rel}","templated":true}]}}