{"id":7176,"date":"2016-11-09T02:52:06","date_gmt":"2016-11-09T01:52:06","guid":{"rendered":"http:\/\/klubmamgdynia.pl\/index.php\/produkt\/aflofarm-syrop-herbapect-junior-100ml\/"},"modified":"2026-05-17T22:37:39","modified_gmt":"2026-05-17T20:37:39","slug":"aflofarm-syrop-herbapect-junior-100ml","status":"publish","type":"product","link":"http:\/\/klubmamgdynia.pl\/index.php\/produkt\/aflofarm-syrop-herbapect-junior-100ml\/","title":{"rendered":"Aflofarm Syrop HERBAPECT JUNIOR 100ml"},"content":{"rendered":"<p>HERBAPECT JUNIOR<\/p>\n<p>Sk\u0142adniki wyrobu medycznego Herbapect Junior o smaku malinowym powlekaj\u0105 b\u0142on\u0119 \u015bluzow\u0105 g\u00f3rnych dr\u00f3g oddechowych ochronnym filmem, \u0142agodz\u0105c kaszel. Dzi\u0119ki swoim w\u0142a\u015bciwo\u015bciom wyr\u00f3b zabezpiecza b\u0142on\u0119 \u015bluzow\u0105 przed szkodliwy wp\u0142ywem czynnik\u00f3w dra\u017cni\u0105cych (takich jak suche i zimne powietrze), zmniejszaj\u0105c cz\u0119stotliwo\u015b\u0107 odruchu kaszlowego. Dodatkowo Herbapect Junior poprawia nawil\u017cenie gard\u0142a i u\u0142atwia odkrztuszanie \u015bluzu. Ponadto, dzi\u0119ki w\u0142a\u015bciwo\u015bciom \u0142agodz\u0105cym, wyr\u00f3b wspomaga przywr\u00f3cenie r\u00f3wnowagi, podra\u017cnionej kaszlem, b\u0142onie \u015bluzowej gard\u0142a.Zastosowanie:\u00a0u\u0142atwienie odkrztuszania, zmniejszenie cz\u0119stotliwo\u015bci kaszlu.Zalecane spo\u017cycie:\u00a0dzieci powy\u017cej 3. roku \u017cycia: 5 razy dziennie po 5ml . Do opakowania do\u0142\u0105czona jest miarka u\u0142atwiaj\u0105ca dawkowanie. W przypadku braku poprawy po 5 dniach stosowania nale\u017cy zasi\u0119gn\u0105\u0107 porady lekarza.Sk\u0142adniki:\u00a0woda, sacharoza, koncentrat z czarnej porzeczki, wyci\u0105g g\u0119sty z korzenia prawo\u015blazu, wyci\u0105g z porostu islandzkiego, kwas cytrynowy, benzoesan sodu, aromat, guma ksantan.Przeciwwskazania:\u00a0nie stosowa\u0107 w przypadku nadwra\u017cliwo\u015bci na kt\u00f3rykolwiek ze sk\u0142adnik\u00f3w wyrobu.Wa\u017cne wskaz\u00f3wki:Wyr\u00f3b powinien by\u0107 stosowany pod nadzorem osoby doros\u0142ej.Przechowywa\u0107 w miejscu niedost\u0119pnym dla dzieci.Przechowywa\u0107 w oryginalnym opakowaniu.<\/p>\n<h2>Aflofarm Syrop HERBAPECT JUNIOR 100ml Aflofarm<\/h2>\n<p>kr\u00f3tkie zagadki dla doros\u0142ych, smerfy kolorowanka, zaproszenia do druku, ko\u0142ysanka dla dzieci tekst, halloween dla dzieci 2021, kiedy dzieci zbieraja cukierki na halloween, mi\u0142o\u015b\u0107 matki do dziecka cytaty, minecraft quiz, krecik bajka, kolorowe listki tekst, quiz o wio\u015bnie, kiekrz, prezent na roczek dla dziewczynki, kolorowanka super zings, przechowywanie zabawek<\/p>\n<p>yyyyy<\/p>\n<p>&nbsp;<\/p>\n","protected":false},"excerpt":{"rendered":"<p>HERBAPECT JUNIOR Sk\u0142adniki wyrobu medycznego Herbapect Junior o smaku malinowym powlekaj\u0105 b\u0142on\u0119 \u015bluzow\u0105 g\u00f3rnych dr\u00f3g oddechowych ochronnym filmem, \u0142agodz\u0105c kaszel. Dzi\u0119ki swoim w\u0142a\u015bciwo\u015bciom wyr\u00f3b zabezpiecza b\u0142on\u0119 \u015bluzow\u0105 przed szkodliwy wp\u0142ywem czynnik\u00f3w dra\u017cni\u0105cych (takich jak suche i zimne powietrze), zmniejszaj\u0105c cz\u0119stotliwo\u015b\u0107 odruchu kaszlowego. Dodatkowo Herbapect Junior poprawia nawil\u017cenie gard\u0142a i u\u0142atwia odkrztuszanie \u015bluzu. Ponadto, dzi\u0119ki w\u0142a\u015bciwo\u015bciom [&hellip;]<\/p>\n","protected":false},"featured_media":7177,"comment_status":"closed","ping_status":"open","template":"","meta":[],"product_cat":[201,1533],"product_tag":[784,711,620,857],"class_list":["post-7176","product","type-product","status-publish","has-post-thumbnail","hentry","product_cat-aflofarm","product_cat-suplementy-dla-dzieci","product_tag-hymn-gorniczy","product_tag-prezenty-dla-nastolatkow","product_tag-quiz-opowiesci-z-narnii","product_tag-zagadki-dla-dzieci-7-8-lat"],"_links":{"self":[{"href":"http:\/\/klubmamgdynia.pl\/index.php\/wp-json\/wp\/v2\/product\/7176","targetHints":{"allow":["GET"]}}],"collection":[{"href":"http:\/\/klubmamgdynia.pl\/index.php\/wp-json\/wp\/v2\/product"}],"about":[{"href":"http:\/\/klubmamgdynia.pl\/index.php\/wp-json\/wp\/v2\/types\/product"}],"replies":[{"embeddable":true,"href":"http:\/\/klubmamgdynia.pl\/index.php\/wp-json\/wp\/v2\/comments?post=7176"}],"wp:featuredmedia":[{"embeddable":true,"href":"http:\/\/klubmamgdynia.pl\/index.php\/wp-json\/wp\/v2\/media\/7177"}],"wp:attachment":[{"href":"http:\/\/klubmamgdynia.pl\/index.php\/wp-json\/wp\/v2\/media?parent=7176"}],"wp:term":[{"taxonomy":"product_cat","embeddable":true,"href":"http:\/\/klubmamgdynia.pl\/index.php\/wp-json\/wp\/v2\/product_cat?post=7176"},{"taxonomy":"product_tag","embeddable":true,"href":"http:\/\/klubmamgdynia.pl\/index.php\/wp-json\/wp\/v2\/product_tag?post=7176"}],"curies":[{"name":"wp","href":"https:\/\/api.w.org\/{rel}","templated":true}]}}