{"id":7184,"date":"2024-11-09T11:23:45","date_gmt":"2024-11-09T10:23:45","guid":{"rendered":"http:\/\/klubmamgdynia.pl\/?post_type=product&#038;p=7184"},"modified":"2026-04-24T15:19:29","modified_gmt":"2026-04-24T13:19:29","slug":"z-dala-od-zgielku","status":"publish","type":"product","link":"http:\/\/klubmamgdynia.pl\/index.php\/produkt\/z-dala-od-zgielku\/","title":{"rendered":"Z dala od zgie\u0142ku"},"content":{"rendered":"<p>Z dala od zgie\u0142ku<\/p>\n<p>Thomas Hardy Wydawnictwo: Nasza Ksi\u0119garnia Ilo\u015b\u0107 stron: 480 Oprawa: mi\u0119kka Rok wydania: 2015 EAN: 9788310129598                            <\/p>\n<p>Znana brytyjska powie\u015b\u0107 o sile mi\u0142o\u015bci i nami\u0119tno\u015bci, na kt\u00f3rej podstawie powsta\u0142 wzruszaj\u0105cy film z Carey Mulligan i Tomem Sturridge\u2019em. Prowincja dziewi\u0119tnastowiecznej Anglii. Betsaba Everdene dziedziczy po wuju farm\u0119. Postanawia sama zaj\u0105\u0107 si\u0119 gospodarstwem, nie czekaj\u0105c na ksi\u0119cia z bajki. Jej uroda oraz niezale\u017cno\u015b\u0107 dzia\u0142aj\u0105 jednak na m\u0119\u017cczyzn jak magnes. O wzgl\u0119dy dziewczyny zabiega trzech d\u017centelmen\u00f3w, ka\u017cdy o silnej osobowo\u015bci. Jest w\u015br\u00f3d nich Gabriel Oak \u2013 poczciwy farmer, w\u0142a\u015bciciel ziemski William Boldwood oraz Franciszek Troy \u2013 sier\u017cant kr\u00f3lewskich dragon\u00f3w, kobieciarz i hulaka. Nieoczywiste wybory, sercowe rozterki oraz pomy\u0142ki losu \u2013 \u017cycie niesie wiele niespodzianek, ale Betsaba zrobi wszystko, \u017ceby si\u0119 odnale\u017a\u0107 w \u015bwiecie rz\u0105dzonym przez m\u0119\u017cczyzn.<\/p>\n<h2>Z dala od zgie\u0142ku <\/h2>\n<p>quiz o wio\u015bnie, kolorowanka sky, dzieci cytaty, kolorowanka antystresowa, dyplomy do wydrukowania a4, t\u0119cza kolorowanka, basen warszawa, ma\u0142o nas do pieczenia chleba<\/p>\n<p>yyyyy<\/p>\n<p>&nbsp;<\/p>\n","protected":false},"excerpt":{"rendered":"<p>Z dala od zgie\u0142ku Thomas Hardy Wydawnictwo: Nasza Ksi\u0119garnia Ilo\u015b\u0107 stron: 480 Oprawa: mi\u0119kka Rok wydania: 2015 EAN: 9788310129598 Znana brytyjska powie\u015b\u0107 o sile mi\u0142o\u015bci i nami\u0119tno\u015bci, na kt\u00f3rej podstawie powsta\u0142 wzruszaj\u0105cy film z Carey Mulligan i Tomem Sturridge\u2019em. Prowincja dziewi\u0119tnastowiecznej Anglii. Betsaba Everdene dziedziczy po wuju farm\u0119. Postanawia sama zaj\u0105\u0107 si\u0119 gospodarstwem, nie czekaj\u0105c [&hellip;]<\/p>\n","protected":false},"featured_media":7185,"comment_status":"closed","ping_status":"open","template":"","meta":[],"product_cat":[1544],"product_tag":[819,744,608,860],"class_list":["post-7184","product","type-product","status-publish","has-post-thumbnail","hentry","product_cat-romanse","product_tag-co-kupic-nastolatce-na-swieta","product_tag-kolorowanki-swiateczne-do-wydruku","product_tag-zagadki-i-odpowiedzi","product_tag-zagadki-logiczne-dla-doroslych"],"_links":{"self":[{"href":"http:\/\/klubmamgdynia.pl\/index.php\/wp-json\/wp\/v2\/product\/7184","targetHints":{"allow":["GET"]}}],"collection":[{"href":"http:\/\/klubmamgdynia.pl\/index.php\/wp-json\/wp\/v2\/product"}],"about":[{"href":"http:\/\/klubmamgdynia.pl\/index.php\/wp-json\/wp\/v2\/types\/product"}],"replies":[{"embeddable":true,"href":"http:\/\/klubmamgdynia.pl\/index.php\/wp-json\/wp\/v2\/comments?post=7184"}],"wp:featuredmedia":[{"embeddable":true,"href":"http:\/\/klubmamgdynia.pl\/index.php\/wp-json\/wp\/v2\/media\/7185"}],"wp:attachment":[{"href":"http:\/\/klubmamgdynia.pl\/index.php\/wp-json\/wp\/v2\/media?parent=7184"}],"wp:term":[{"taxonomy":"product_cat","embeddable":true,"href":"http:\/\/klubmamgdynia.pl\/index.php\/wp-json\/wp\/v2\/product_cat?post=7184"},{"taxonomy":"product_tag","embeddable":true,"href":"http:\/\/klubmamgdynia.pl\/index.php\/wp-json\/wp\/v2\/product_tag?post=7184"}],"curies":[{"name":"wp","href":"https:\/\/api.w.org\/{rel}","templated":true}]}}