{"id":7188,"date":"2019-11-18T18:46:04","date_gmt":"2019-11-18T17:46:04","guid":{"rendered":"http:\/\/klubmamgdynia.pl\/index.php\/produkt\/krotex-pharm-aquamer-sensitive-aerozol-do-nosa-50ml\/"},"modified":"2026-04-23T07:48:16","modified_gmt":"2026-04-23T05:48:16","slug":"krotex-pharm-aquamer-sensitive-aerozol-do-nosa-50ml","status":"publish","type":"product","link":"http:\/\/klubmamgdynia.pl\/index.php\/produkt\/krotex-pharm-aquamer-sensitive-aerozol-do-nosa-50ml\/","title":{"rendered":"Krotex Pharm Aquamer Sensitive Aerozol Do Nosa 50Ml"},"content":{"rendered":"<p>Aquamer Isotonic hipertonic aerozol do nosa jest izotnicznym roztworem soli morskiej. Aquamer Isotonic aerozol do nosa jest przeznaczony dla os\u00f3b zaburzon\u0105 prawid\u0142ow\u0105 fizjologiczn\u0105 funkcj\u0105 \u015bluz\u00f3wki nosa, jak r\u00f3wnie\u017c do codziennej piel\u0119gnacji jamy nosowej.Aquamer Isotonic nawil\u017ca, przywraca naturaln\u0105 zdolno\u015b\u0107 do samooczyszczenia nosa i prawid\u0142ow\u0105 produkcj\u0119 \u015bluzu, kt\u00f3ry chroni przed przesuszeniem i mechanicznym podra\u017cnieniem (dym, kurz i inne). Usprawnia przep\u0142yw powietrza w g\u00f3rnych g\u00f3rnych drogach oddechowych. Regularne przep\u0142ukiwanie jamy nosowej kilka razy dziennie, zmniejsza ryzyko infekcji g\u00f3rnych dr\u00f3g oddechowych.Zastosowanie: do codziennej higieny nosa, w alergicznych nie\u017cytach nosa, u os\u00f3b z zaburzeniami dr\u00f3g oddechowych, spowodowanych przez infekcje wirusowe i bakteryjne, w przypadku suchej i podra\u017cnionej b\u0142ony \u015bluzowej kt\u00f3rej prawid\u0142owa funkcja fizjologiczna jest zaburzona, u os\u00f3b sk\u0142onnych do przesuszenia b\u0142on \u015bluzowych dr\u00f3g oddechowych w czasie podr\u00f3\u017cy czy przebywaj\u0105cych w ogrzewanych lub klimatyzowanych pomieszczeniach, pomocniczo przed podaniem lek\u00f3w kortykosteroidowych do nosa, pomocniczo do z\u0142agodzenia objaw\u00f3w d\u0142ugotrwa\u0142ego u\u017cywania kropli obkurczaj\u0105cych \u015bluz\u00f3wk\u0119, w przypadku podra\u017cnie\u0144 sk\u00f3ry dooko\u0142a nosa z powodu cz\u0119stego u\u017cywania chusteczek, \u0142agodz\u0105co w przypadku ma\u0142ych ran i owrzodze\u0144Spos\u00f3b u\u017cycia: niemowl\u0119ta i dzieci poni\u017cej drugiego roku \u017cycia: 1 rozpylenie do ka\u017cdego otworu nosowego kilka razy dziennie. Doro\u015bli i dzieci powy\u017cej drugiego roku \u017cycia: 1-2 rozpylenia do ka\u017cdego otworu nosowego kilka razy dziennie.Przed pierwszym u\u017cyciem usu\u0144 zabezpieczaj\u0105cy pier\u015bcie\u0144 z plastikowego zamkni\u0119cia atomizera. Trzymaj w pozycji pionowej. Zdejmij kapturek zabezpieczaj\u0105cy i naci\u015bnij pompk\u0119 kilka razy, a\u017c pojawi si\u0119 pierwsze rozpylenie. Wprowad\u017a ko\u0144c\u00f3wk\u0119 aplikatora do jamy nosowej i naci\u015bnij mechanizm. W tym samym czasie trzymaj butelk\u0119 w pozycji pionowej i nie cofaj ko\u0144c\u00f3wki. W czasie rozpylenia oddychaj delikatnie przez nos. Po u\u017cyciu przep\u0142ukaj ko\u0144c\u00f3wk\u0119 czyst\u0105 wod\u0105. Za\u0142\u00f3\u017c kapturek zabezpieczaj\u0105cy.Sk\u0142adniki: 1ml aerozolu zawiera 9mg soli morskiej z Morza Martwego, wod\u0119 oczyszczon\u0105, dla wi\u0119kszego bezpiecze\u0144stwa mikrobiologicznego zastosowano \u015brodek konserwuj\u0105cy &#8211; chlorek benzalkoniowy, kt\u00f3ry zabezpiecza wyr\u00f3b przed zanieczyszczeniem.Wytw\u00f3rca:Krotex-Pharma sp.z o.o. sp.k.ul. Dost\u0119pna 5601-490 Warszawa<\/p>\n<h2>Krotex Pharm Aquamer Sensitive Aerozol Do Nosa 50Ml Krotex<\/h2>\n<p>oryginalny prezent na roczek dla ch\u0142opca, mi\u0142osz imi\u0119, nauka zegara zegar do druku, kolorowanki z bajek, domki nad morzem z atrakcjami dla dzieci, zaproszenie na urodziny dziecka do druku, wzory dyplom\u00f3w do pobrania, ostatni dzwonek tekst, gwiazdka do druku, wzory zaprosze\u0144 zaproszenie na urodziny do druku pdf, zyczenia walentynkowe dla dzieci, jak rozmawia\u0107 z dzie\u0107mi o wojnie, kolorowanka pokemon, zimowe zagadki dla dzieci, a \u015bpij kochanie, test z lektury opowie\u015bci z narnii lew czarownica i stara szafa, cytaty o przyja\u017ani ma\u0142y ksi\u0105\u017c\u0119, maska do druku, basen dla dzieci warszawa, jaki prezent na roczek dla dziewczynki, gwiazdka do druku<\/p>\n<p>yyyyy<\/p>\n<p>&nbsp;<\/p>\n","protected":false},"excerpt":{"rendered":"<p>Aquamer Isotonic hipertonic aerozol do nosa jest izotnicznym roztworem soli morskiej. Aquamer Isotonic aerozol do nosa jest przeznaczony dla os\u00f3b zaburzon\u0105 prawid\u0142ow\u0105 fizjologiczn\u0105 funkcj\u0105 \u015bluz\u00f3wki nosa, jak r\u00f3wnie\u017c do codziennej piel\u0119gnacji jamy nosowej.Aquamer Isotonic nawil\u017ca, przywraca naturaln\u0105 zdolno\u015b\u0107 do samooczyszczenia nosa i prawid\u0142ow\u0105 produkcj\u0119 \u015bluzu, kt\u00f3ry chroni przed przesuszeniem i mechanicznym podra\u017cnieniem (dym, kurz i [&hellip;]<\/p>\n","protected":false},"featured_media":7189,"comment_status":"closed","ping_status":"open","template":"","meta":[],"product_cat":[1551,198],"product_tag":[662,671,819,645],"class_list":["post-7188","product","type-product","status-publish","has-post-thumbnail","hentry","product_cat-krotex","product_cat-przeziebienie-i-grypa","product_tag-bajki-na-dobranoc","product_tag-cicha-noc-po-angielsku-tekst","product_tag-co-kupic-nastolatce-na-swieta","product_tag-latwe-zagadki"],"_links":{"self":[{"href":"http:\/\/klubmamgdynia.pl\/index.php\/wp-json\/wp\/v2\/product\/7188","targetHints":{"allow":["GET"]}}],"collection":[{"href":"http:\/\/klubmamgdynia.pl\/index.php\/wp-json\/wp\/v2\/product"}],"about":[{"href":"http:\/\/klubmamgdynia.pl\/index.php\/wp-json\/wp\/v2\/types\/product"}],"replies":[{"embeddable":true,"href":"http:\/\/klubmamgdynia.pl\/index.php\/wp-json\/wp\/v2\/comments?post=7188"}],"wp:featuredmedia":[{"embeddable":true,"href":"http:\/\/klubmamgdynia.pl\/index.php\/wp-json\/wp\/v2\/media\/7189"}],"wp:attachment":[{"href":"http:\/\/klubmamgdynia.pl\/index.php\/wp-json\/wp\/v2\/media?parent=7188"}],"wp:term":[{"taxonomy":"product_cat","embeddable":true,"href":"http:\/\/klubmamgdynia.pl\/index.php\/wp-json\/wp\/v2\/product_cat?post=7188"},{"taxonomy":"product_tag","embeddable":true,"href":"http:\/\/klubmamgdynia.pl\/index.php\/wp-json\/wp\/v2\/product_tag?post=7188"}],"curies":[{"name":"wp","href":"https:\/\/api.w.org\/{rel}","templated":true}]}}