{"id":7190,"date":"2022-07-11T21:02:10","date_gmt":"2022-07-11T19:02:10","guid":{"rendered":"http:\/\/klubmamgdynia.pl\/index.php\/produkt\/ecomer-odpornosc-120-kaps\/"},"modified":"2026-04-27T23:03:35","modified_gmt":"2026-04-27T21:03:35","slug":"ecomer-odpornosc-120-kaps","status":"publish","type":"product","link":"http:\/\/klubmamgdynia.pl\/index.php\/produkt\/ecomer-odpornosc-120-kaps\/","title":{"rendered":"Ecomer Odporno\u015b\u0107 120 kaps."},"content":{"rendered":"<p>Krotex Ecomer Odporno\u015b\u0107 120KapsECOMER Odporno\u015b\u0107 to suplement polecany dla dzieci powy\u017cej 3 roku \u017cycia i doros\u0142ych w celu uzupe\u0142nienia codziennej diety w alkiloglicerole.\u00a0Odporno\u015b\u0107 ECOMER zawiera oczyszczony olej z w\u0105troby rekina grenlandzkiego o wysokiej zawarto\u015bci substancji czynnej &#8211; alkilogliceroli, kt\u00f3re s\u0105 \u0142atwo przyswajalne przez organizm.                            <\/p>\n<p>W\u0142a\u015bciwo\u015bci:\u00a0Alkiloglicerole to eterowe lipidy o du\u017cej aktywno\u015bci biochemicznej. W organizmie cz\u0142owieka wyst\u0119puj\u0105 w uk\u0142adzie krwiotw\u00f3rczym (szpiku kostnym, w\u0105trobie, \u015bledzionie, neutrofilach),a tak\u017ce w mleku matek karmi\u0105cych. Mog\u0105 wyst\u0119powa\u0107 w niedoborze dlatego zaleca si\u0119 ich suplementacj\u0119. Najbogatszym naturalnym \u017ar\u00f3d\u0142em alkilogliceroli jest olej z w\u0105troby rekina.                            <\/p>\n<p>Sk\u0142adniki:Olej z w\u0105troby rekina grenlandzkiego (w tym 20% alkilogliceroli), sk\u0142adnik otoczki kapsu\u0142ki &#8211; \u017celatyna, substancja utrzymuj\u0105ca wilgo\u0107 &#8211; glicerol.                            <\/p>\n<p>Stosowanie:Doro\u015bli: 3 razy dziennie po 1 kapsu\u0142ceDzieci powy\u017cej trzeciego roku \u017cycia: 1 raz dziennie po 1 kapsu\u0142ceW przypadku problemu z po\u0142ykaniem kapsu\u0142ki rekomenduje si\u0119 wycisn\u0105\u0107 zawarto\u015b\u0107 kapsu\u0142ki na \u0142y\u017ceczk\u0119.                            <\/p>\n<p>***Suplementy diety nie mog\u0105 by\u0107 stosowane jako substytut (zamiennik) zr\u00f3\u017cnicowanej diety ani zdrowego trybu \u017cycia. Nie nale\u017cy przekracza\u0107 zalecanej porcji produktu do spo\u017cycia w ci\u0105gu dnia. Suplementy diety powinny by\u0107 przechowywane w spos\u00f3b niedost\u0119pny dla ma\u0142ych dzieci. Przed zastosowaniem produktu sugerujemy zapoznanie si\u0119 z dok\u0142adnymi informacjami podanymi na opakowaniu lub za\u0142\u0105czonej ulotce.<\/p>\n<h2>Ecomer Odporno\u015b\u0107 120 kaps. Krotex<\/h2>\n<p>zagadki dla dzieci 10 12 lat z odpowiedziami, kolorowanka dla dzieci, maska iron man, zabawa dla 7 latka, ewelina, kolorowanki samochody, znaczenie imiona monika, prezent dla 7 latka na urodziny, listy do \u015bwi\u0119tego miko\u0142aja, najrzadsze imiona, markowa, \u015bwinka peppa kolorowanka do druku, jak narysowa\u0107 oko, smoki rysunek, malowanki do druku, m.i.a., prezent dla pi\u0119tnastolatka, malowanki do druku, w\u0119gierska g\u00f3rka, koty kolorowanki do druku<\/p>\n<p>yyyyy<\/p>\n<p>&nbsp;<\/p>\n","protected":false},"excerpt":{"rendered":"<p>Krotex Ecomer Odporno\u015b\u0107 120KapsECOMER Odporno\u015b\u0107 to suplement polecany dla dzieci powy\u017cej 3 roku \u017cycia i doros\u0142ych w celu uzupe\u0142nienia codziennej diety w alkiloglicerole.\u00a0Odporno\u015b\u0107 ECOMER zawiera oczyszczony olej z w\u0105troby rekina grenlandzkiego o wysokiej zawarto\u015bci substancji czynnej &#8211; alkilogliceroli, kt\u00f3re s\u0105 \u0142atwo przyswajalne przez organizm. W\u0142a\u015bciwo\u015bci:\u00a0Alkiloglicerole to eterowe lipidy o du\u017cej aktywno\u015bci biochemicznej. W organizmie cz\u0142owieka [&hellip;]<\/p>\n","protected":false},"featured_media":7191,"comment_status":"closed","ping_status":"open","template":"","meta":[],"product_cat":[1551,198],"product_tag":[706,851,616,788,721],"class_list":["post-7190","product","type-product","status-publish","has-post-thumbnail","hentry","product_cat-krotex","product_cat-przeziebienie-i-grypa","product_tag-imie-kuba","product_tag-jak-narysowac-kota","product_tag-test-mikolajek-25-pytan","product_tag-zagadki-krotkie","product_tag-zagadki-matematyczne"],"_links":{"self":[{"href":"http:\/\/klubmamgdynia.pl\/index.php\/wp-json\/wp\/v2\/product\/7190","targetHints":{"allow":["GET"]}}],"collection":[{"href":"http:\/\/klubmamgdynia.pl\/index.php\/wp-json\/wp\/v2\/product"}],"about":[{"href":"http:\/\/klubmamgdynia.pl\/index.php\/wp-json\/wp\/v2\/types\/product"}],"replies":[{"embeddable":true,"href":"http:\/\/klubmamgdynia.pl\/index.php\/wp-json\/wp\/v2\/comments?post=7190"}],"wp:featuredmedia":[{"embeddable":true,"href":"http:\/\/klubmamgdynia.pl\/index.php\/wp-json\/wp\/v2\/media\/7191"}],"wp:attachment":[{"href":"http:\/\/klubmamgdynia.pl\/index.php\/wp-json\/wp\/v2\/media?parent=7190"}],"wp:term":[{"taxonomy":"product_cat","embeddable":true,"href":"http:\/\/klubmamgdynia.pl\/index.php\/wp-json\/wp\/v2\/product_cat?post=7190"},{"taxonomy":"product_tag","embeddable":true,"href":"http:\/\/klubmamgdynia.pl\/index.php\/wp-json\/wp\/v2\/product_tag?post=7190"}],"curies":[{"name":"wp","href":"https:\/\/api.w.org\/{rel}","templated":true}]}}