{"id":7192,"date":"2017-07-19T21:28:29","date_gmt":"2017-07-19T19:28:29","guid":{"rendered":"http:\/\/klubmamgdynia.pl\/index.php\/produkt\/inaldin-gardlo-max-3-mg-ml-aerozol-do-stosowania-w-jamie-ustnej-30ml\/"},"modified":"2026-04-29T11:23:59","modified_gmt":"2026-04-29T09:23:59","slug":"inaldin-gardlo-max-3-mg-ml-aerozol-do-stosowania-w-jamie-ustnej-30ml","status":"publish","type":"product","link":"http:\/\/klubmamgdynia.pl\/index.php\/produkt\/inaldin-gardlo-max-3-mg-ml-aerozol-do-stosowania-w-jamie-ustnej-30ml\/","title":{"rendered":"Inaldin Gard\u0142o Max 3 mg\/ml aerozol do stosowania w jamie ustnej 30ml"},"content":{"rendered":"<p>INALDIN Gard\u0142o MAX\u00a03 mg\/mlaerozol do stosowania w jamie ustnej, roztw\u00f3r<\/p>\n<p>Rodzaj rejestracji: lek OTC \/ lek dost\u0119pny bez receptyProducent: Bausch Health Poland sp. z o.o.Wielko\u015b\u0107 opakowania: 30 mlZalecane kategorie: B\u00d3L GARD\u0141AEAN: 3 830 070 472 431BLOZ: 3919621                            <\/p>\n<p>Opis produktu \/ Wskazania i dzia\u0142anie:INALDIN Gard\u0142o MAX jest stosowany u doros\u0142ych w leczeniu objaw\u00f3w zwi\u0105zanych ze stanami zapalnymi jamy ustnej i gard\u0142a (b\u00f3l, zaczerwienienie, obrz\u0119k) lub podra\u017cnieniami b\u0142ony \u015bluzowej jamy ustnej lub gard\u0142a.Co zawiera lek INALDIN Gard\u0142o\u2013 sk\u0142ad:3 mg\/ml benzydaminy chlorowodorku (Benzydamini hydrochloridum)Dawkowanie &#8211; jak stosowa\u0107 INALDIN Gard\u0142oDoro\u015bli:\u00a0Lek jest przeznaczony do stosowania u os\u00f3b doros\u0142ych.Zalecana dawka to ka\u017cdorazowo od 2 do 4 dawek (rozpyle\u0144) aerozolu, od 2 do 6 razy na dob\u0119, nie cz\u0119\u015bciej ni\u017c co 1,5 \u2013 3 godziny. Jedno naci\u015bni\u0119cie pompki dozuj\u0105cej (urz\u0105dzenie pomiarowe) dostarcza jedn\u0105 dawk\u0119 aerozolu.\u00a0\u00a0Nie nale\u017cy przekracza\u0107 zalecanej dawki.\u00a0Czas trwania leczenia nie powinien przekracza\u0107 7 dni, o ile lekarz nie zdecyduje inaczej. Je\u015bli objawy nie ust\u0119puj\u0105 lub pacjent czuje si\u0119 gorzej po 3 dniach, je\u015bli wyst\u0105pi gor\u0105czka lub inne objawy, nale\u017cy skontaktowa\u0107 si\u0119 z lekarzem.\u00a0Dzieci i m\u0142odzie\u017c:Lek ten nie jest przeznaczony do stosowania u dzieci i m\u0142odzie\u017cy (w wieku poni\u017cej 18 lat).\u00a0\u00a0Przeciwwskazania \/ Kiedy nie stosowa\u0107 leku INALDIN Gard\u0142o?Nadwra\u017cliwo\u015b\u0107 na substancj\u0119 czynn\u0105 lub na kt\u00f3r\u0105kolwiek substancj\u0119 pomocnicz\u0105Ostrze\u017cenia i \u015brodki ostro\u017cno\u015bci:Nale\u017cy unika\u0107 kontaktu produktu z oczami.\u00a0U niewielu pacjent\u00f3w mo\u017ce wyst\u0105pi\u0107 owrzodzenie policzk\u00f3w lub gard\u0142a spowodowane przez ci\u0119\u017ck\u0105 chorob\u0119. Dlatego pacjenci, u kt\u00f3rych objawy nasil\u0105 si\u0119 lub nie ust\u0105pi\u0105 w ci\u0105gu 3 dni, lub u kt\u00f3rych wyst\u0105pi gor\u0105czka lub inne objawy, musz\u0105 zasi\u0119gn\u0105\u0107 odpowiedniej porady lekarza lub dentysty.D\u0142ugotrwa\u0142e stosowanie leku mo\u017ce wywo\u0142ywa\u0107 reakcje alergiczne. Je\u015bli to nast\u0105pi, nale\u017cy przerwa\u0107 stosowanie produktu leczniczego i skonsultowa\u0107 si\u0119 z lekarzem w celu ustalenia odpowiedniej terapii.Nie zaleca si\u0119 stosowania benzydaminy w przypadku nadwra\u017cliwo\u015bci na kwas acetylosalicylowy lub inne leki z grupy niesteroidowych lek\u00f3w przeciwzapalnych.\u00a0Nale\u017cy zachowa\u0107 ostro\u017cno\u015b\u0107 u pacjent\u00f3w z astm\u0105 oskrzelow\u0105 lub chorobami alergicznymi w wywiadzie, poniewa\u017c u tych os\u00f3b mo\u017ce wyst\u0105pi\u0107 skurcz oskrzeli.INALDIN Gard\u0142o Max zawiera metylu parahydroksybenzoesan (E 218) (patrz punkt 2), kt\u00f3rymo\u017ce powodowa\u0107 reakcje alergiczne (mo\u017cliwe reakcje typu p\u00f3\u017anego).Specjalne ostrze\u017cenia dotycz\u0105ce substancji pomocniczychINALDIN Gard\u0142o Max zawiera 81,40 mg alkoholu (etanolu) w ka\u017cdym mililitrze co odpowiada 13,84 mg \/ 0,17 ml (jedna dawka). Zawarto\u015b\u0107 etanolu w jednej dawce (0,17 ml) tego produktu jest r\u00f3wnowa\u017cna mniej ni\u017c 0,4 ml piwa lub 0,2 ml wina. Niewielka ilo\u015b\u0107 alkoholu w tym produkcie nie spowoduje \u017cadnych zauwa\u017calnych skutk\u00f3w.\u00a0 \u00a0 \u00a0INALDIN Gard\u0142o MAX zawiera mniej ni\u017c 1 mmol (23 mg) sodu na jedn\u0105 dawk\u0119 (0,17 ml), to znaczy produkt uznaje si\u0119 za \u201ewolny od sodu\u201d.\u00a0Dzia\u0142ania niepo\u017c\u0105dane:Zaburzenia uk\u0142adu immunologicznegoCz\u0119sto\u015b\u0107 nieznana (cz\u0119sto\u015b\u0107 nie mo\u017ce by\u0107 okre\u015blona na podstawie dost\u0119pnych danych).\u2013 reakcje anafilaktyczne, reakcje nadwra\u017cliwo\u015bci\u00a0\u00a0Zaburzenia uk\u0142adu oddechowego, klatki piersiowej i \u015br\u00f3dpiersia\u00a0Bardzo rzadko (&lt; 1\/10 000)\u2013 skurcz krtaniZaburzenie \u017co\u0142\u0105dka i jelit\u00a0Rzadko(\u2265 1\/10 000 do &lt; 1\/1000) \u2013 pieczenie i sucho\u015b\u0107 w jamie ustnejZaburzenia sk\u00f3ry i tkanki podsk\u00f3rnejNiezbyt cz\u0119sto (\u2265 1\/1000 do &lt; 1\/100) \u2013 nadwra\u017cliwo\u015b\u0107 na \u015bwiat\u0142oBardzo rzadko(&lt; 1\/10 000) \u2013 obrz\u0119k naczynioruchowy\u00a0Wkr\u00f3tce po przyj\u0119ciu leku mo\u017ce wyst\u0105pi\u0107 uczucie dr\u0119twienia lub pieczenia w jamie ustnej lub gardle. Taka reakcja jest zwi\u0105zana z normalnym dzia\u0142aniem leku i ust\u0119puje po kr\u00f3tkim czasie. W pojedynczych przypadkach mog\u0105 wyst\u0105pi\u0107 nudno\u015bci lub wymioty, kt\u00f3re s\u0105 wywo\u0142ane przez odruch podra\u017cnienia gard\u0142a, zwi\u0105zany z przyj\u0119ciem leku. Objawy te ust\u0119puj\u0105 samoistnie po przerwaniu przyjmowania leku.Przedawkowanie:Bardzo rzadko zg\u0142aszano objawy przedawkowania, takie jak pobudzenie, drgawki, pocenie si\u0119, ataksja, dr\u017cenie i wymioty po doustnym przyj\u0119ciu benzydaminy w dawkach znacznie wi\u0119kszych ni\u017c zalecane. W przypadku ostrego przedawkowania mo\u017cliwe jest jedynie leczenie objawowe. Nale\u017cy opr\u00f3\u017cni\u0107 \u017co\u0142\u0105dek wywo\u0142uj\u0105c wymioty lub wykonuj\u0105c p\u0142ukanie \u017co\u0142\u0105dka, a nast\u0119pnie uwa\u017cnie obserwowa\u0107 pacjenta i zapewni\u0107 mu opiek\u0119. Konieczne jest odpowiednie nawodnienie pacjenta.\u00a0Przechowywanie \/ Okres wa\u017cno\u015bci:Nie przechowywa\u0107 w temperaturze powy\u017cej 30\u00baC.\u00a03 lata.\u00a0Okres wa\u017cno\u015bci po pierwszym u\u017cyciu: 160 dni.\u00a0Przed u\u017cyciem zapoznaj si\u0119 z ulotk\u0105, kt\u00f3ra zawiera wskazania, przeciwwskazania, dane dotycz\u0105ce dzia\u0142a\u0144 niepo\u017c\u0105danych i dawkowanie oraz informacje dotycz\u0105ce stosowania produktu leczniczego, b\u0105d\u017a skonsultuj si\u0119 z lekarzem lub farmaceut\u0105, gdy\u017c ka\u017cdy lek niew\u0142a\u015bciwie stosowany zagra\u017ca Twojemu \u017cyciu lub zdrowiu.<\/p>\n<h2>Inaldin Gard\u0142o Max 3 mg\/ml aerozol do stosowania w jamie ustnej 30ml Bausch Health Poland<\/h2>\n<p>prezent na roczek dla chrze\u015bniaka, prezent dla 16 latki, zagadki matematyczne na logik\u0119, zabawy ruchowe dla dzieci w przedszkolu, cytat o rodzinie, kiedy dzieci zbieraja cukierki na halloween, cytaty dla mamy od c\u00f3rki, dawne ko\u0142ysanki teksty, pytania do lektury asiunia, zagadki logiczne na inteligencj\u0119 dla doros\u0142ych<\/p>\n<p>yyyyy<\/p>\n<p>&nbsp;<\/p>\n","protected":false},"excerpt":{"rendered":"<p>INALDIN Gard\u0142o MAX\u00a03 mg\/mlaerozol do stosowania w jamie ustnej, roztw\u00f3r Rodzaj rejestracji: lek OTC \/ lek dost\u0119pny bez receptyProducent: Bausch Health Poland sp. z o.o.Wielko\u015b\u0107 opakowania: 30 mlZalecane kategorie: B\u00d3L GARD\u0141AEAN: 3 830 070 472 431BLOZ: 3919621 Opis produktu \/ Wskazania i dzia\u0142anie:INALDIN Gard\u0142o MAX jest stosowany u doros\u0142ych w leczeniu objaw\u00f3w zwi\u0105zanych ze stanami [&hellip;]<\/p>\n","protected":false},"featured_media":7193,"comment_status":"closed","ping_status":"open","template":"","meta":[],"product_cat":[211,198],"product_tag":[740,861,748,596],"class_list":["post-7192","product","type-product","status-publish","has-post-thumbnail","hentry","product_cat-bausch-health-poland","product_cat-przeziebienie-i-grypa","product_tag-fajne-prezenty-dla-nastolatkow","product_tag-jak-narysowac-psa","product_tag-okolice-wroclawia-atrakcje","product_tag-pomysly-na-prima-aprilis"],"_links":{"self":[{"href":"http:\/\/klubmamgdynia.pl\/index.php\/wp-json\/wp\/v2\/product\/7192","targetHints":{"allow":["GET"]}}],"collection":[{"href":"http:\/\/klubmamgdynia.pl\/index.php\/wp-json\/wp\/v2\/product"}],"about":[{"href":"http:\/\/klubmamgdynia.pl\/index.php\/wp-json\/wp\/v2\/types\/product"}],"replies":[{"embeddable":true,"href":"http:\/\/klubmamgdynia.pl\/index.php\/wp-json\/wp\/v2\/comments?post=7192"}],"wp:featuredmedia":[{"embeddable":true,"href":"http:\/\/klubmamgdynia.pl\/index.php\/wp-json\/wp\/v2\/media\/7193"}],"wp:attachment":[{"href":"http:\/\/klubmamgdynia.pl\/index.php\/wp-json\/wp\/v2\/media?parent=7192"}],"wp:term":[{"taxonomy":"product_cat","embeddable":true,"href":"http:\/\/klubmamgdynia.pl\/index.php\/wp-json\/wp\/v2\/product_cat?post=7192"},{"taxonomy":"product_tag","embeddable":true,"href":"http:\/\/klubmamgdynia.pl\/index.php\/wp-json\/wp\/v2\/product_tag?post=7192"}],"curies":[{"name":"wp","href":"https:\/\/api.w.org\/{rel}","templated":true}]}}