{"id":7194,"date":"2014-04-21T18:58:33","date_gmt":"2014-04-21T16:58:33","guid":{"rendered":"http:\/\/klubmamgdynia.pl\/index.php\/produkt\/wiezien-milosci\/"},"modified":"2026-04-22T05:30:25","modified_gmt":"2026-04-22T03:30:25","slug":"wiezien-milosci","status":"publish","type":"product","link":"http:\/\/klubmamgdynia.pl\/index.php\/produkt\/wiezien-milosci\/","title":{"rendered":"Wi\u0119zie\u0144 mi\u0142o\u015bci"},"content":{"rendered":"<p>Skazany za zab\u00f3jstwo markiz Redmond nie ma nadziei, \u017ce uniknie szubienicy. Ale pewnego dnia w jego celi pojawia si\u0119 tajemnicza pi\u0119kno\u015b\u0107. Odtr\u0105cona przez towarzystwo Genevieve pomaga mu w ucieczce i daje schronienie w swym domu. Bo nie wierzy, \u017ce ten dumny arystokrata jest bezlitosnym morderc\u0105 a nawet je\u015bli skrywa jak\u0105\u015b bolesn\u0105 tajemnic\u0119. Tylko ona mo\u017ce mu pom\u00f3c odzyska\u0107 dobre imi\u0119. Tylko ona ulecz<\/p>\n<h2>Wi\u0119zie\u0144 mi\u0142o\u015bci <\/h2>\n<p>dzieci z bullerbyn quiz, kolorowanki kotki, kolorowanka spongebob, super zings kolorowanka, milosc do dzieci, kolorowanki konie do druku, szablony papierowe lalki do ubierania do wydruku, jak zapakowa\u0107 prezent dla dziecka, opis do zdj\u0119cia dziecka na fb, pan twardowski na ksi\u0119\u017cycu wiersz, quizy miko\u0142ajek, desery dla dzieci, kolorowanki<\/p>\n<p>yyyyy<\/p>\n<p>&nbsp;<\/p>\n","protected":false},"excerpt":{"rendered":"<p>Skazany za zab\u00f3jstwo markiz Redmond nie ma nadziei, \u017ce uniknie szubienicy. Ale pewnego dnia w jego celi pojawia si\u0119 tajemnicza pi\u0119kno\u015b\u0107. Odtr\u0105cona przez towarzystwo Genevieve pomaga mu w ucieczce i daje schronienie w swym domu. Bo nie wierzy, \u017ce ten dumny arystokrata jest bezlitosnym morderc\u0105 a nawet je\u015bli skrywa jak\u0105\u015b bolesn\u0105 tajemnic\u0119. Tylko ona mo\u017ce [&hellip;]<\/p>\n","protected":false},"featured_media":7195,"comment_status":"closed","ping_status":"open","template":"","meta":[],"product_cat":[1544],"product_tag":[656,704,600],"class_list":["post-7194","product","type-product","status-publish","has-post-thumbnail","hentry","product_cat-romanse","product_tag-kolorowanki-lol","product_tag-prezent-dla-nastolatka","product_tag-zaproszenia-na-urodziny-do-druku"],"_links":{"self":[{"href":"http:\/\/klubmamgdynia.pl\/index.php\/wp-json\/wp\/v2\/product\/7194","targetHints":{"allow":["GET"]}}],"collection":[{"href":"http:\/\/klubmamgdynia.pl\/index.php\/wp-json\/wp\/v2\/product"}],"about":[{"href":"http:\/\/klubmamgdynia.pl\/index.php\/wp-json\/wp\/v2\/types\/product"}],"replies":[{"embeddable":true,"href":"http:\/\/klubmamgdynia.pl\/index.php\/wp-json\/wp\/v2\/comments?post=7194"}],"wp:featuredmedia":[{"embeddable":true,"href":"http:\/\/klubmamgdynia.pl\/index.php\/wp-json\/wp\/v2\/media\/7195"}],"wp:attachment":[{"href":"http:\/\/klubmamgdynia.pl\/index.php\/wp-json\/wp\/v2\/media?parent=7194"}],"wp:term":[{"taxonomy":"product_cat","embeddable":true,"href":"http:\/\/klubmamgdynia.pl\/index.php\/wp-json\/wp\/v2\/product_cat?post=7194"},{"taxonomy":"product_tag","embeddable":true,"href":"http:\/\/klubmamgdynia.pl\/index.php\/wp-json\/wp\/v2\/product_tag?post=7194"}],"curies":[{"name":"wp","href":"https:\/\/api.w.org\/{rel}","templated":true}]}}