{"id":7196,"date":"2024-07-08T22:20:50","date_gmt":"2024-07-08T20:20:50","guid":{"rendered":"http:\/\/klubmamgdynia.pl\/?post_type=product&#038;p=7196"},"modified":"2026-05-02T06:11:19","modified_gmt":"2026-05-02T04:11:19","slug":"biofarm-vigalex-d3-k2-max-60-tabl","status":"publish","type":"product","link":"http:\/\/klubmamgdynia.pl\/index.php\/produkt\/biofarm-vigalex-d3-k2-max-60-tabl\/","title":{"rendered":"Biofarm Vigalex D3 + K2 Max 60 tabl."},"content":{"rendered":"<p>.                            <\/p>\n<p>Biofarm Vigalex D3 + K2 Max 60 tabl.Vigalex D3 + K2 Max to suplement diety w postaci tabletek o wysokiej zawarto\u015bci dw\u00f3ch wa\u017cnych witamin rozpuszczalnych w t\u0142uszczach: witaminy D i witaminy K. Ka\u017cda tabletka pozwala na uzupe\u0142nienie codziennej diety os\u00f3b doros\u0142ych w 4000 IU witaminy D oraz 75 \u00b5g witaminy K2 MK-7.Witamina D pomaga zmniejszy\u0107 ryzyko upadku zwi\u0105zane z niestabilno\u015bci\u0105 postawy i os\u0142abieniem mi\u0119\u015bni. Upadki stanowi\u0105 czynnik ryzyka w odniesieniu do z\u0142ama\u0144 ko\u015bci u os\u00f3b obojga p\u0142ci w wieku 60 lat i starszych. Korzystne dzia\u0142anie wyst\u0119puje w przypadku spo\u017cywania dziennie 20 \u03bcg witaminy D ze wszystkich \u017ar\u00f3de\u0142.Witaminy D i K pomagaj\u0105 w utrzymaniu zdrowych ko\u015bci. Dodatkowo witamina D przyczynia si\u0119 do prawid\u0142owego wch\u0142aniania wapnia i fosforu oraz utrzymania prawid\u0142owego poziomu wapnia we krwi. Witamina D jest r\u00f3wnie\u017c wa\u017cna dla prawid\u0142owego funkcjonowania uk\u0142adu odporno\u015bciowego i mi\u0119\u015bni. Natomiast witamina K pe\u0142ni rol\u0119 w zachowaniu prawid\u0142owego krzepni\u0119cia krwi.\u00a0                            <\/p>\n<p>Zalecane spo\u017cycieDoro\u015bli powy\u017cej 75 roku \u017cycia: 1 tabletka dziennie po posi\u0142ku, popijaj\u0105c wod\u0105.Sk\u0142adnikiSubstancja wype\u0142niaj\u0105ca: celuloza mikrokrystaliczna, witamina D (cholekalcyferol), substancje przeciwzbrylaj\u0105ce: fosforan diwapniowy, poliwinylopolipirolidon, witamina K (menachinon MK-7), substancja przeciwzbrylaj\u0105ca: sole magnezowe kwas\u00f3w t\u0142uszczowych.                            <\/p>\n<p>***Nie nale\u017cy stosowa\u0107 w przypadku uczulenia na kt\u00f3rykolwiek ze sk\u0142adnik\u00f3w preparatu. Nale\u017cy zachowa\u0107 ostro\u017cno\u015b\u0107 przy stosowaniu pochodnych warfaryny lub aspiryny (leki rozrzedzaj\u0105ce krew) oraz przy sk\u0142onno\u015bci do powstawania zakrzep\u00f3w. Suplementu diety Vigalex D3 + K2 Max nie nale\u017cy przyjmowa\u0107 w przebiegu gru\u017alicy, sarkoidozy, niekt\u00f3rych typ\u00f3w ch\u0142oniak\u00f3w. Nie nale\u017cy przekracza\u0107 zalecanej dziennej porcji. Zr\u00f3wnowa\u017cony spos\u00f3b \u017cywienia i prawid\u0142owy tryb \u017cycia jest wa\u017cny dla funkcjonowania organizmu cz\u0142owieka. Istnieje wiele czynnik\u00f3w ryzyka z\u0142ama\u0144 ko\u015bci u os\u00f3b obojga p\u0142ci w wieku 60 lat i starszych. Zmiana jednego z tych czynnik\u00f3w ryzyka mo\u017ce wywiera\u0107 korzystny wp\u0142yw lub nie wywiera\u0107 go. Suplement diety Biofarm Vigalex D3 + K2 Max nie mo\u017ce by\u0107 stosowany jako substytut (zamiennik) zr\u00f3\u017cnicowanej diety. Przechowywa\u0107 w suchym miejscu, w temperaturze pokojowej do 25\u00b0C, w spos\u00f3b niedost\u0119pny dla ma\u0142ych dzieci.<\/p>\n<h2>Biofarm Vigalex D3 + K2 Max 60 tabl. Biofarm<\/h2>\n<p>prezent na pierwsze urodziny, kalina imi\u0119, quiz konie, trudne zagadki dla doros\u0142ych, cytat z ma\u0142ego ksi\u0119cia o przyja\u017ani, rebusy i krzy\u017c\u00f3wki dla dzieci do druku, zagadki dla 7 latka, opis o rodzinie, opowiadanie o jesieni dla dzieci, cytat z kubusia puchatka o mi\u0142o\u015bci, ewelina, sentencje o rodzinie, wierszyki o marzannie<\/p>\n<p>yyyyy<\/p>\n<p>&nbsp;<\/p>\n","protected":false},"excerpt":{"rendered":"<p>. Biofarm Vigalex D3 + K2 Max 60 tabl.Vigalex D3 + K2 Max to suplement diety w postaci tabletek o wysokiej zawarto\u015bci dw\u00f3ch wa\u017cnych witamin rozpuszczalnych w t\u0142uszczach: witaminy D i witaminy K. Ka\u017cda tabletka pozwala na uzupe\u0142nienie codziennej diety os\u00f3b doros\u0142ych w 4000 IU witaminy D oraz 75 \u00b5g witaminy K2 MK-7.Witamina D pomaga [&hellip;]<\/p>\n","protected":false},"featured_media":7197,"comment_status":"closed","ping_status":"open","template":"","meta":[],"product_cat":[204,187],"product_tag":[691,806,814,760,756],"class_list":["post-7196","product","type-product","status-publish","has-post-thumbnail","hentry","product_cat-biofarm","product_cat-mineraly-i-witaminy","product_tag-gabriel","product_tag-prezent-dla-dziecka-na-roczek","product_tag-prezenty-dla-nastolatek","product_tag-zagadka-matematyczna","product_tag-zaproszenie-na-urodziny-do-druku"],"_links":{"self":[{"href":"http:\/\/klubmamgdynia.pl\/index.php\/wp-json\/wp\/v2\/product\/7196","targetHints":{"allow":["GET"]}}],"collection":[{"href":"http:\/\/klubmamgdynia.pl\/index.php\/wp-json\/wp\/v2\/product"}],"about":[{"href":"http:\/\/klubmamgdynia.pl\/index.php\/wp-json\/wp\/v2\/types\/product"}],"replies":[{"embeddable":true,"href":"http:\/\/klubmamgdynia.pl\/index.php\/wp-json\/wp\/v2\/comments?post=7196"}],"wp:featuredmedia":[{"embeddable":true,"href":"http:\/\/klubmamgdynia.pl\/index.php\/wp-json\/wp\/v2\/media\/7197"}],"wp:attachment":[{"href":"http:\/\/klubmamgdynia.pl\/index.php\/wp-json\/wp\/v2\/media?parent=7196"}],"wp:term":[{"taxonomy":"product_cat","embeddable":true,"href":"http:\/\/klubmamgdynia.pl\/index.php\/wp-json\/wp\/v2\/product_cat?post=7196"},{"taxonomy":"product_tag","embeddable":true,"href":"http:\/\/klubmamgdynia.pl\/index.php\/wp-json\/wp\/v2\/product_tag?post=7196"}],"curies":[{"name":"wp","href":"https:\/\/api.w.org\/{rel}","templated":true}]}}