{"id":7198,"date":"2014-11-09T02:14:48","date_gmt":"2014-11-09T01:14:48","guid":{"rendered":"http:\/\/klubmamgdynia.pl\/index.php\/produkt\/propolis-etanolowy-ekstrakt-10-20-ml\/"},"modified":"2026-04-29T08:13:53","modified_gmt":"2026-04-29T06:13:53","slug":"propolis-etanolowy-ekstrakt-10-20-ml","status":"publish","type":"product","link":"http:\/\/klubmamgdynia.pl\/index.php\/produkt\/propolis-etanolowy-ekstrakt-10-20-ml\/","title":{"rendered":"Propolis Etanolowy Ekstrakt 10% 20 ml"},"content":{"rendered":"<p>Etanolowy ekstrakt propolisu tonizuje i wzmacnia uk\u0142ad pokarmowy. Jest polecany dla os\u00f3b ze sk\u0142onno\u015bci\u0105 do dysfunkcji w obr\u0119bie \u017co\u0142\u0105dka i jelit, w nieprawid\u0142owym od\u017cywianiu, sytuacjach stresowych.<\/p>\n<h2>Propolis Etanolowy Ekstrakt 10% 20 ml Bartpol<\/h2>\n<p>filmy wigilijne dla dzieci, prezenty dla nastolatki, sentencje ma\u0142y ksi\u0105\u017ce cytaty, dziwne zagadki, ci\u0119\u017ckie zagadki, radiowe nuty niech zyja wakacje, prezent dla rocznej dziewczynki, piosenka dla taty przedszkole, mandala kolorowanka, szlaczki do druku, dyplomy dla dzieci do druku, dyplom do druku, quiz dzieci z bullerbyn<\/p>\n<p>yyyyy<\/p>\n<p>&nbsp;<\/p>\n","protected":false},"excerpt":{"rendered":"<p>Etanolowy ekstrakt propolisu tonizuje i wzmacnia uk\u0142ad pokarmowy. Jest polecany dla os\u00f3b ze sk\u0142onno\u015bci\u0105 do dysfunkcji w obr\u0119bie \u017co\u0142\u0105dka i jelit, w nieprawid\u0142owym od\u017cywianiu, sytuacjach stresowych. Propolis Etanolowy Ekstrakt 10% 20 ml Bartpol filmy wigilijne dla dzieci, prezenty dla nastolatki, sentencje ma\u0142y ksi\u0105\u017ce cytaty, dziwne zagadki, ci\u0119\u017ckie zagadki, radiowe nuty niech zyja wakacje, prezent dla [&hellip;]<\/p>\n","protected":false},"featured_media":7199,"comment_status":"closed","ping_status":"open","template":"","meta":[],"product_cat":[1552,198],"product_tag":[662,723,866,625,778,746,805],"class_list":["post-7198","product","type-product","status-publish","has-post-thumbnail","hentry","product_cat-bartpol","product_cat-przeziebienie-i-grypa","product_tag-bajki-na-dobranoc","product_tag-krotkie-bajki-do-czytania-na-dobranoc","product_tag-opis-do-zdjecia-dziecka-na-fb","product_tag-trojmiasto-atrakcje-dla-dzieci","product_tag-zabawki-na-roczek-dla-chlopca","product_tag-zagadki-typu-co-to-jest","product_tag-znaczenie-imienia-alan"],"_links":{"self":[{"href":"http:\/\/klubmamgdynia.pl\/index.php\/wp-json\/wp\/v2\/product\/7198","targetHints":{"allow":["GET"]}}],"collection":[{"href":"http:\/\/klubmamgdynia.pl\/index.php\/wp-json\/wp\/v2\/product"}],"about":[{"href":"http:\/\/klubmamgdynia.pl\/index.php\/wp-json\/wp\/v2\/types\/product"}],"replies":[{"embeddable":true,"href":"http:\/\/klubmamgdynia.pl\/index.php\/wp-json\/wp\/v2\/comments?post=7198"}],"wp:featuredmedia":[{"embeddable":true,"href":"http:\/\/klubmamgdynia.pl\/index.php\/wp-json\/wp\/v2\/media\/7199"}],"wp:attachment":[{"href":"http:\/\/klubmamgdynia.pl\/index.php\/wp-json\/wp\/v2\/media?parent=7198"}],"wp:term":[{"taxonomy":"product_cat","embeddable":true,"href":"http:\/\/klubmamgdynia.pl\/index.php\/wp-json\/wp\/v2\/product_cat?post=7198"},{"taxonomy":"product_tag","embeddable":true,"href":"http:\/\/klubmamgdynia.pl\/index.php\/wp-json\/wp\/v2\/product_tag?post=7198"}],"curies":[{"name":"wp","href":"https:\/\/api.w.org\/{rel}","templated":true}]}}