{"id":72,"date":"2011-09-12T04:20:06","date_gmt":"2011-09-12T02:20:06","guid":{"rendered":"http:\/\/klubmamgdynia.pl\/?post_type=product&#038;p=72"},"modified":"2026-05-17T22:03:10","modified_gmt":"2026-05-17T20:03:10","slug":"epee-the-bellies-rozkoszne-brzuszki-zestaw-ubranek-2w1-owieczka-wilk-27443","status":"publish","type":"product","link":"http:\/\/klubmamgdynia.pl\/index.php\/produkt\/epee-the-bellies-rozkoszne-brzuszki-zestaw-ubranek-2w1-owieczka-wilk-27443\/","title":{"rendered":"Epee The Bellies Rozkoszne brzuszki Zestaw ubranek 2w1 owieczka wilk 27443"},"content":{"rendered":"<p>Zestaw ubranek 2 w 1 owieczka\/wilk BELLIES z serii Rozkoszne brzuszki od firmy EPEE z pewno\u015bci\u0105 ucieszy ka\u017cd\u0105 ma\u0142\u0105 fank\u0119 tych ma\u0142ych istotek. Zestaw zawiera dwustronne bia\u0142o-br\u0105zowe ubranko, dzi\u0119ki kt\u00f3remu dziewczynka b\u0119dzie mog\u0142a przebra\u0107 swoj\u0105 laleczk\u0119 Bellies za owieczk\u0119 lub ma\u0142ego wilczka.Ubieraj, przebieraj i stylizuj lalk\u0119 Bellies. Dwustronne ubranko pozwoli na jeszcze wi\u0119cej mo\u017cliwo\u015bci zabawy. Wystarczy przewr\u00f3ci\u0107 ubranko na druga stron\u0119, a lalka zamieni si\u0119 z owieczki w wilka. Co wybierzesz? Dobierz odpowiedni str\u00f3j do charakteru swojego Bellies i baw si\u0119 w bal przebiera\u0144c\u00f3w!Seria zabawek Bellies &#8211; Rozkoszne brzuszki uczy dzieci odpowiedzialno\u015bci, opieku\u0144czo\u015bci oraz empatii. Dzi\u0119ki zabawie z lalkami maluchy ucz\u0105 si\u0119 prawid\u0142owych zachowa\u0144 spo\u0142ecznych, usamodzielniaj\u0105 si\u0119 i rozwijaj\u0105 swoj\u0105 wyobra\u017ani\u0119. Zabawa lalkami typu bobas przede wszystkim przygotowuje dziecko do roli rodzica.Laleczki The Bellies to nie tylko zabawki, to tak\u017ce bohaterki nowych webisod\u00f3w, kt\u00f3re mo\u017cna \u015bledzi\u0107 na ich kanale Youtube.Poznaj \u015bwiat najbardziej figlarnych i uroczych laleczek na \u015bwiecie. Interaktywne Rozkoszne Brzuszki to wspania\u0142a zabawa dla dzieci i mn\u00f3stwo wra\u017ce\u0144 ka\u017cdego dnia! Pochodz\u0105 z Bellyville, miejsca tak odleg\u0142ego, \u017ce nikt nie wie, gdzie si\u0119 znajduje. To w\u0142a\u015bnie tam spotkasz najsympatyczniejsz\u0105 opiekunk\u0119 Beth, megacool bociana Bo\u0107ka i komputer Belly Tronik, eksperta we wszystkim, co zwi\u0105zane z Bellies. Poznaj wszystkie Rozkoszne Brzuszki! Zbierz je wszystkie!Zawarto\u015b\u0107 opakowania:- 1 dwustronne ubranko owieczka\/wilk sk\u0142adaj\u0105ce si\u0119 z: dwustronnej czapeczki, dwustronnego body.Specyfikacja produktu:Wiek: 3+ latWymiary opakowania: 27 x 22 x 2,5 cm.<\/p>\n<h2>Epee The Bellies Rozkoszne brzuszki Zestaw ubranek 2w1 owieczka wilk 27443 Epee<\/h2>\n<p>szablony papierowe lalki do ubierania do wydruku, b\u0105k ptak, wierszyk o marzannie, nasza zima z\u0142a tekst, roszpunka kolorowanka, zaproszenia urodzinowe do druku, esmeralda, god\u0142o polski do druku, prezent dla 19 latka, zyczenia walentynkowe dla dzieci<\/p>\n<p>yyyyy<\/p>\n<p>&nbsp;<\/p>\n","protected":false},"excerpt":{"rendered":"<p>Zestaw ubranek 2 w 1 owieczka\/wilk BELLIES z serii Rozkoszne brzuszki od firmy EPEE z pewno\u015bci\u0105 ucieszy ka\u017cd\u0105 ma\u0142\u0105 fank\u0119 tych ma\u0142ych istotek. Zestaw zawiera dwustronne bia\u0142o-br\u0105zowe ubranko, dzi\u0119ki kt\u00f3remu dziewczynka b\u0119dzie mog\u0142a przebra\u0107 swoj\u0105 laleczk\u0119 Bellies za owieczk\u0119 lub ma\u0142ego wilczka.Ubieraj, przebieraj i stylizuj lalk\u0119 Bellies. Dwustronne ubranko pozwoli na jeszcze wi\u0119cej mo\u017cliwo\u015bci zabawy. [&hellip;]<\/p>\n","protected":false},"featured_media":73,"comment_status":"closed","ping_status":"open","template":"","meta":[],"product_cat":[49,50],"product_tag":[676,590,822,709,607],"class_list":["post-72","product","type-product","status-publish","has-post-thumbnail","hentry","product_cat-epee","product_cat-ubranka-i-buty-dla-lalek","product_tag-bursztynek","product_tag-plac-zabaw-warszawa","product_tag-wierszyki-o-wakacjach-krotkie","product_tag-zagadki-dla-dzieci-6-7-lat","product_tag-zarty-na-prima-aprilis-dla-rodzicow"],"_links":{"self":[{"href":"http:\/\/klubmamgdynia.pl\/index.php\/wp-json\/wp\/v2\/product\/72","targetHints":{"allow":["GET"]}}],"collection":[{"href":"http:\/\/klubmamgdynia.pl\/index.php\/wp-json\/wp\/v2\/product"}],"about":[{"href":"http:\/\/klubmamgdynia.pl\/index.php\/wp-json\/wp\/v2\/types\/product"}],"replies":[{"embeddable":true,"href":"http:\/\/klubmamgdynia.pl\/index.php\/wp-json\/wp\/v2\/comments?post=72"}],"wp:featuredmedia":[{"embeddable":true,"href":"http:\/\/klubmamgdynia.pl\/index.php\/wp-json\/wp\/v2\/media\/73"}],"wp:attachment":[{"href":"http:\/\/klubmamgdynia.pl\/index.php\/wp-json\/wp\/v2\/media?parent=72"}],"wp:term":[{"taxonomy":"product_cat","embeddable":true,"href":"http:\/\/klubmamgdynia.pl\/index.php\/wp-json\/wp\/v2\/product_cat?post=72"},{"taxonomy":"product_tag","embeddable":true,"href":"http:\/\/klubmamgdynia.pl\/index.php\/wp-json\/wp\/v2\/product_tag?post=72"}],"curies":[{"name":"wp","href":"https:\/\/api.w.org\/{rel}","templated":true}]}}