{"id":7206,"date":"2014-09-03T19:15:48","date_gmt":"2014-09-03T17:15:48","guid":{"rendered":"http:\/\/klubmamgdynia.pl\/index.php\/produkt\/revalid-hair-complex-60kaps\/"},"modified":"2026-04-05T21:57:58","modified_gmt":"2026-04-05T19:57:58","slug":"revalid-hair-complex-60kaps","status":"publish","type":"product","link":"http:\/\/klubmamgdynia.pl\/index.php\/produkt\/revalid-hair-complex-60kaps\/","title":{"rendered":"Revalid Hair Complex 60kaps"},"content":{"rendered":"<p>Revalid\u00ae kapsu\u0142ki bogate w witaminy, minera\u0142y i aminokwasy.Suplement diety wp\u0142ywa korzystnie na tworzenie kreatyny, kt\u00f3ry jest podstawowym sk\u0142adnikiem w\u0142os\u00f3w i paznokci. Stosowany regularnie pomaga w niedoborach sk\u0142adnik\u00f3w takich jak aminokwasy i witaminy oraz wyst\u0119puj\u0105cych wraz z nimi schorzeniami w\u0142os\u00f3w i paznokci. Opakowanie 60 kapsu\u0142ek wystarcza na miesi\u0105c suplementacji. Czym jest Revalid\u00ae kapsu\u0142ki i co zawiera w sk\u0142adzie: Jest to suplement diety z witaminami \u2013 B1, B6, i D3 oraz sk\u0142adnikami mineralnymi \u2013 cynkiem, miedzi\u0105 i \u017celazem, a tak\u017ce z ekstraktami zio\u0142owymi. Zawiera biotyn\u0119, kt\u00f3ra pomaga zachowa\u0107 zdrowe w\u0142osy. Preparat jest odpowiedzi\u0105 na potrzeb\u0119 wsp\u00f3\u0142czesnych konsumentek, kt\u00f3rych marzeniem s\u0105 pi\u0119kne, zdrowe w\u0142osy i paznokcie. Ilo\u015b\u0107 negatywnych sk\u0142adnik\u00f3w ze \u015brodowiska, smogu, ale tak\u017ce wynikaj\u0105cych ze z\u0142ej diety i stylu \u017cycia jest przeogromna. Nie ka\u017cda z kobiet wie, \u017ce styl \u017cycia bardzo wp\u0142ywa na kondycj\u0119 sk\u00f3ry, w\u0142os\u00f3w, paznokci i ca\u0142ego organizmu. Przez ca\u0142y rok wra\u017cliwe d\u0142onie i sk\u00f3ra g\u0142owy jest nara\u017cona. Sk\u0142ad preparatu Revalid\u00ae Preparat ma w sk\u0142adzie witaminy z grupy B, aminokwasy siarczkowe, mikroelementy, dro\u017cd\u017ce oraz wyci\u0105gi ze zb\u00f3\u017c, kt\u00f3re s\u0105 sk\u0142adnikami naturalnie obecnymi w po\u017cywieniu.                            <\/p>\n<p>            Dawkowanie<\/p>\n<p>Najlepiej podczas lub po posi\u0142ku z dostateczn\u0105 ilo\u015bci\u0105 p\u0142ynu. Zaleca si\u0119 przyjmowanie przez okres 3 miesi\u0119cy.                            <\/p>\n<p>            Sk\u0142ad<\/p>\n<p>Substancja wype\u0142niaj\u0105ca \u2013 hydroksymetylopropyloceluloza, DL-metionina, D-pantotenian wapnia, wyci\u0105g z kie\u0142k\u00f3w pszenicy, wyci\u0105g z prosa, L-cystyna, dro\u017cd\u017ce piwne, kwas para-aminobenzoesowy (PABA), glukonian \u017celaza (II), glukonian cynku, chlorowodorek pirydoksyny, substancja przeciwzbrylaj\u0105ca \u2013 sole magnezowe kwas\u00f3w t\u0142uszczowych, glukonian miedzi (II), chlorowodorek tiaminy, D-biotyna, cholekalcyferol.                            <\/p>\n<p>            Informacje dla pacjenta<\/p>\n<p>Suplement diety (\u015brodek spo\u017cywczy) nie mo\u017ce by\u0107 stosowany jako substytut zr\u00f3\u017cnicowanej diety.Celem suplementu diety jest uzupe\u0142nienie normalnej diety.Dodatkowe informacje o produkcie znajduj\u0105 si\u0119 w ulotce za\u0142\u0105czonej do produktu b\u0105d\u017a na jego opakowaniu.<\/p>\n<h2>Revalid Hair Complex 60kaps EWOPHARMA<\/h2>\n<p>ja\u015bmina imi\u0119, wz\u00f3r drzewo genealogiczne szablon do wydruku, bajki do czytania dla 6 latka, quiz o tajemniczym ogrodzie, bajka o smoku wawelskim, ba\u015bniowe imiona \u017ce\u0144skie, prezent na \u015bwi\u0119ta dla nastolatka, quizy i zagadki wielkanocne, miko\u0142ajek test z lektury, pewna \u017caba by\u0142a s\u0142aba, ka\u0142u\u017cy\u015bci, jak narysowa\u0107 konia, hejka tu lenka quizy, imi\u0119 pola<\/p>\n<p>yyyyy<\/p>\n<p>&nbsp;<\/p>\n","protected":false},"excerpt":{"rendered":"<p>Revalid\u00ae kapsu\u0142ki bogate w witaminy, minera\u0142y i aminokwasy.Suplement diety wp\u0142ywa korzystnie na tworzenie kreatyny, kt\u00f3ry jest podstawowym sk\u0142adnikiem w\u0142os\u00f3w i paznokci. Stosowany regularnie pomaga w niedoborach sk\u0142adnik\u00f3w takich jak aminokwasy i witaminy oraz wyst\u0119puj\u0105cych wraz z nimi schorzeniami w\u0142os\u00f3w i paznokci. Opakowanie 60 kapsu\u0142ek wystarcza na miesi\u0105c suplementacji. Czym jest Revalid\u00ae kapsu\u0142ki i co zawiera [&hellip;]<\/p>\n","protected":false},"featured_media":7207,"comment_status":"closed","ping_status":"open","template":"","meta":[],"product_cat":[1555,187],"product_tag":[740,828,653],"class_list":["post-7206","product","type-product","status-publish","has-post-thumbnail","hentry","product_cat-ewopharma","product_cat-mineraly-i-witaminy","product_tag-fajne-prezenty-dla-nastolatkow","product_tag-filmy-wigilijne-dla-dzieci","product_tag-warszawa-dla-dzieci"],"_links":{"self":[{"href":"http:\/\/klubmamgdynia.pl\/index.php\/wp-json\/wp\/v2\/product\/7206","targetHints":{"allow":["GET"]}}],"collection":[{"href":"http:\/\/klubmamgdynia.pl\/index.php\/wp-json\/wp\/v2\/product"}],"about":[{"href":"http:\/\/klubmamgdynia.pl\/index.php\/wp-json\/wp\/v2\/types\/product"}],"replies":[{"embeddable":true,"href":"http:\/\/klubmamgdynia.pl\/index.php\/wp-json\/wp\/v2\/comments?post=7206"}],"wp:featuredmedia":[{"embeddable":true,"href":"http:\/\/klubmamgdynia.pl\/index.php\/wp-json\/wp\/v2\/media\/7207"}],"wp:attachment":[{"href":"http:\/\/klubmamgdynia.pl\/index.php\/wp-json\/wp\/v2\/media?parent=7206"}],"wp:term":[{"taxonomy":"product_cat","embeddable":true,"href":"http:\/\/klubmamgdynia.pl\/index.php\/wp-json\/wp\/v2\/product_cat?post=7206"},{"taxonomy":"product_tag","embeddable":true,"href":"http:\/\/klubmamgdynia.pl\/index.php\/wp-json\/wp\/v2\/product_tag?post=7206"}],"curies":[{"name":"wp","href":"https:\/\/api.w.org\/{rel}","templated":true}]}}