{"id":7212,"date":"2013-12-08T13:09:13","date_gmt":"2013-12-08T12:09:13","guid":{"rendered":"http:\/\/klubmamgdynia.pl\/index.php\/produkt\/xylometazolin-wzf-0-05-krople-do-nosa-10ml\/"},"modified":"2026-04-06T17:51:14","modified_gmt":"2026-04-06T15:51:14","slug":"xylometazolin-wzf-0-05-krople-do-nosa-10ml","status":"publish","type":"product","link":"http:\/\/klubmamgdynia.pl\/index.php\/produkt\/xylometazolin-wzf-0-05-krople-do-nosa-10ml\/","title":{"rendered":"Xylometazolin WZF 0.05% krople do nosa 10ml"},"content":{"rendered":"<p>Stosowany w leczeniu pomocniczym ostrego nie\u017cytu nosa pochodzenia wirusowego lub bakteryjnego, ostrego lub przewlek\u0142ego zaostrzaj\u0105cego si\u0119 zapalenia zatok przynosowych, alergicznego nie\u017cytu b\u0142ony \u015bluzowej nosa, ostrego zapalenia ucha \u015brodkowego (w celu udro\u017cnienia tr\u0105bki s\u0142uchowej).Dzia\u0142anieLeczenie pomocnicze ostrego nie\u017cytu nosa pochodzenia wirusowego lub bakteryjnego, ostrego lub przewlek\u0142ego zaostrzaj\u0105cego si\u0119 zapalenia zatok przynosowych, alergicznego nie\u017cytu b\u0142ony \u015bluzowej nosa, ostrego zapalenia ucha \u015brodkowego (w celu udro\u017cnienia tr\u0105bki s\u0142uchowej).                            <\/p>\n<p>            Dawkowanie<\/p>\n<p>Roztw\u00f3r 0,05%. Dzieci 2.\u201312. roku \u017cycia 2\u20133 krople do ka\u017cdego otworu nosowego co 8\u201310 h. Roztw\u00f3r 0,1%. Doro\u015bli i dzieci po 12. roku \u017cycia. 2\u20133 krople do ka\u017cdego otworu nosowego co 8\u201310 h. Leczenie zwykle nie powinno trwa\u0107 d\u0142u\u017cej ni\u017c 3\u20135 dni.                            <\/p>\n<p>            Sk\u0142ad<\/p>\n<p>1ml zawiera: ksylometazolny chlorowodorek 0,5mg\/g oraz substancje pomocnicze: disodu fosforan dwunastowodny, sodu diwodofosforan jednowodny, sodu chlorek, sorbitol, disodu edetynian, benzalkoniowy chlorek, roztw\u00f3r; woda oczyszczona.<\/p>\n<h2>Xylometazolin WZF 0.05% krople do nosa 10ml ZF Polpharma S.A.<\/h2>\n<p>iwo imi\u0119, piosenki dla dzieci tekst, zaj\u0105czek z jajka ugotowanego, ignacy znaczenie imienia<\/p>\n<p>yyyyy<\/p>\n<p>&nbsp;<\/p>\n","protected":false},"excerpt":{"rendered":"<p>Stosowany w leczeniu pomocniczym ostrego nie\u017cytu nosa pochodzenia wirusowego lub bakteryjnego, ostrego lub przewlek\u0142ego zaostrzaj\u0105cego si\u0119 zapalenia zatok przynosowych, alergicznego nie\u017cytu b\u0142ony \u015bluzowej nosa, ostrego zapalenia ucha \u015brodkowego (w celu udro\u017cnienia tr\u0105bki s\u0142uchowej).Dzia\u0142anieLeczenie pomocnicze ostrego nie\u017cytu nosa pochodzenia wirusowego lub bakteryjnego, ostrego lub przewlek\u0142ego zaostrzaj\u0105cego si\u0119 zapalenia zatok przynosowych, alergicznego nie\u017cytu b\u0142ony \u015bluzowej nosa, ostrego [&hellip;]<\/p>\n","protected":false},"featured_media":7213,"comment_status":"closed","ping_status":"open","template":"","meta":[],"product_cat":[198,199],"product_tag":[650,673,591,672],"class_list":["post-7212","product","type-product","status-publish","has-post-thumbnail","hentry","product_cat-przeziebienie-i-grypa","product_cat-zf-polpharma-s-a","product_tag-choinka-z-bibuly","product_tag-juz-blisko-koleda-tekst","product_tag-quiz-o-minecraft","product_tag-trudne-zagadki-z-odpowiedziami"],"_links":{"self":[{"href":"http:\/\/klubmamgdynia.pl\/index.php\/wp-json\/wp\/v2\/product\/7212","targetHints":{"allow":["GET"]}}],"collection":[{"href":"http:\/\/klubmamgdynia.pl\/index.php\/wp-json\/wp\/v2\/product"}],"about":[{"href":"http:\/\/klubmamgdynia.pl\/index.php\/wp-json\/wp\/v2\/types\/product"}],"replies":[{"embeddable":true,"href":"http:\/\/klubmamgdynia.pl\/index.php\/wp-json\/wp\/v2\/comments?post=7212"}],"wp:featuredmedia":[{"embeddable":true,"href":"http:\/\/klubmamgdynia.pl\/index.php\/wp-json\/wp\/v2\/media\/7213"}],"wp:attachment":[{"href":"http:\/\/klubmamgdynia.pl\/index.php\/wp-json\/wp\/v2\/media?parent=7212"}],"wp:term":[{"taxonomy":"product_cat","embeddable":true,"href":"http:\/\/klubmamgdynia.pl\/index.php\/wp-json\/wp\/v2\/product_cat?post=7212"},{"taxonomy":"product_tag","embeddable":true,"href":"http:\/\/klubmamgdynia.pl\/index.php\/wp-json\/wp\/v2\/product_tag?post=7212"}],"curies":[{"name":"wp","href":"https:\/\/api.w.org\/{rel}","templated":true}]}}